{"id":19542,"date":"2025-03-15T13:00:51","date_gmt":"2025-03-15T13:00:51","guid":{"rendered":"https:\/\/emekkablo.com\/?page_id=19542"},"modified":"2025-11-28T14:46:00","modified_gmt":"2025-11-28T11:46:00","slug":"data-kablolari","status":"publish","type":"page","link":"https:\/\/emekkablo.com\/en\/data-kablolari\/","title":{"rendered":"Data Cables"},"content":{"rendered":"<div data-elementor-type=\"wp-page\" data-elementor-id=\"19542\" class=\"elementor elementor-19542\" data-elementor-post-type=\"page\">\n\t\t\t\t        <section class=\"elementor-section elementor-top-section elementor-element elementor-element-69a07b6 elementor-section-full_width elementor-section-stretched pxl-full-content-with-space-start elementor-section-height-default elementor-section-height-default pxl-row-scroll-none pxl-zoom-point-false pxl-section-overflow-visible pxl-section-fix-none pxl-bg-color-none pxl-section-overlay-none\" data-id=\"69a07b6\" data-element_type=\"section\" data-settings=\"{&quot;stretch_section&quot;:&quot;section-stretched&quot;,&quot;background_background&quot;:&quot;classic&quot;}\" style=\"padding-left: calc( (100% - 1650px)\/2);\">\n\n                \n                <div class=\"elementor-container elementor-column-gap-extended\">\n                <div class=\"elementor-column elementor-col-50 elementor-top-column elementor-element elementor-element-3358a14 pxl-column-none pxl-column-overflow-hidden-no\" data-id=\"3358a14\" data-element_type=\"column\" data-settings=\"{&quot;background_background&quot;:&quot;classic&quot;}\">\r\n        <div class=\"elementor-widget-wrap elementor-element-populated\">\r\n                     \r\n        \t\t<div class=\"elementor-element elementor-element-d3d1cb1 elementor-widget elementor-widget-pxl_heading\" data-id=\"d3d1cb1\" data-element_type=\"widget\" data-widget_type=\"pxl_heading.default\">\n\t\t\t\t<div class=\"elementor-widget-container\">\n\t\t\t\t\t\n<div id=\"pxl-pxl_heading-d3d1cb1-3511\" class=\"pxl-heading px-sub-title-default-style\">\n\t<div class=\"pxl-heading--inner\">\n\t\t\t\t\t<div class=\"pxl-item--subtitle px-sub-title-default\" data-wow-delay=\"ms\">\n\t\t\t\t<span class=\"pxl-item--subtext\">\n\t\t\t\t\t\t\t\t\t\tEMEK CABLE\t\t\t\t<\/span>\n\t\t\t<\/div>\n\t\t\n\t\t\t<h3 class=\"pxl-item--title style-default highlight-default\" data-wow-delay=\"ms\">\n\t\t\t\t\t\t\tData Cables\t\n\t\t\t\t\n\t\t<\/h3>\n\t<\/div>\n<\/div> \t\t\t\t<\/div>\n\t\t\t\t<\/div>\n\t\t\t\t<div class=\"elementor-element elementor-element-4a31bd4 elementor-widget elementor-widget-spacer\" data-id=\"4a31bd4\" data-element_type=\"widget\" data-widget_type=\"spacer.default\">\n\t\t\t\t<div class=\"elementor-widget-container\">\n\t\t\t\t\t\t\t<div class=\"elementor-spacer\">\n\t\t\t<div class=\"elementor-spacer-inner\"><\/div>\n\t\t<\/div>\n\t\t\t\t\t\t<\/div>\n\t\t\t\t<\/div>\n\t\t            <\/div>\r\n        <\/div>\r\n                <div class=\"elementor-column elementor-col-50 elementor-top-column elementor-element elementor-element-c0403d0 pxl-column-none pxl-column-overflow-hidden-no\" data-id=\"c0403d0\" data-element_type=\"column\" data-settings=\"{&quot;background_background&quot;:&quot;classic&quot;}\">\r\n        <div class=\"elementor-widget-wrap elementor-element-populated\">\r\n                     \r\n        \t\t<div class=\"elementor-element elementor-element-2ae1ecf elementor-widget elementor-widget-spacer\" data-id=\"2ae1ecf\" data-element_type=\"widget\" data-widget_type=\"spacer.default\">\n\t\t\t\t<div class=\"elementor-widget-container\">\n\t\t\t\t\t\t\t<div class=\"elementor-spacer\">\n\t\t\t<div class=\"elementor-spacer-inner\"><\/div>\n\t\t<\/div>\n\t\t\t\t\t\t<\/div>\n\t\t\t\t<\/div>\n\t\t            <\/div>\r\n        <\/div>\r\n        \t\t\t<\/div>\n\t\t<\/section>\n\t\t        <section class=\"elementor-section elementor-top-section elementor-element elementor-element-55549aa elementor-section-boxed elementor-section-height-default elementor-section-height-default pxl-row-scroll-none pxl-zoom-point-false pxl-section-overflow-visible pxl-section-fix-none pxl-bg-color-none pxl-section-overlay-none\" data-id=\"55549aa\" data-element_type=\"section\">\n\n                \n                <div class=\"elementor-container elementor-column-gap-default\">\n                <div class=\"elementor-column elementor-col-100 elementor-top-column elementor-element elementor-element-bc0f416 pxl-column-none pxl-column-overflow-hidden-no\" data-id=\"bc0f416\" data-element_type=\"column\">\r\n        <div class=\"elementor-widget-wrap elementor-element-populated\">\r\n                     \r\n        \t\t<div class=\"elementor-element elementor-element-661d6ce elementor-widget elementor-widget-spacer\" data-id=\"661d6ce\" data-element_type=\"widget\" data-widget_type=\"spacer.default\">\n\t\t\t\t<div class=\"elementor-widget-container\">\n\t\t\t\t\t\t\t<div class=\"elementor-spacer\">\n\t\t\t<div class=\"elementor-spacer-inner\"><\/div>\n\t\t<\/div>\n\t\t\t\t\t\t<\/div>\n\t\t\t\t<\/div>\n\t\t\t\t<div class=\"elementor-element elementor-element-7612d2e sa-icon-direction-left elementor-widget elementor-widget-sky-advanced-accordion\" data-id=\"7612d2e\" data-element_type=\"widget\" data-widget_type=\"sky-advanced-accordion.default\">\n\t\t\t\t<div class=\"elementor-widget-container\">\n\t\t\t\t\t\n\t\t<div id=\"sa-advanced-acc-7612d2e\" class=\"sa-advanced-accordion\" data-settings=\"{&quot;id&quot;:&quot;sa-advanced-acc-7612d2e&quot;,&quot;duration&quot;:1000,&quot;collapse&quot;:true,&quot;showMultiple&quot;:false,&quot;openOnInit&quot;:[0,1,2,3,4,5,6,7,8]}\">\n\n\t\t\t\n\t\t\t\t<div class=\"sa-ac-item\">\n\t\t\t\t\t<div class=\"sa-ac-trigger\">\n\n\t\t\t\t\t\t<div class=\"sa-title-wrapper\">\n\t\t\t\t\t\t\t\t\t\t\t\t\t\t<h2 class=\"sa--title sa--text-title sa-ac-title sa-m-0 sa-p-0\"> Data Cables <\/h2>\t\t\t\t\t\t<\/div>\n\t\t\t\t\t\t<span class=\"sa-trigger-icon sa-icon-wrapper sa-ac-icon-left\">\n\t\t\t\t\t\t\t<span class=\"sa-ac-icon-closed sa-icon-wrap\">\n\t\t\t\t\t\t\t\t\t\t\t\t\t\t\t<\/span>\n\t\t\t\t\t\t\t<span class=\"sa-ac-icon-opened sa-icon-wrap\">\n\t\t\t\t\t\t\t\t\t\t\t\t\t\t\t<\/span>\n\t\t\t\t\t\t<\/span>\n\t\t\t\t\t<\/div>\n\t\t\t\t\t<div class=\"sa-ac-panel\">\n\t\t\t\t\t\t<div class=\"sa-ac-content\">\n\t\t\t\t\t\t\t<p><div class=\"woocommerce\"><\/div><table id=\"wcpt_f4d9a48c060e7ccf_1\" class=\"wc-product-table woocommerce  hide-header  multicart-enabled theme-default\" width=\"100%\" data-config=\"{&quot;pageLength&quot;:50,&quot;pagingType&quot;:&quot;numbers&quot;,&quot;serverSide&quot;:false,&quot;autoWidth&quot;:true,&quot;clickFilter&quot;:&quot;false&quot;,&quot;scrollOffset&quot;:0,&quot;resetButton&quot;:false,&quot;multiAddToCart&quot;:false,&quot;multiCartLocation&quot;:&quot;top&quot;,&quot;variations&quot;:false,&quot;ajaxCart&quot;:false,&quot;numOrder&quot;:false,&quot;stickyHeader&quot;:false,&quot;lengthMenu&quot;:[[10,25,50,100,-1],[10,25,50,100,&quot;All&quot;]],&quot;columnDefs&quot;:[{&quot;className&quot;:&quot;col-button&quot;,&quot;targets&quot;:0,&quot;type&quot;:&quot;html&quot;},{&quot;className&quot;:&quot;col-name&quot;,&quot;targets&quot;:1,&quot;type&quot;:&quot;html&quot;}],&quot;responsive&quot;:{&quot;details&quot;:{&quot;display&quot;:&quot;child_row&quot;}},&quot;search&quot;:{&quot;search&quot;:&quot;&quot;},&quot;dom&quot;:&quot;&lt;\\&quot;wc-product-table-wrapper graviton wpt-styling-theme\\&quot;&lt;\\&quot;wc-product-table-controls wc-product-table-above\\&quot;&gt;t&lt;\\&quot;wc-product-table-controls wc-product-table-below\\&quot;i&gt;&gt;&quot;}\" data-filters=\"false\" data-order=\"[]\"><thead><tr><th class=\"all\" data-name=\"button\" data-orderable=\"false\" data-searchable=\"true\" data-width=\"32px\" data-priority=\"5\"><\/th><th data-name=\"name\" data-orderable=\"true\" data-searchable=\"true\" data-priority=\"1\"><\/th><\/tr><\/thead><tbody><tr id=\"product-row-18136\" class=\"product product-row product-18136 instock product-type-grouped not-purchasable\"><td><a href=\"https:\/\/emekkablo.com\/en\/product\/cat5-u-utp\/\" class=\"product-details-button button btn single-product-link\" data-product_id=\"18136\">\u2192<\/a><\/td><td><a href=\"https:\/\/emekkablo.com\/en\/product\/cat5-u-utp\/\" class=\"single-product-link\" data-product_id=\"18136\">CAT5 U\/UTP<\/a><\/td><\/tr><tr id=\"product-row-18139\" class=\"product product-row product-18139 instock product-type-grouped not-purchasable\"><td><a href=\"https:\/\/emekkablo.com\/en\/product\/cat5-u-ftp\/\" class=\"product-details-button button btn single-product-link\" data-product_id=\"18139\">\u2192<\/a><\/td><td><a href=\"https:\/\/emekkablo.com\/en\/product\/cat5-u-ftp\/\" class=\"single-product-link\" data-product_id=\"18139\">CAT5 F\/UTP<\/a><\/td><\/tr><tr id=\"product-row-18142\" class=\"product product-row product-18142 instock product-type-grouped not-purchasable\"><td><a href=\"https:\/\/emekkablo.com\/en\/product\/cat6-u-utp\/\" class=\"product-details-button button btn single-product-link\" data-product_id=\"18142\">\u2192<\/a><\/td><td><a href=\"https:\/\/emekkablo.com\/en\/product\/cat6-u-utp\/\" class=\"single-product-link\" data-product_id=\"18142\">CAT6 U\/UTP 250MHz<\/a><\/td><\/tr><tr id=\"product-row-18146\" class=\"product product-row product-18146 instock product-type-grouped not-purchasable\"><td><a href=\"https:\/\/emekkablo.com\/en\/product\/cat6a-u-ftp-500-mhz\/\" class=\"product-details-button button btn single-product-link\" data-product_id=\"18146\">\u2192<\/a><\/td><td><a href=\"https:\/\/emekkablo.com\/en\/product\/cat6a-u-ftp-500-mhz\/\" class=\"single-product-link\" data-product_id=\"18146\">CAT6A U\/FTP 500Mhz<\/a><\/td><\/tr><tr id=\"product-row-18660\" class=\"product product-row product-18660 instock product-type-grouped not-purchasable\"><td><a href=\"https:\/\/emekkablo.com\/en\/product\/cat6a-f-utp-500-mhz\/\" class=\"product-details-button button btn single-product-link\" data-product_id=\"18660\">\u2192<\/a><\/td><td><a href=\"https:\/\/emekkablo.com\/en\/product\/cat6a-f-utp-500-mhz\/\" class=\"single-product-link\" data-product_id=\"18660\">CAT6A F\/UTP 500Mhz<\/a><\/td><\/tr><tr id=\"product-row-18641\" class=\"product product-row product-18641 instock product-type-grouped not-purchasable\"><td><a href=\"https:\/\/emekkablo.com\/en\/product\/cat-6a-f-ftp\/\" class=\"product-details-button button btn single-product-link\" data-product_id=\"18641\">\u2192<\/a><\/td><td><a href=\"https:\/\/emekkablo.com\/en\/product\/cat-6a-f-ftp\/\" class=\"single-product-link\" data-product_id=\"18641\">CAT6A F\/FTP 500Mhz<\/a><\/td><\/tr><tr id=\"product-row-18664\" class=\"product product-row product-18664 instock product-type-grouped not-purchasable\"><td><a href=\"https:\/\/emekkablo.com\/en\/product\/cat7-s-ftp\/\" class=\"product-details-button button btn single-product-link\" data-product_id=\"18664\">\u2192<\/a><\/td><td><a href=\"https:\/\/emekkablo.com\/en\/product\/cat7-s-ftp\/\" class=\"single-product-link\" data-product_id=\"18664\">CAT7 S\/FTP 600Mhz<\/a><\/td><\/tr><tr id=\"product-row-18151\" class=\"product product-row product-18151 instock product-type-grouped not-purchasable\"><td><a href=\"https:\/\/emekkablo.com\/en\/product\/li-2y-st-cy-tp\/\" class=\"product-details-button button btn single-product-link\" data-product_id=\"18151\">\u2192<\/a><\/td><td><a href=\"https:\/\/emekkablo.com\/en\/product\/li-2y-st-cy-tp\/\" class=\"single-product-link\" data-product_id=\"18151\">Li-2Y(St)CY TP<\/a><\/td><\/tr><tr id=\"product-row-19998\" class=\"product product-row product-19998 instock product-type-grouped not-purchasable\"><td><a href=\"https:\/\/emekkablo.com\/en\/product\/li-2ystch-tp\/\" class=\"product-details-button button btn single-product-link\" data-product_id=\"19998\">\u2192<\/a><\/td><td><a href=\"https:\/\/emekkablo.com\/en\/product\/li-2ystch-tp\/\" class=\"single-product-link\" data-product_id=\"19998\">Li-2Y(St)CH TP<\/a><\/td><\/tr><\/tbody><\/table><\/p>\t\t\t\t\t\t<\/div>\n\t\t\t\t\t<\/div>\n\t\t\t\t<\/div>\n\n\t\t\t\n\t\t<\/div>\n\n\t\t\t\t\t\t<\/div>\n\t\t\t\t<\/div>\n\t\t            <\/div>\r\n        <\/div>\r\n        \t\t\t<\/div>\n\t\t<\/section>\n\t\t        <section class=\"elementor-section elementor-top-section elementor-element elementor-element-efd1311 elementor-section-stretched elementor-section-full_width elementor-section-height-default elementor-section-height-default pxl-row-scroll-none pxl-zoom-point-false pxl-section-overflow-visible pxl-section-fix-none pxl-full-content-with-space-none pxl-bg-color-none pxl-section-overlay-none\" data-id=\"efd1311\" data-element_type=\"section\" data-settings=\"{&quot;stretch_section&quot;:&quot;section-stretched&quot;,&quot;background_background&quot;:&quot;classic&quot;}\">\n\n                \n                <div class=\"elementor-container elementor-column-gap-extended\">\n                <div class=\"elementor-column elementor-col-100 elementor-top-column elementor-element elementor-element-db07db6 pxl-column-none pxl-column-overflow-hidden-no\" data-id=\"db07db6\" data-element_type=\"column\">\r\n        <div class=\"elementor-widget-wrap elementor-element-populated\">\r\n                     \r\n                <section class=\"elementor-section elementor-inner-section elementor-element elementor-element-64dbce6 elementor-section-boxed elementor-section-height-default elementor-section-height-default pxl-row-scroll-none pxl-zoom-point-false pxl-section-overflow-visible pxl-section-fix-none pxl-bg-color-none pxl-section-overlay-none\" data-id=\"64dbce6\" data-element_type=\"section\">\n\n                \n                <div class=\"elementor-container elementor-column-gap-default\">\n                <div class=\"elementor-column elementor-col-100 elementor-inner-column elementor-element elementor-element-380488c pxl-column-none pxl-column-overflow-hidden-no\" data-id=\"380488c\" data-element_type=\"column\">\r\n        <div class=\"elementor-widget-wrap elementor-element-populated\">\r\n                     \r\n        \t\t<div class=\"elementor-element elementor-element-e90dbdd elementor-widget elementor-widget-pxl_heading\" data-id=\"e90dbdd\" data-element_type=\"widget\" data-widget_type=\"pxl_heading.default\">\n\t\t\t\t<div class=\"elementor-widget-container\">\n\t\t\t\t\t\n<div id=\"pxl-pxl_heading-e90dbdd-9098\" class=\"pxl-heading px-sub-title-dot-2-style\">\n\t<div class=\"pxl-heading--inner\">\n\t\t\t\t\t<div class=\"pxl-item--subtitle px-sub-title-dot-2\" data-wow-delay=\"ms\">\n\t\t\t\t<span class=\"pxl-item--subtext\">\n\t\t\t\t\t\t\t\t\t\tEmek Cable\t\t\t\t<\/span>\n\t\t\t<\/div>\n\t\t\n\t\t\t<h3 class=\"pxl-item--title style-default highlight-default\" data-wow-delay=\"ms\">\n\t\t\t\t\t\t\tEmek Cable makes life easier\t\n\t\t\t\t\n\t\t<\/h3>\n\t<\/div>\n<\/div> \t\t\t\t<\/div>\n\t\t\t\t<\/div>\n\t\t\t\t<div class=\"elementor-element elementor-element-b343966 elementor-widget elementor-widget-pxl_text_editor\" data-id=\"b343966\" data-element_type=\"widget\" data-widget_type=\"pxl_text_editor.default\">\n\t\t\t\t<div class=\"elementor-widget-container\">\n\t\t\t\t\t<div class=\"pxl-text-editor\">\n\t<div class=\"pxl-item--inner\" data-wow-delay=\"ms\">\n\t\t<p><strong data-start=\"158\" data-end=\"172\">Emek Cable<\/strong> As , we make life easier and build a reliable and sustainable future with the innovative and high-quality cable solutions we develop.<\/p>\t\t\n\t<\/div>\n<\/div>\t\t\t\t<\/div>\n\t\t\t\t<\/div>\n\t\t            <\/div>\r\n        <\/div>\r\n        \t\t\t<\/div>\n\t\t<\/section>\n\t\t            <\/div>\r\n        <\/div>\r\n        \t\t\t<\/div>\n\t\t<\/section>\n\t\t        <section class=\"elementor-section elementor-top-section elementor-element elementor-element-299a2a8 elementor-section-boxed elementor-section-height-default elementor-section-height-default pxl-row-scroll-none pxl-zoom-point-false pxl-section-overflow-visible pxl-section-fix-none pxl-bg-color-none pxl-section-overlay-none\" data-id=\"299a2a8\" data-element_type=\"section\">\n\n                \n                <div class=\"elementor-container elementor-column-gap-default\">\n                <div class=\"elementor-column elementor-col-100 elementor-top-column elementor-element elementor-element-9e69ba6 pxl-column-none pxl-column-overflow-hidden-no\" data-id=\"9e69ba6\" data-element_type=\"column\">\r\n        <div class=\"elementor-widget-wrap\">\r\n                     \r\n                    <\/div>\r\n        <\/div>\r\n        \t\t\t<\/div>\n\t\t<\/section>\n\t\t\t\t<\/div>","protected":false},"excerpt":{"rendered":"<p>EMEK KABLO Data Kablolar\u0131 Data Kablolar\u0131 &rarr; CAT5 U\/UTP &rarr; CAT5 F\/UTP &rarr; CAT6 U\/UTP 250 MHz &rarr; CAT6A U\/FTP 500 Mhz &rarr; CAT6A F\/UTP 500 Mhz &rarr; CAT6A F\/FTP 500 Mhz &rarr; CAT7 S\/FTP 600 Mhz &rarr; Li-2Y(St)CY TP &rarr; Li-2Y(St)CH TP Emek Kablo Emek Kablo hayat\u0131 kolayla\u015ft\u0131r\u0131r Emek Kablo olarak, geli\u015ftirdi\u011fimiz yenilik\u00e7i ve [&hellip;]<\/p>","protected":false},"author":1,"featured_media":18347,"parent":0,"menu_order":0,"comment_status":"closed","ping_status":"closed","template":"","meta":{"_joinchat":[],"footnotes":""},"class_list":["post-19542","page","type-page","status-publish","has-post-thumbnail","hentry"],"_links":{"self":[{"href":"https:\/\/emekkablo.com\/en\/wp-json\/wp\/v2\/pages\/19542","targetHints":{"allow":["GET"]}}],"collection":[{"href":"https:\/\/emekkablo.com\/en\/wp-json\/wp\/v2\/pages"}],"about":[{"href":"https:\/\/emekkablo.com\/en\/wp-json\/wp\/v2\/types\/page"}],"author":[{"embeddable":true,"href":"https:\/\/emekkablo.com\/en\/wp-json\/wp\/v2\/users\/1"}],"replies":[{"embeddable":true,"href":"https:\/\/emekkablo.com\/en\/wp-json\/wp\/v2\/comments?post=19542"}],"version-history":[{"count":3,"href":"https:\/\/emekkablo.com\/en\/wp-json\/wp\/v2\/pages\/19542\/revisions"}],"predecessor-version":[{"id":22797,"href":"https:\/\/emekkablo.com\/en\/wp-json\/wp\/v2\/pages\/19542\/revisions\/22797"}],"wp:featuredmedia":[{"embeddable":true,"href":"https:\/\/emekkablo.com\/en\/wp-json\/wp\/v2\/media\/18347"}],"wp:attachment":[{"href":"https:\/\/emekkablo.com\/en\/wp-json\/wp\/v2\/media?parent=19542"}],"curies":[{"name":"wp","href":"https:\/\/api.w.org\/{rel}","templated":true}]}}