{"id":31,"date":"2023-11-27T09:11:05","date_gmt":"2023-11-27T09:11:05","guid":{"rendered":"https:\/\/demo.bravisthemes.com\/graviton\/?page_id=31"},"modified":"2025-08-09T18:42:24","modified_gmt":"2025-08-09T15:42:24","slug":"vizyon-misyon","status":"publish","type":"page","link":"https:\/\/emekkablo.com\/en\/vizyon-misyon\/","title":{"rendered":"Our Vision &amp; Mission"},"content":{"rendered":"<div data-elementor-type=\"wp-page\" data-elementor-id=\"31\" class=\"elementor elementor-31\" data-elementor-post-type=\"page\">\n\t\t\t\t        <section class=\"elementor-section elementor-top-section elementor-element elementor-element-ae95c47 elementor-section-full_width elementor-section-stretched pxl-full-content-with-space-start elementor-section-height-default elementor-section-height-default pxl-row-scroll-none pxl-zoom-point-false pxl-section-overflow-visible pxl-section-fix-none pxl-bg-color-none pxl-section-overlay-none\" data-id=\"ae95c47\" data-element_type=\"section\" data-settings=\"{&quot;stretch_section&quot;:&quot;section-stretched&quot;,&quot;background_background&quot;:&quot;classic&quot;}\" style=\"padding-left: calc( (100% - 1650px)\/2);\">\n\n                \n                <div class=\"elementor-container elementor-column-gap-extended\">\n                <div class=\"elementor-column elementor-col-50 elementor-top-column elementor-element elementor-element-5f23209 pxl-column-none pxl-column-overflow-hidden-no\" data-id=\"5f23209\" data-element_type=\"column\" data-settings=\"{&quot;background_background&quot;:&quot;classic&quot;}\">\r\n        <div class=\"elementor-widget-wrap elementor-element-populated\">\r\n                     \r\n        \t\t<div class=\"elementor-element elementor-element-553dbfc elementor-widget elementor-widget-spacer\" data-id=\"553dbfc\" data-element_type=\"widget\" data-widget_type=\"spacer.default\">\n\t\t\t\t<div class=\"elementor-widget-container\">\n\t\t\t\t\t\t\t<div class=\"elementor-spacer\">\n\t\t\t<div class=\"elementor-spacer-inner\"><\/div>\n\t\t<\/div>\n\t\t\t\t\t\t<\/div>\n\t\t\t\t<\/div>\n\t\t\t\t<div class=\"elementor-element elementor-element-c0a0f66 elementor-widget elementor-widget-pxl_heading\" data-id=\"c0a0f66\" data-element_type=\"widget\" data-widget_type=\"pxl_heading.default\">\n\t\t\t\t<div class=\"elementor-widget-container\">\n\t\t\t\t\t\n<div id=\"pxl-pxl_heading-c0a0f66-9230\" class=\"pxl-heading px-sub-title-default-style\">\n\t<div class=\"pxl-heading--inner\">\n\t\t\t\t\t<div class=\"pxl-item--subtitle px-sub-title-default\" data-wow-delay=\"ms\">\n\t\t\t\t<span class=\"pxl-item--subtext\">\n\t\t\t\t\t\t\t\t\t\tEMEK CABLE\t\t\t\t<\/span>\n\t\t\t<\/div>\n\t\t\n\t\t\t<h3 class=\"pxl-item--title style-default highlight-default\" data-wow-delay=\"ms\">\n\t\t\t\t\t\t\tOur Vision &amp; Mission\t\n\t\t\t\t\n\t\t<\/h3>\n\t<\/div>\n<\/div> \t\t\t\t<\/div>\n\t\t\t\t<\/div>\n\t\t\t\t<div class=\"elementor-element elementor-element-c6a60eb elementor-widget elementor-widget-pxl_text_editor\" data-id=\"c6a60eb\" data-element_type=\"widget\" data-widget_type=\"pxl_text_editor.default\">\n\t\t\t\t<div class=\"elementor-widget-container\">\n\t\t\t\t\t<div class=\"pxl-text-editor\">\n\t<div class=\"pxl-item--inner\" data-wow-delay=\"ms\">\n\t\t<p>As Emek Kablo, we aim to be the pioneer of quality, innovation and trust in the sector.\u00a0<\/p>\t\t\n\t<\/div>\n<\/div>\t\t\t\t<\/div>\n\t\t\t\t<\/div>\n\t\t\t\t<div class=\"elementor-element elementor-element-b2c5ff6 elementor-widget elementor-widget-spacer\" data-id=\"b2c5ff6\" data-element_type=\"widget\" data-widget_type=\"spacer.default\">\n\t\t\t\t<div class=\"elementor-widget-container\">\n\t\t\t\t\t\t\t<div class=\"elementor-spacer\">\n\t\t\t<div class=\"elementor-spacer-inner\"><\/div>\n\t\t<\/div>\n\t\t\t\t\t\t<\/div>\n\t\t\t\t<\/div>\n\t\t\t\t<div class=\"elementor-element elementor-element-2b2716b elementor-widget__width-initial elementor-widget elementor-widget-spacer\" data-id=\"2b2716b\" data-element_type=\"widget\" data-widget_type=\"spacer.default\">\n\t\t\t\t<div class=\"elementor-widget-container\">\n\t\t\t\t\t\t\t<div class=\"elementor-spacer\">\n\t\t\t<div class=\"elementor-spacer-inner\"><\/div>\n\t\t<\/div>\n\t\t\t\t\t\t<\/div>\n\t\t\t\t<\/div>\n\t\t            <\/div>\r\n        <\/div>\r\n                <div class=\"elementor-column elementor-col-50 elementor-top-column elementor-element elementor-element-0f4e952 pxl-column-none pxl-column-overflow-hidden-no\" data-id=\"0f4e952\" data-element_type=\"column\" data-settings=\"{&quot;background_background&quot;:&quot;classic&quot;}\">\r\n        <div class=\"elementor-widget-wrap elementor-element-populated\">\r\n                     \r\n        \t\t<div class=\"elementor-element elementor-element-8162874 elementor-widget elementor-widget-spacer\" data-id=\"8162874\" data-element_type=\"widget\" data-widget_type=\"spacer.default\">\n\t\t\t\t<div class=\"elementor-widget-container\">\n\t\t\t\t\t\t\t<div class=\"elementor-spacer\">\n\t\t\t<div class=\"elementor-spacer-inner\"><\/div>\n\t\t<\/div>\n\t\t\t\t\t\t<\/div>\n\t\t\t\t<\/div>\n\t\t            <\/div>\r\n        <\/div>\r\n        \t\t\t<\/div>\n\t\t<\/section>\n\t\t        <section class=\"elementor-section elementor-top-section elementor-element elementor-element-64a6ba3 elementor-section-stretched elementor-section-boxed elementor-section-height-default elementor-section-height-default pxl-row-scroll-none pxl-zoom-point-false pxl-section-overflow-visible pxl-section-fix-none pxl-bg-color-none pxl-section-overlay-none\" data-id=\"64a6ba3\" data-element_type=\"section\" data-settings=\"{&quot;stretch_section&quot;:&quot;section-stretched&quot;}\">\n\n                \n                <div class=\"elementor-container elementor-column-gap-extended\">\n                <div class=\"elementor-column elementor-col-100 elementor-top-column elementor-element elementor-element-33704bf pxl-column-none pxl-column-overflow-hidden-no\" data-id=\"33704bf\" data-element_type=\"column\">\r\n        <div class=\"elementor-widget-wrap elementor-element-populated\">\r\n                     \r\n                <section class=\"elementor-section elementor-inner-section elementor-element elementor-element-81fb38d elementor-section-full_width pxl-section-overflow-hidden elementor-section-height-default elementor-section-height-default pxl-row-scroll-none pxl-zoom-point-false pxl-section-fix-none pxl-full-content-with-space-none pxl-bg-color-none pxl-section-overlay-none\" data-id=\"81fb38d\" data-element_type=\"section\" data-settings=\"{&quot;background_background&quot;:&quot;classic&quot;}\">\n\n                \n                <div class=\"elementor-container elementor-column-gap-extended\">\n                <div class=\"elementor-column elementor-col-50 elementor-inner-column elementor-element elementor-element-8cc57fa pxl-column-none pxl-column-overflow-hidden-no\" data-id=\"8cc57fa\" data-element_type=\"column\">\r\n        <div class=\"elementor-widget-wrap elementor-element-populated\">\r\n                     \r\n        \t\t<div class=\"elementor-element elementor-element-b3dfa19 elementor-widget elementor-widget-pxl_heading\" data-id=\"b3dfa19\" data-element_type=\"widget\" data-widget_type=\"pxl_heading.default\">\n\t\t\t\t<div class=\"elementor-widget-container\">\n\t\t\t\t\t\n<div id=\"pxl-pxl_heading-b3dfa19-2912\" class=\"pxl-heading px-sub-title-default-style\">\n\t<div class=\"pxl-heading--inner\">\n\t\t\n\t\t\t<h3 class=\"pxl-item--title style-default highlight-default\" data-wow-delay=\"ms\">\n\t\t\t\t\t\t\tVISION\t\n\t\t\t\t\n\t\t<\/h3>\n\t<\/div>\n<\/div> \t\t\t\t<\/div>\n\t\t\t\t<\/div>\n\t\t\t\t<div class=\"elementor-element elementor-element-e961694 elementor-widget elementor-widget-pxl_text_editor\" data-id=\"e961694\" data-element_type=\"widget\" data-widget_type=\"pxl_text_editor.default\">\n\t\t\t\t<div class=\"elementor-widget-container\">\n\t\t\t\t\t<div class=\"pxl-text-editor\">\n\t<div class=\"pxl-item--inner\" data-wow-delay=\"ms\">\n\t\t<p data-start=\"52\" data-end=\"422\">As Emek Kablo, we aim to be the pioneer of quality, innovation and trust in the sector. While producing world-class cable solutions using the latest technologies, we add value to the future with our sustainability and environmentally friendly production approach. We aim to become a leading brand in energy, communication and industrial solutions by increasing our competitive power in the global market.<\/p>\n<p data-start=\"424\" data-end=\"819\">We aim to become a brand that sets industry standards by offering fast and flexible solutions to changing customer needs on a global scale. We encourage innovation by adapting to not only today&#039;s but also future technologies with our products and services. We aim to achieve excellence at every stage, from production to logistics, from after-sales services to customer experience.<\/p>\n<p data-start=\"821\" data-end=\"1266\"><strong data-start=\"821\" data-end=\"881\">In line with our vision, we adopt the following basic principles:<\/strong><br data-start=\"881\" data-end=\"884\" \/>\u2714 <strong data-start=\"886\" data-end=\"899\">Leadership:<\/strong> To be a pioneer in the sector with innovative products and advanced technology.<br data-start=\"960\" data-end=\"963\" \/>\u2714 <strong data-start=\"965\" data-end=\"985\">Global Competition:<\/strong> To be a strong brand not only in T\u00fcrkiye but also in world markets.<br data-start=\"1057\" data-end=\"1060\" \/>\u2714 <strong data-start=\"1062\" data-end=\"1085\">Environmentally Friendly Production:<\/strong> Developing environmentally friendly production processes with sustainability principles.<br data-start=\"1161\" data-end=\"1164\" \/>\u2714 <strong data-start=\"1166\" data-end=\"1188\">Customer Focus:<\/strong> To adopt a service approach that maximizes customer satisfaction.<\/p>\t\t\n\t<\/div>\n<\/div>\t\t\t\t<\/div>\n\t\t\t\t<\/div>\n\t\t            <\/div>\r\n        <\/div>\r\n                <div class=\"elementor-column elementor-col-50 elementor-inner-column elementor-element elementor-element-da86062 pxl-column-none pxl-column-overflow-hidden-no\" data-id=\"da86062\" data-element_type=\"column\">\r\n        <div class=\"elementor-widget-wrap elementor-element-populated\">\r\n                     \r\n        \t\t<div class=\"elementor-element elementor-element-8d70e65 elementor-widget__width-auto elementor-absolute elementor-widget elementor-widget-pxl_image\" data-id=\"8d70e65\" data-element_type=\"widget\" data-settings=\"{&quot;_position&quot;:&quot;absolute&quot;}\" data-widget_type=\"pxl_image.default\">\n\t\t\t\t<div class=\"elementor-widget-container\">\n\t\t\t\t\t<div id=\"pxl_image-8d70e65-5272\" class=\"pxl-image-single pxl-disable-parallax-sm pxl-hide-sr-lg\" data-wow-delay=\"ms\"  >\r\n    <div class=\"pxl-item--inner\" data-wow-delay=\"120ms\">\r\n        \r\n                                <div class=\"pxl-item--image\" data-parallax-value=\"\">\r\n                                                    <img fetchpriority=\"high\" decoding=\"async\" width=\"592\" height=\"657\" src=\"https:\/\/emekkablo.com\/wp-content\/uploads\/2024\/01\/G2.png\" class=\"no-lazyload attachment-full\" alt=\"\" \/>                                            <\/div>\r\n                            \r\n            <\/div>\r\n<\/div>\t\t\t\t<\/div>\n\t\t\t\t<\/div>\n\t\t\t\t<div class=\"elementor-element elementor-element-fc7fdd4 elementor-widget elementor-widget-pxl_image\" data-id=\"fc7fdd4\" data-element_type=\"widget\" data-widget_type=\"pxl_image.default\">\n\t\t\t\t<div class=\"elementor-widget-container\">\n\t\t\t\t\t<div id=\"pxl_image-fc7fdd4-9538\" class=\"pxl-image-single pxl-disable-parallax-sm pxl-hide-sr-lg\" data-wow-delay=\"ms\"  >\r\n    <div class=\"pxl-item--inner\" data-wow-delay=\"120ms\">\r\n        \r\n                                <div class=\"pxl-item--bg bg-image\" style=\"background-image: url(https:\/\/emekkablo.com\/wp-content\/uploads\/2025\/02\/Ekran-goruntusu-2025-02-14-130344.jpg);\"><\/div>\r\n                            \r\n            <\/div>\r\n<\/div>\t\t\t\t<\/div>\n\t\t\t\t<\/div>\n\t\t            <\/div>\r\n        <\/div>\r\n        \t\t\t<\/div>\n\t\t<\/section>\n\t\t            <\/div>\r\n        <\/div>\r\n        \t\t\t<\/div>\n\t\t<\/section>\n\t\t        <section class=\"elementor-section elementor-top-section elementor-element elementor-element-ae860a5 elementor-section-stretched elementor-section-boxed elementor-section-height-default elementor-section-height-default pxl-row-scroll-none pxl-zoom-point-false pxl-section-overflow-visible pxl-section-fix-none pxl-bg-color-none pxl-section-overlay-none\" data-id=\"ae860a5\" data-element_type=\"section\" data-settings=\"{&quot;stretch_section&quot;:&quot;section-stretched&quot;}\">\n\n                \n                <div class=\"elementor-container elementor-column-gap-extended\">\n                <div class=\"elementor-column elementor-col-100 elementor-top-column elementor-element elementor-element-721b745 pxl-column-none pxl-column-overflow-hidden-no\" data-id=\"721b745\" data-element_type=\"column\">\r\n        <div class=\"elementor-widget-wrap elementor-element-populated\">\r\n                     \r\n                <section class=\"elementor-section elementor-inner-section elementor-element elementor-element-9164749 elementor-section-full_width pxl-section-overflow-hidden elementor-section-height-default elementor-section-height-default pxl-row-scroll-none pxl-zoom-point-false pxl-section-fix-none pxl-full-content-with-space-none pxl-bg-color-none pxl-section-overlay-none\" data-id=\"9164749\" data-element_type=\"section\" data-settings=\"{&quot;background_background&quot;:&quot;classic&quot;}\">\n\n                \n                <div class=\"elementor-container elementor-column-gap-extended\">\n                <div class=\"elementor-column elementor-col-50 elementor-inner-column elementor-element elementor-element-6e19cf1 pxl-column-none pxl-column-overflow-hidden-no\" data-id=\"6e19cf1\" data-element_type=\"column\">\r\n        <div class=\"elementor-widget-wrap elementor-element-populated\">\r\n                     \r\n        \t\t<div class=\"elementor-element elementor-element-d0626e5 elementor-widget elementor-widget-pxl_heading\" data-id=\"d0626e5\" data-element_type=\"widget\" data-widget_type=\"pxl_heading.default\">\n\t\t\t\t<div class=\"elementor-widget-container\">\n\t\t\t\t\t\n<div id=\"pxl-pxl_heading-d0626e5-7726\" class=\"pxl-heading px-sub-title-default-style\">\n\t<div class=\"pxl-heading--inner\">\n\t\t\n\t\t\t<h3 class=\"pxl-item--title style-default highlight-default\" data-wow-delay=\"ms\">\n\t\t\t\t\t\t\tOUR MISSION\t\n\t\t\t\t\n\t\t<\/h3>\n\t<\/div>\n<\/div> \t\t\t\t<\/div>\n\t\t\t\t<\/div>\n\t\t\t\t<div class=\"elementor-element elementor-element-c5f1b4f elementor-widget elementor-widget-pxl_text_editor\" data-id=\"c5f1b4f\" data-element_type=\"widget\" data-widget_type=\"pxl_text_editor.default\">\n\t\t\t\t<div class=\"elementor-widget-container\">\n\t\t\t\t\t<div class=\"pxl-text-editor\">\n\t<div class=\"pxl-item--inner\" data-wow-delay=\"ms\">\n\t\t<p data-start=\"1296\" data-end=\"1649\">We work to provide our customers with the highest quality standards, reliable and long-lasting cable solutions. While supporting innovation with our technology and R&amp;D investments, we act environmentally sensitive with a sustainable production approach. By establishing strong and long-term relationships with our business partners, we continue to be a brand that leads the sector.<\/p>\n<p data-start=\"1651\" data-end=\"1995\">Our mission is not just to produce cables, but to build safe, efficient and durable systems. We aim for excellence in every product by making quality a standard in our sector. To ensure this, <strong data-start=\"1862\" data-end=\"1897\">innovative engineering solutions<\/strong>, <strong data-start=\"1899\" data-end=\"1933\">strong supply chain management<\/strong> And <strong data-start=\"1937\" data-end=\"1971\">customer-oriented service approach<\/strong> We act with.<\/p>\n<p data-start=\"1997\" data-end=\"2575\"><strong data-start=\"1997\" data-end=\"2028\">The cornerstones of our mission:<\/strong><br data-start=\"2028\" data-end=\"2031\" \/>\u2714 <strong data-start=\"2033\" data-end=\"2050\">Supereminence:<\/strong> To produce long-lasting and reliable cable systems using the most advanced technologies.<br data-start=\"2135\" data-end=\"2138\" \/>\u2714 <strong data-start=\"2140\" data-end=\"2163\">Technological Innovation:<\/strong> To encourage innovation through continuous research and development activities.<br data-start=\"2236\" data-end=\"2239\" \/>\u2714 <strong data-start=\"2241\" data-end=\"2260\">Safe Production:<\/strong> To adopt high standards in all processes, especially employee health and safety.<br data-start=\"2354\" data-end=\"2357\" \/>\u2714 <strong data-start=\"2359\" data-end=\"2381\">Sustainability:<\/strong> To grow without harming nature with environmentally friendly production processes.<br data-start=\"2444\" data-end=\"2447\" \/>\u2714 <strong data-start=\"2449\" data-end=\"2473\">Customer Satisfaction:<\/strong> To fully meet the needs of our customers by continuously improving our product and service quality.<\/p>\n<p data-start=\"2577\" data-end=\"2852\" data-is-last-node=\"\">As Emek Kablo, we are not just a company that produces cables, <strong data-start=\"2639\" data-end=\"2704\">A solution partner that develops technologies that make life easier<\/strong> We aim to be. We will continue to offer reliable and sustainable solutions with our innovative approaches that shape the future of our industry.<\/p>\t\t\n\t<\/div>\n<\/div>\t\t\t\t<\/div>\n\t\t\t\t<\/div>\n\t\t            <\/div>\r\n        <\/div>\r\n                <div class=\"elementor-column elementor-col-50 elementor-inner-column elementor-element elementor-element-25ff126 pxl-column-none pxl-column-overflow-hidden-no\" data-id=\"25ff126\" data-element_type=\"column\">\r\n        <div class=\"elementor-widget-wrap elementor-element-populated\">\r\n                     \r\n        \t\t<div class=\"elementor-element elementor-element-f46f1a2 elementor-widget__width-auto elementor-absolute elementor-widget elementor-widget-pxl_image\" data-id=\"f46f1a2\" data-element_type=\"widget\" data-settings=\"{&quot;_position&quot;:&quot;absolute&quot;}\" data-widget_type=\"pxl_image.default\">\n\t\t\t\t<div class=\"elementor-widget-container\">\n\t\t\t\t\t<div id=\"pxl_image-f46f1a2-8332\" class=\"pxl-image-single pxl-disable-parallax-sm pxl-hide-sr-lg\" data-wow-delay=\"ms\"  >\r\n    <div class=\"pxl-item--inner\" data-wow-delay=\"120ms\">\r\n        \r\n                                <div class=\"pxl-item--image\" data-parallax-value=\"\">\r\n                                                    <img fetchpriority=\"high\" decoding=\"async\" width=\"592\" height=\"657\" src=\"https:\/\/emekkablo.com\/wp-content\/uploads\/2024\/01\/G2.png\" class=\"no-lazyload attachment-full\" alt=\"\" \/>                                            <\/div>\r\n                            \r\n            <\/div>\r\n<\/div>\t\t\t\t<\/div>\n\t\t\t\t<\/div>\n\t\t\t\t<div class=\"elementor-element elementor-element-cb8a223 elementor-widget elementor-widget-pxl_image\" data-id=\"cb8a223\" data-element_type=\"widget\" data-widget_type=\"pxl_image.default\">\n\t\t\t\t<div class=\"elementor-widget-container\">\n\t\t\t\t\t<div id=\"pxl_image-cb8a223-2454\" class=\"pxl-image-single pxl-disable-parallax-sm pxl-hide-sr-lg\" data-wow-delay=\"ms\"  >\r\n    <div class=\"pxl-item--inner\" data-wow-delay=\"120ms\">\r\n        \r\n                                <div class=\"pxl-item--bg bg-image\" style=\"background-image: url(https:\/\/emekkablo.com\/wp-content\/uploads\/2025\/02\/Ekran-goruntusu-2025-02-14-130607-e1739527627970.jpg);\"><\/div>\r\n                            \r\n            <\/div>\r\n<\/div>\t\t\t\t<\/div>\n\t\t\t\t<\/div>\n\t\t            <\/div>\r\n        <\/div>\r\n        \t\t\t<\/div>\n\t\t<\/section>\n\t\t            <\/div>\r\n        <\/div>\r\n        \t\t\t<\/div>\n\t\t<\/section>\n\t\t\t\t<\/div>","protected":false},"excerpt":{"rendered":"<p>EMEK KABLO Vizyon &amp; Misyonumuz Emek Kablo olarak, sekt\u00f6rde kalite, yenilik\u00e7ilik ve g\u00fcvenin \u00f6nc\u00fcs\u00fc olmay\u0131 hedefliyoruz. V\u0130ZYON Emek Kablo olarak, sekt\u00f6rde kalite, yenilik\u00e7ilik ve g\u00fcvenin \u00f6nc\u00fcs\u00fc olmay\u0131 hedefliyoruz. En son teknolojileri kullanarak d\u00fcnya standartlar\u0131nda kablo \u00e7\u00f6z\u00fcmleri \u00fcretirken, s\u00fcrd\u00fcr\u00fclebilirlik ve \u00e7evre dostu \u00fcretim anlay\u0131\u015f\u0131yla gelece\u011fe de\u011fer kat\u0131yoruz. Global pazarda rekabet g\u00fcc\u00fcm\u00fcz\u00fc art\u0131rarak, enerji, ileti\u015fim ve end\u00fcstriyel [&hellip;]<\/p>","protected":false},"author":1,"featured_media":0,"parent":0,"menu_order":0,"comment_status":"closed","ping_status":"closed","template":"","meta":{"_joinchat":[],"footnotes":""},"class_list":["post-31","page","type-page","status-publish","hentry"],"_links":{"self":[{"href":"https:\/\/emekkablo.com\/en\/wp-json\/wp\/v2\/pages\/31","targetHints":{"allow":["GET"]}}],"collection":[{"href":"https:\/\/emekkablo.com\/en\/wp-json\/wp\/v2\/pages"}],"about":[{"href":"https:\/\/emekkablo.com\/en\/wp-json\/wp\/v2\/types\/page"}],"author":[{"embeddable":true,"href":"https:\/\/emekkablo.com\/en\/wp-json\/wp\/v2\/users\/1"}],"replies":[{"embeddable":true,"href":"https:\/\/emekkablo.com\/en\/wp-json\/wp\/v2\/comments?post=31"}],"version-history":[{"count":0,"href":"https:\/\/emekkablo.com\/en\/wp-json\/wp\/v2\/pages\/31\/revisions"}],"wp:attachment":[{"href":"https:\/\/emekkablo.com\/en\/wp-json\/wp\/v2\/media?parent=31"}],"curies":[{"name":"wp","href":"https:\/\/api.w.org\/{rel}","templated":true}]}}