{"id":35,"date":"2023-11-27T09:12:28","date_gmt":"2023-11-27T09:12:28","guid":{"rendered":"https:\/\/demo.bravisthemes.com\/graviton\/?page_id=35"},"modified":"2025-08-09T18:28:14","modified_gmt":"2025-08-09T15:28:14","slug":"aydinlatma-metni","status":"publish","type":"page","link":"https:\/\/emekkablo.com\/en\/aydinlatma-metni\/","title":{"rendered":"KVKK Information Text"},"content":{"rendered":"<div data-elementor-type=\"wp-page\" data-elementor-id=\"35\" class=\"elementor elementor-35\" data-elementor-post-type=\"page\">\n\t\t\t\t        <section class=\"elementor-section elementor-top-section elementor-element elementor-element-030a320 elementor-section-full_width elementor-section-stretched pxl-full-content-with-space-start elementor-section-height-default elementor-section-height-default pxl-row-scroll-none pxl-zoom-point-false pxl-section-overflow-visible pxl-section-fix-none pxl-bg-color-none pxl-section-overlay-none\" data-id=\"030a320\" data-element_type=\"section\" data-settings=\"{&quot;stretch_section&quot;:&quot;section-stretched&quot;,&quot;background_background&quot;:&quot;classic&quot;}\" style=\"padding-left: calc( (100% - 1650px)\/2);\">\n\n                \n                <div class=\"elementor-container elementor-column-gap-extended\">\n                <div class=\"elementor-column elementor-col-50 elementor-top-column elementor-element elementor-element-4fd1dae pxl-column-none pxl-column-overflow-hidden-no\" data-id=\"4fd1dae\" data-element_type=\"column\" data-settings=\"{&quot;background_background&quot;:&quot;classic&quot;}\">\r\n        <div class=\"elementor-widget-wrap elementor-element-populated\">\r\n                     \r\n        \t\t<div class=\"elementor-element elementor-element-d83b2cb elementor-widget elementor-widget-spacer\" data-id=\"d83b2cb\" data-element_type=\"widget\" data-widget_type=\"spacer.default\">\n\t\t\t\t<div class=\"elementor-widget-container\">\n\t\t\t\t\t\t\t<div class=\"elementor-spacer\">\n\t\t\t<div class=\"elementor-spacer-inner\"><\/div>\n\t\t<\/div>\n\t\t\t\t\t\t<\/div>\n\t\t\t\t<\/div>\n\t\t\t\t<div class=\"elementor-element elementor-element-cfea1f0 elementor-widget elementor-widget-pxl_heading\" data-id=\"cfea1f0\" data-element_type=\"widget\" data-widget_type=\"pxl_heading.default\">\n\t\t\t\t<div class=\"elementor-widget-container\">\n\t\t\t\t\t\n<div id=\"pxl-pxl_heading-cfea1f0-1897\" class=\"pxl-heading px-sub-title-default-style\">\n\t<div class=\"pxl-heading--inner\">\n\t\t\t\t\t<div class=\"pxl-item--subtitle px-sub-title-default\" data-wow-delay=\"ms\">\n\t\t\t\t<span class=\"pxl-item--subtext\">\n\t\t\t\t\t\t\t\t\t\tEMEK CABLE\t\t\t\t<\/span>\n\t\t\t<\/div>\n\t\t\n\t\t\t<h3 class=\"pxl-item--title style-default highlight-default\" data-wow-delay=\"ms\">\n\t\t\t\t\t\t\tKVKK Information Text\t\n\t\t\t\t\n\t\t<\/h3>\n\t<\/div>\n<\/div> \t\t\t\t<\/div>\n\t\t\t\t<\/div>\n\t\t\t\t<div class=\"elementor-element elementor-element-72664d0 elementor-widget elementor-widget-spacer\" data-id=\"72664d0\" data-element_type=\"widget\" data-widget_type=\"spacer.default\">\n\t\t\t\t<div class=\"elementor-widget-container\">\n\t\t\t\t\t\t\t<div class=\"elementor-spacer\">\n\t\t\t<div class=\"elementor-spacer-inner\"><\/div>\n\t\t<\/div>\n\t\t\t\t\t\t<\/div>\n\t\t\t\t<\/div>\n\t\t            <\/div>\r\n        <\/div>\r\n                <div class=\"elementor-column elementor-col-50 elementor-top-column elementor-element elementor-element-8661bf2 pxl-column-none pxl-column-overflow-hidden-no\" data-id=\"8661bf2\" data-element_type=\"column\" data-settings=\"{&quot;background_background&quot;:&quot;classic&quot;}\">\r\n        <div class=\"elementor-widget-wrap elementor-element-populated\">\r\n                     \r\n        \t\t<div class=\"elementor-element elementor-element-0ff902a elementor-widget elementor-widget-spacer\" data-id=\"0ff902a\" data-element_type=\"widget\" data-widget_type=\"spacer.default\">\n\t\t\t\t<div class=\"elementor-widget-container\">\n\t\t\t\t\t\t\t<div class=\"elementor-spacer\">\n\t\t\t<div class=\"elementor-spacer-inner\"><\/div>\n\t\t<\/div>\n\t\t\t\t\t\t<\/div>\n\t\t\t\t<\/div>\n\t\t            <\/div>\r\n        <\/div>\r\n        \t\t\t<\/div>\n\t\t<\/section>\n\t\t        <section class=\"elementor-section elementor-top-section elementor-element elementor-element-60ed55f elementor-section-boxed elementor-section-height-default elementor-section-height-default pxl-row-scroll-none pxl-zoom-point-false pxl-section-overflow-visible pxl-section-fix-none pxl-bg-color-none pxl-section-overlay-none\" data-id=\"60ed55f\" data-element_type=\"section\">\n\n                \n                <div class=\"elementor-container elementor-column-gap-default\">\n                <div class=\"elementor-column elementor-col-100 elementor-top-column elementor-element elementor-element-f74ce0e pxl-column-none pxl-column-overflow-hidden-no\" data-id=\"f74ce0e\" data-element_type=\"column\">\r\n        <div class=\"elementor-widget-wrap elementor-element-populated\">\r\n                     \r\n        \t\t<div class=\"elementor-element elementor-element-7437e11 elementor-widget elementor-widget-heading\" data-id=\"7437e11\" data-element_type=\"widget\" data-widget_type=\"heading.default\">\n\t\t\t\t<div class=\"elementor-widget-container\">\n\t\t\t\t\t<h5 class=\"elementor-heading-title elementor-size-default\">EMEK KABLO SANAYI VE T\u0130CARET ANONYMOUS COMPANY PERSONAL DATA PROTECTION LAW NO. 6698 (KVKK) <\/h5>\t\t\t\t<\/div>\n\t\t\t\t<\/div>\n\t\t\t\t<div class=\"elementor-element elementor-element-ca74e85 elementor-widget elementor-widget-heading\" data-id=\"ca74e85\" data-element_type=\"widget\" data-widget_type=\"heading.default\">\n\t\t\t\t<div class=\"elementor-widget-container\">\n\t\t\t\t\t<h5 class=\"elementor-heading-title elementor-size-default\"> CLARIFICATION TEXT<\/h5>\t\t\t\t<\/div>\n\t\t\t\t<\/div>\n\t\t\t\t<div class=\"elementor-element elementor-element-42e7c2a elementor-widget elementor-widget-text-editor\" data-id=\"42e7c2a\" data-element_type=\"widget\" data-widget_type=\"text-editor.default\">\n\t\t\t\t<div class=\"elementor-widget-container\">\n\t\t\t\t\t\t\t\t\t<p data-start=\"160\" data-end=\"453\">As Emek Kablo A.\u015e., we attach great importance to the security of your personal data. <strong data-start=\"252\" data-end=\"297\">Personal Data Protection Law (KVKK)<\/strong> Within the scope of this Agreement, we have prepared this information text as the data controller to explain to you how we process your personal data and your rights.<\/p><h5 data-start=\"531\" data-end=\"551\">Data Controller<\/h5><p data-start=\"552\" data-end=\"704\"><strong data-start=\"552\" data-end=\"589\">Emek Cable Industry and Trade Inc.<\/strong><br data-start=\"589\" data-end=\"592\" \/>Phone: (0212) 210 39 55<br data-start=\"617\" data-end=\"620\" \/>Address: Perpa Trade Center A Block Floor: 4-5 No:135\/137 Okmeydani \u015ei\u015fli \/ ISTANBUL<\/p><p data-start=\"706\" data-end=\"826\">As the data controller, Emek Kablo is responsible for all processes related to the processing and protection of your personal data.<\/p><h5 data-start=\"455\" data-end=\"499\"><strong data-start=\"455\" data-end=\"497\">I. Purposes of Processing Personal Data<\/strong><\/h5><p data-start=\"501\" data-end=\"618\">Your personal data, <strong data-start=\"522\" data-end=\"588\">Within the framework of the conditions specified in Articles 5 and 6 of the KVKK.<\/strong> is processed for the following purposes:<\/p><ul data-start=\"620\" data-end=\"987\"><li data-start=\"620\" data-end=\"673\">To provide you with the benefits of our company&#039;s services,<\/li><li data-start=\"674\" data-end=\"730\">To fulfill legal and contractual obligations,<\/li><li data-start=\"731\" data-end=\"795\">Managing customer relations and improving service quality,<\/li><li data-start=\"796\" data-end=\"852\">Carrying out financial processes and accounting transactions,<\/li><li data-start=\"853\" data-end=\"918\">To ensure internal security and carry out audits,<\/li><li data-start=\"919\" data-end=\"987\">To preserve data that must be stored in accordance with legal regulations.<\/li><\/ul><h5 data-start=\"989\" data-end=\"1051\"><strong data-start=\"989\" data-end=\"1049\">II. Method and Legal Reason for Collection of Personal Data<\/strong><\/h5><p data-start=\"1053\" data-end=\"1418\">Your personal data, <strong data-start=\"1074\" data-end=\"1115\">verbally, in writing or electronically<\/strong>; is collected through our website, call center, customer services, e-mail, social media platforms or physical forms. As specified in Articles 5 and 6 of the KVKK <strong data-start=\"1301\" data-end=\"1320\">legal reasons<\/strong> It is processed in line with our company&#039;s legitimate interests and legal obligations.<\/p><h5 data-start=\"1420\" data-end=\"1459\"><strong data-start=\"1420\" data-end=\"1457\">III. Transfer of Personal Data<\/strong><\/h5><p data-start=\"1461\" data-end=\"1586\">Your personal data collected, <strong data-start=\"1491\" data-end=\"1537\">In accordance with Articles 8 and 9 of the KVKK<\/strong> It may be shared with the following individuals and organizations:<\/p><ul data-start=\"1588\" data-end=\"1759\"><li data-start=\"1588\" data-end=\"1626\">Authorized public institutions and organizations,<\/li><li data-start=\"1627\" data-end=\"1662\">Banks and financial institutions,<\/li><li data-start=\"1663\" data-end=\"1703\">Our business partners and suppliers,<\/li><li data-start=\"1704\" data-end=\"1759\">Official authorities within the scope of our legal obligations.<\/li><\/ul><h5 data-start=\"1761\" data-end=\"1810\"><strong data-start=\"1761\" data-end=\"1808\">IV. Rights of the Data Subject within the Scope of KVKK<\/strong><\/h5><p data-start=\"1812\" data-end=\"1892\">In accordance with Article 11 of the KVKK, as a personal data owner, you have the following rights:<\/p><ul data-start=\"1894\" data-end=\"2397\"><li data-start=\"1894\" data-end=\"1950\">To learn whether your personal data is being processed,<\/li><li data-start=\"1951\" data-end=\"1996\">Requesting information about your data if it has been processed,<\/li><li data-start=\"1997\" data-end=\"2079\">To learn the purpose of processing and whether they are used in accordance with their purpose,<\/li><li data-start=\"2080\" data-end=\"2166\">To know the third parties to whom personal data is transferred, either domestically or abroad,<\/li><li data-start=\"2167\" data-end=\"2222\">Request correction if it is processed incompletely or incorrectly,<\/li><li data-start=\"2223\" data-end=\"2317\">Requesting the deletion or destruction of personal data within the framework of Article 7 of the KVKK,<\/li><li data-start=\"2318\" data-end=\"2397\">To request compensation for damages in cases where processing is unlawful.<\/li><\/ul><h5 data-start=\"2399\" data-end=\"2449\"><strong data-start=\"2399\" data-end=\"2447\">V. <\/strong><strong data-start=\"2399\" data-end=\"2447\">Application Methods and Contact Information<\/strong><\/h5><p data-start=\"2451\" data-end=\"2660\">To exercise your rights under KVKK, you can use the following communication channels: <strong data-start=\"2539\" data-end=\"2639\">In writing to Emek Kablo A.\u015e. or through the methods determined by the Personal Data Protection Board.<\/strong> you can apply.<\/p><ol data-start=\"2662\" data-end=\"2955\"><li data-start=\"2662\" data-end=\"2739\"><p data-start=\"2665\" data-end=\"2686\"><strong data-start=\"2665\" data-end=\"2684\">Written Application:<\/strong><\/p><ul data-start=\"2690\" data-end=\"2739\"><li data-start=\"2690\" data-end=\"2739\"><strong data-start=\"2692\" data-end=\"2702\">Address: <\/strong>Perpa Trade Center A Block Floor: 4-5 No:135\/137 34384 Okmeydani, Sisli \/ ISTANBUL<\/li><\/ul><\/li><li data-start=\"2741\" data-end=\"2846\"><p data-start=\"2744\" data-end=\"2791\"><strong data-start=\"2744\" data-end=\"2789\">Via Registered Electronic Mail (KEP):<\/strong><\/p><ul data-start=\"2795\" data-end=\"2846\"><li data-start=\"2795\" data-end=\"2846\"><strong data-start=\"2797\" data-end=\"2812\">KEP Address:<\/strong><\/li><\/ul><\/li><li data-start=\"2848\" data-end=\"2955\"><p data-start=\"2851\" data-end=\"2899\"><strong>By Email (With Secure Electronic Signature):<\/strong><\/p><ul data-start=\"2903\" data-end=\"2955\"><li data-start=\"2903\" data-end=\"2955\"><strong data-start=\"2905\" data-end=\"2917\">Email: <\/strong>info@emekkablo.com<\/li><\/ul><\/li><\/ol><p data-start=\"2957\" data-end=\"3203\">Your applications must be submitted at the latest in accordance with KVKK. <strong data-start=\"2995\" data-end=\"3032\">Free of charge within 30 days<\/strong> However, if the transaction requires an additional cost, a fee may be requested according to the tariff determined by the Personal Data Protection Board.<\/p><p data-start=\"3205\" data-end=\"3383\">As Emek Kablo A.\u015e., we attach great importance to the protection of your personal data. You can contact us to get detailed information about your rights within the scope of KVKK.<\/p><p data-start=\"3205\" data-end=\"3383\">For Application Form <a href=\"https:\/\/emekkablo.com\/wp-content\/uploads\/2025\/02\/KVKK-basvuru-formu.pdf\">Click here.<\/a><\/p><p data-start=\"3385\" data-end=\"3414\" data-is-last-node=\"\">\u00a0<\/p>\t\t\t\t\t\t\t\t<\/div>\n\t\t\t\t<\/div>\n\t\t\t\t<div class=\"elementor-element elementor-element-83f1d68 elementor-widget elementor-widget-text-editor\" data-id=\"83f1d68\" data-element_type=\"widget\" data-widget_type=\"text-editor.default\">\n\t\t\t\t<div class=\"elementor-widget-container\">\n\t\t\t\t\t\t\t\t\t<p><strong>EMEK CABLE INC.<\/strong><\/p>\t\t\t\t\t\t\t\t<\/div>\n\t\t\t\t<\/div>\n\t\t            <\/div>\r\n        <\/div>\r\n        \t\t\t<\/div>\n\t\t<\/section>\n\t\t\t\t<\/div>","protected":false},"excerpt":{"rendered":"<p>EMEK KABLO KVKK Information Text EMEK KABLO SANAY\u0130 VE T\u0130CARET ANONYMOUS COMPANY 6698 PERSONAL DATA PROTECTION LAW (KVKK) INFORMATION TEXT As Emek Kablo A.\u015e., we attach great importance to the security of your personal data. Within the scope of the Personal Data Protection Law No. 6698 (KVKK), we have prepared this information text as the data controller in order to explain to you how we process your personal data and your rights. [\u2026]<\/p>","protected":false},"author":1,"featured_media":0,"parent":0,"menu_order":0,"comment_status":"closed","ping_status":"closed","template":"","meta":{"_joinchat":[],"footnotes":""},"class_list":["post-35","page","type-page","status-publish","hentry"],"_links":{"self":[{"href":"https:\/\/emekkablo.com\/en\/wp-json\/wp\/v2\/pages\/35","targetHints":{"allow":["GET"]}}],"collection":[{"href":"https:\/\/emekkablo.com\/en\/wp-json\/wp\/v2\/pages"}],"about":[{"href":"https:\/\/emekkablo.com\/en\/wp-json\/wp\/v2\/types\/page"}],"author":[{"embeddable":true,"href":"https:\/\/emekkablo.com\/en\/wp-json\/wp\/v2\/users\/1"}],"replies":[{"embeddable":true,"href":"https:\/\/emekkablo.com\/en\/wp-json\/wp\/v2\/comments?post=35"}],"version-history":[{"count":0,"href":"https:\/\/emekkablo.com\/en\/wp-json\/wp\/v2\/pages\/35\/revisions"}],"wp:attachment":[{"href":"https:\/\/emekkablo.com\/en\/wp-json\/wp\/v2\/media?parent=35"}],"curies":[{"name":"wp","href":"https:\/\/api.w.org\/{rel}","templated":true}]}}