{"id":18134,"date":"2025-03-02T07:48:57","date_gmt":"2025-03-02T07:48:57","guid":{"rendered":"https:\/\/emekkablo.com\/?post_type=product&#038;p=18134"},"modified":"2025-10-08T13:03:20","modified_gmt":"2025-10-08T10:03:20","slug":"standart-esnek-hoparlor-kablosu","status":"publish","type":"product","link":"https:\/\/emekkablo.com\/en\/product\/standart-esnek-hoparlor-kablosu\/","title":{"rendered":"Standard Flexible Speaker Cable"},"content":{"rendered":"","protected":false},"excerpt":{"rendered":"<p data-start=\"43\" data-end=\"330\">Standart esnek hoparl\u00f6r kablolar\u0131, ev tipi ses sistemlerinden ticari uygulamalara kadar geni\u015f bir kullan\u0131m alan\u0131 sunar. Esnek yap\u0131s\u0131 sayesinde kolay montaj ve y\u00f6nlendirme imk\u00e2n\u0131 sa\u011flar.\u00a0 Oksijensiz bak\u0131r iletkenleri ile temiz ve g\u00fcvenilir ses iletimi sunarak performans kayb\u0131n\u0131 en aza indirir.<\/p>\n<p data-start=\"43\" data-end=\"330\"><a class=\"woocommerce-print-products-pdf-link woocommerce-print-products-pdf-button btn theme-btn theme-button\" href=\"https:\/\/emekkablo.com\/wp-content\/uploads\/2025\/10\/STANDARTESNEK-HOPARLOR-KABLOLARI-OK3D-2-0003.pdf\" target=\"_blank\" rel=\"noopener\">\u00a0Download PDF<\/a><\/p>","protected":false},"featured_media":19342,"template":"","meta":{"_joinchat":[]},"product_brand":[],"product_cat":[80],"product_tag":[],"class_list":{"0":"post-18134","1":"product","2":"type-product","3":"status-publish","4":"has-post-thumbnail","6":"product_cat-ses-ve-goruntu-kablolari","8":"first","9":"instock","10":"shipping-taxable","11":"product-type-grouped"},"_links":{"self":[{"href":"https:\/\/emekkablo.com\/en\/wp-json\/wp\/v2\/product\/18134","targetHints":{"allow":["GET"]}}],"collection":[{"href":"https:\/\/emekkablo.com\/en\/wp-json\/wp\/v2\/product"}],"about":[{"href":"https:\/\/emekkablo.com\/en\/wp-json\/wp\/v2\/types\/product"}],"wp:featuredmedia":[{"embeddable":true,"href":"https:\/\/emekkablo.com\/en\/wp-json\/wp\/v2\/media\/19342"}],"wp:attachment":[{"href":"https:\/\/emekkablo.com\/en\/wp-json\/wp\/v2\/media?parent=18134"}],"wp:term":[{"taxonomy":"product_brand","embeddable":true,"href":"https:\/\/emekkablo.com\/en\/wp-json\/wp\/v2\/product_brand?post=18134"},{"taxonomy":"product_cat","embeddable":true,"href":"https:\/\/emekkablo.com\/en\/wp-json\/wp\/v2\/product_cat?post=18134"},{"taxonomy":"product_tag","embeddable":true,"href":"https:\/\/emekkablo.com\/en\/wp-json\/wp\/v2\/product_tag?post=18134"}],"curies":[{"name":"wp","href":"https:\/\/api.w.org\/{rel}","templated":true}]}}