{"id":17524,"date":"2025-02-18T08:35:51","date_gmt":"2025-02-18T08:35:51","guid":{"rendered":"https:\/\/emekkablo.com\/?page_id=17524"},"modified":"2025-02-18T11:03:13","modified_gmt":"2025-02-18T11:03:13","slug":"standart-yassi-hoparlor-kablolari","status":"publish","type":"page","link":"https:\/\/emekkablo.com\/tr\/standart-yassi-hoparlor-kablolari\/","title":{"rendered":"Standart Yass\u0131 Hoparl\u00f6r Kablolar\u0131"},"content":{"rendered":"\t\t<div data-elementor-type=\"wp-page\" data-elementor-id=\"17524\" class=\"elementor elementor-17524\" data-elementor-post-type=\"page\">\n\t\t\t\t        <section class=\"elementor-section elementor-top-section elementor-element elementor-element-aabec70 elementor-section-full_width elementor-section-height-default elementor-section-height-default pxl-row-scroll-none pxl-zoom-point-false pxl-section-overflow-visible pxl-section-fix-none pxl-full-content-with-space-none pxl-bg-color-none pxl-section-overlay-none\" data-id=\"aabec70\" data-element_type=\"section\">\n\n                \n                <div class=\"elementor-container elementor-column-gap-default \">\n                <div class=\"elementor-column elementor-col-25 elementor-top-column elementor-element elementor-element-ba512c3 pxl-column-none pxl-column-overflow-hidden-no\" data-id=\"ba512c3\" data-element_type=\"column\">\r\n        <div class=\"elementor-widget-wrap\">\r\n                     \r\n                    <\/div>\r\n        <\/div>\r\n                <div class=\"elementor-column elementor-col-25 elementor-top-column elementor-element elementor-element-5f36656 pxl-column-none pxl-column-overflow-hidden-no\" data-id=\"5f36656\" data-element_type=\"column\">\r\n        <div class=\"elementor-widget-wrap elementor-element-populated\">\r\n                     \r\n        \t\t<div class=\"elementor-element elementor-element-90772f4 elementor-widget elementor-widget-image\" data-id=\"90772f4\" data-element_type=\"widget\" data-settings=\"{&quot;_animation&quot;:&quot;none&quot;}\" data-widget_type=\"image.default\">\n\t\t\t\t<div class=\"elementor-widget-container\">\n\t\t\t\t\t\t\t\t\t\t\t\t\t\t\t<img fetchpriority=\"high\" decoding=\"async\" width=\"495\" height=\"407\" src=\"https:\/\/emekkablo.com\/wp-content\/uploads\/2025\/02\/standartyassi_1525.jpg\" class=\"attachment-large size-large wp-image-16794\" alt=\"\" srcset=\"https:\/\/emekkablo.com\/wp-content\/uploads\/2025\/02\/standartyassi_1525.jpg 495w, https:\/\/emekkablo.com\/wp-content\/uploads\/2025\/02\/standartyassi_1525-300x247.jpg 300w\" sizes=\"(max-width: 495px) 100vw, 495px\" \/>\t\t\t\t\t\t\t\t\t\t\t\t\t\t\t<\/div>\n\t\t\t\t<\/div>\n\t\t            <\/div>\r\n        <\/div>\r\n                <div class=\"elementor-column elementor-col-25 elementor-top-column elementor-element elementor-element-392eb2b pxl-column-none pxl-column-overflow-hidden-no\" data-id=\"392eb2b\" data-element_type=\"column\">\r\n        <div class=\"elementor-widget-wrap elementor-element-populated\">\r\n                     \r\n        \t\t<div class=\"elementor-element elementor-element-13d33db elementor-widget elementor-widget-spacer\" data-id=\"13d33db\" data-element_type=\"widget\" data-widget_type=\"spacer.default\">\n\t\t\t\t<div class=\"elementor-widget-container\">\n\t\t\t\t\t\t\t<div class=\"elementor-spacer\">\n\t\t\t<div class=\"elementor-spacer-inner\"><\/div>\n\t\t<\/div>\n\t\t\t\t\t\t<\/div>\n\t\t\t\t<\/div>\n\t\t\t\t<div class=\"elementor-element elementor-element-2cb6fea elementor-widget elementor-widget-text-editor\" data-id=\"2cb6fea\" data-element_type=\"widget\" data-widget_type=\"text-editor.default\">\n\t\t\t\t<div class=\"elementor-widget-container\">\n\t\t\t\t\t\t\t\t\t<div class=\"woocommerce-sg-product-excerpt\"><div class=\"woocommerce-product-details__short-description\"><h3><strong>Standart Yass\u0131 Hoparl\u00f6r Kablolar\u0131<\/strong><\/h3><p>0.50mm2 ile 4.00mm2 iletken alanlar\u0131 aras\u0131nda \u00fcretimi yap\u0131lan bu kablolar esnek ve\u00a0 \u00e7ok telli damar yap\u0131lar\u0131yla ses band\u0131nda y\u00fcksek performans g\u00f6stermektedir.<\/p><\/div><\/div><form class=\"variations_form cart\" action=\"https:\/\/emekkablo.com\/product\/standart-yassi-hoparlor-kablolari\/\" enctype=\"multipart\/form-data\" method=\"post\" data-product_id=\"16878\" data-product_variations=\"[]\"><p class=\"stock out-of-stock\">Bu \u00fcr\u00fcn \u015fu anda stokta yok veya mevcut de\u011fil.<\/p><\/form><div class=\"woocommerce-sg-product-meta\"><div class=\"product_meta\"><span class=\"posted_in\"><strong>Kategoriler:<\/strong> Seslendirme Kablolar\u0131<\/span><\/div><\/div>\t\t\t\t\t\t\t\t<\/div>\n\t\t\t\t<\/div>\n\t\t            <\/div>\r\n        <\/div>\r\n                <div class=\"elementor-column elementor-col-25 elementor-top-column elementor-element elementor-element-8b14f23 pxl-column-none pxl-column-overflow-hidden-no\" data-id=\"8b14f23\" data-element_type=\"column\">\r\n        <div class=\"elementor-widget-wrap\">\r\n                     \r\n                    <\/div>\r\n        <\/div>\r\n        \t\t\t<\/div>\n\t\t<\/section>\n\t\t        <section class=\"elementor-section elementor-top-section elementor-element elementor-element-71b5810 elementor-section-full_width elementor-section-height-default elementor-section-height-default pxl-row-scroll-none pxl-zoom-point-false pxl-section-overflow-visible pxl-section-fix-none pxl-full-content-with-space-none pxl-bg-color-none pxl-section-overlay-none\" data-id=\"71b5810\" data-element_type=\"section\">\n\n                \n                <div class=\"elementor-container elementor-column-gap-default \">\n                <div class=\"elementor-column elementor-col-33 elementor-top-column elementor-element elementor-element-d723835 pxl-column-none pxl-column-overflow-hidden-no\" data-id=\"d723835\" data-element_type=\"column\">\r\n        <div class=\"elementor-widget-wrap\">\r\n                     \r\n                    <\/div>\r\n        <\/div>\r\n                <div class=\"elementor-column elementor-col-33 elementor-top-column elementor-element elementor-element-a7ed3e0 pxl-column-none pxl-column-overflow-hidden-no\" data-id=\"a7ed3e0\" data-element_type=\"column\">\r\n        <div class=\"elementor-widget-wrap elementor-element-populated\">\r\n                     \r\n        \t\t<div class=\"elementor-element elementor-element-cfd730d elementor-widget elementor-widget-pxl_tabs\" data-id=\"cfd730d\" data-element_type=\"widget\" data-widget_type=\"pxl_tabs.default\">\n\t\t\t\t<div class=\"elementor-widget-container\">\n\t\t\t\t\t<div class=\"pxl-tabs pxl-tabs1 tab-effect-slide style-default \" data-wow-delay=\"ms\">\n    <div class=\"pxl-tabs--inner\">\n        <div class=\"pxl-tabs--title\">\n                            <span class=\"pxl-item--title active\" data-target=\"#pxl_tabs-cfd730d-1089-5fdd24c\">\n                    Teknik \u00d6zellikler                <\/span>\n                                            <span class=\"pxl-item--title \" data-target=\"#pxl_tabs-cfd730d-1089-3e5f715\">\n                    A\u00e7\u0131klama                <\/span>\n                                            <span class=\"pxl-item--title \" data-target=\"#pxl_tabs-cfd730d-1089-13ecbda\">\n                    DoP                <\/span>\n                                            <span class=\"pxl-item--title \" data-target=\"#pxl_tabs-cfd730d-1089-9a1417f\">\n                    PDF                <\/span>\n                                    <\/div>\n        <div class=\"pxl-tabs--content\">\n                            <div id=\"pxl_tabs-cfd730d-1089-5fdd24c\" class=\"pxl-item--content active \" style=\"display: block;\">\n                    <table><tbody><tr><td><p><strong>Kullan\u0131m Alanlar\u0131<\/strong><\/p><\/td><td><p>ISDN - VoIP<\/p><p>TOKEN RING 4\/16 Mbit - 100 VG-AnyLAN<\/p><p>TP-PMD \/ TP-DDI - ATM 155, 622,1200 Mbit<\/p><p>ETHERNET: 10 Base T, 100 Base Tx, 100 Base T4, 1000 Base T<\/p><\/td><\/tr><tr><td><p><strong>Kablo Yap\u0131s\u0131<\/strong><\/p><\/td><td><p>\u0130letken: Mono tavl\u0131 bak\u0131r AWG24<\/p><p>\u0130zolasyon: PO \u2013 Poliolefin<\/p><p>K\u0131l\u0131f: PVC veya LSZH - 7035 Gri RAL<\/p><p>Standartlar: IEC 61156-5 \/ N 50288-3-1<\/p><\/td><\/tr><tr><td><p><strong>Teknik \u00d6zellikler <\/strong><\/p><\/td><td><p>Diren\u00e7 (max) : 94 \u03a9 \/ km<\/p><p>Empedans: 1-100 MHz 100 \u00b1 15 \u03a9<\/p><p>Kapasite: Nominal 50 pF\/m \u00a0<\/p><p>Yay\u0131lma H\u0131z\u0131: 69% c<\/p><\/td><\/tr><\/tbody><\/table>        \n                <\/div>\n                            <div id=\"pxl_tabs-cfd730d-1089-3e5f715\" class=\"pxl-item--content  \" >\n                    <table><tbody><tr><td width=\"604\"><p>\u00a0<\/p><p>\u00a0<\/p><p>\u00a0<\/p><p>\u00a0<\/p><p>\u00a0<\/p><p>\u00a0<\/p><p>\u00a0<\/p><p>\u00a0<\/p><p>\u00a0<\/p><p>\u00a0<\/p><p>\u00a0<\/p><p>\u00a0<\/p><\/td><\/tr><\/tbody><\/table>        \n                <\/div>\n                            <div id=\"pxl_tabs-cfd730d-1089-13ecbda\" class=\"pxl-item--content  \" >\n                    <table><tbody><tr><td width=\"604\"><p>\u00a0<\/p><p>\u00a0<\/p><p>\u00a0<\/p><p>\u00a0<\/p><p>\u00a0<\/p><p>\u00a0<\/p><p>\u00a0<\/p><p>\u00a0<\/p><p>\u00a0<\/p><p>\u00a0<\/p><p>\u00a0<\/p><p>\u00a0<\/p><\/td><\/tr><\/tbody><\/table>        \n                <\/div>\n                            <div id=\"pxl_tabs-cfd730d-1089-9a1417f\" class=\"pxl-item--content  \" >\n                    <p><img decoding=\"async\" class=\"alignnone size-medium wp-image-17563\" src=\"https:\/\/emekkablo.com\/wp-content\/uploads\/2025\/02\/1CAT.5E-U_UTP-1-210x300.jpg\" alt=\"\" width=\"210\" height=\"300\" srcset=\"https:\/\/emekkablo.com\/wp-content\/uploads\/2025\/02\/1CAT.5E-U_UTP-1-210x300.jpg 210w, https:\/\/emekkablo.com\/wp-content\/uploads\/2025\/02\/1CAT.5E-U_UTP-1-717x1024.jpg 717w, https:\/\/emekkablo.com\/wp-content\/uploads\/2025\/02\/1CAT.5E-U_UTP-1-768x1097.jpg 768w, https:\/\/emekkablo.com\/wp-content\/uploads\/2025\/02\/1CAT.5E-U_UTP-1-497x710.jpg 497w, https:\/\/emekkablo.com\/wp-content\/uploads\/2025\/02\/1CAT.5E-U_UTP-1-600x857.jpg 600w, https:\/\/emekkablo.com\/wp-content\/uploads\/2025\/02\/1CAT.5E-U_UTP-1.jpg 827w\" sizes=\"(max-width: 210px) 100vw, 210px\" \/><\/p><table><tbody><tr><td width=\"604\"><a href=\"https:\/\/emekkablo.com\/wp-content\/uploads\/2025\/02\/1CAT.5E-U_UTP-1.pdf\">PDF: 1CAT.5E-U_UTP\u00a0<\/a><\/td><\/tr><\/tbody><\/table>        \n                <\/div>\n                    <\/div>\n        \n    <\/div>\n<\/div>\n\t\t\t\t<\/div>\n\t\t\t\t<\/div>\n\t\t            <\/div>\r\n        <\/div>\r\n                <div class=\"elementor-column elementor-col-33 elementor-top-column elementor-element elementor-element-59f8cc8 pxl-column-none pxl-column-overflow-hidden-no\" data-id=\"59f8cc8\" data-element_type=\"column\">\r\n        <div class=\"elementor-widget-wrap\">\r\n                     \r\n                    <\/div>\r\n        <\/div>\r\n        \t\t\t<\/div>\n\t\t<\/section>\n\t\t\t\t<\/div>\n\t\t","protected":false},"excerpt":{"rendered":"<p>Standart Yass\u0131 Hoparl\u00f6r Kablolar\u0131 0.50mm2 ile 4.00mm2 iletken alanlar\u0131 aras\u0131nda \u00fcretimi yap\u0131lan bu kablolar esnek ve\u00a0 \u00e7ok telli damar yap\u0131lar\u0131yla ses band\u0131nda y\u00fcksek performans g\u00f6stermektedir. Bu \u00fcr\u00fcn \u015fu anda stokta yok veya mevcut de\u011fil. Kategoriler: Seslendirme Kablolar\u0131 Teknik \u00d6zellikler A\u00e7\u0131klama DoP PDF Kullan\u0131m Alanlar\u0131 ISDN &#8211; VoIP TOKEN RING 4\/16 Mbit &#8211; 100 VG-AnyLAN TP-PMD [&hellip;]<\/p>\n","protected":false},"author":1,"featured_media":0,"parent":0,"menu_order":0,"comment_status":"closed","ping_status":"closed","template":"","meta":{"_joinchat":[],"footnotes":""},"class_list":["post-17524","page","type-page","status-publish","hentry"],"_links":{"self":[{"href":"https:\/\/emekkablo.com\/tr\/wp-json\/wp\/v2\/pages\/17524","targetHints":{"allow":["GET"]}}],"collection":[{"href":"https:\/\/emekkablo.com\/tr\/wp-json\/wp\/v2\/pages"}],"about":[{"href":"https:\/\/emekkablo.com\/tr\/wp-json\/wp\/v2\/types\/page"}],"author":[{"embeddable":true,"href":"https:\/\/emekkablo.com\/tr\/wp-json\/wp\/v2\/users\/1"}],"replies":[{"embeddable":true,"href":"https:\/\/emekkablo.com\/tr\/wp-json\/wp\/v2\/comments?post=17524"}],"version-history":[{"count":0,"href":"https:\/\/emekkablo.com\/tr\/wp-json\/wp\/v2\/pages\/17524\/revisions"}],"wp:attachment":[{"href":"https:\/\/emekkablo.com\/tr\/wp-json\/wp\/v2\/media?parent=17524"}],"curies":[{"name":"wp","href":"https:\/\/api.w.org\/{rel}","templated":true}]}}