{"id":19554,"date":"2025-03-15T13:33:36","date_gmt":"2025-03-15T13:33:36","guid":{"rendered":"https:\/\/emekkablo.com\/?page_id=19554"},"modified":"2025-03-18T08:08:52","modified_gmt":"2025-03-18T08:08:52","slug":"seslendirme-kablolari","status":"publish","type":"page","link":"https:\/\/emekkablo.com\/tr\/seslendirme-kablolari\/","title":{"rendered":"Seslendirme Kablolar\u0131"},"content":{"rendered":"\t\t<div data-elementor-type=\"wp-page\" data-elementor-id=\"19554\" class=\"elementor elementor-19554\" data-elementor-post-type=\"page\">\n\t\t\t\t        <section class=\"elementor-section elementor-top-section elementor-element elementor-element-9ca211d elementor-section-full_width elementor-section-stretched pxl-full-content-with-space-start elementor-section-height-default elementor-section-height-default pxl-row-scroll-none pxl-zoom-point-false pxl-section-overflow-visible pxl-section-fix-none pxl-bg-color-none pxl-section-overlay-none\" data-id=\"9ca211d\" data-element_type=\"section\" data-settings=\"{&quot;stretch_section&quot;:&quot;section-stretched&quot;,&quot;background_background&quot;:&quot;classic&quot;}\" style=\"padding-left: calc( (100% - 1650px)\/2);\">\n\n                \n                <div class=\"elementor-container elementor-column-gap-extended \">\n                <div class=\"elementor-column elementor-col-50 elementor-top-column elementor-element elementor-element-adb8ca6 pxl-column-none pxl-column-overflow-hidden-no\" data-id=\"adb8ca6\" data-element_type=\"column\" data-settings=\"{&quot;background_background&quot;:&quot;classic&quot;}\">\r\n        <div class=\"elementor-widget-wrap elementor-element-populated\">\r\n                     \r\n        \t\t<div class=\"elementor-element elementor-element-9353234 elementor-widget elementor-widget-pxl_heading\" data-id=\"9353234\" data-element_type=\"widget\" data-widget_type=\"pxl_heading.default\">\n\t\t\t\t<div class=\"elementor-widget-container\">\n\t\t\t\t\t\n<div id=\"pxl-pxl_heading-9353234-9200\" class=\"pxl-heading px-sub-title-default-style \">\n\t<div class=\"pxl-heading--inner\">\n\t\t\t\t\t<div class=\"pxl-item--subtitle px-sub-title-default \" data-wow-delay=\"ms\">\n\t\t\t\t<span class=\"pxl-item--subtext\">\n\t\t\t\t\t\t\t\t\t\tEMEK KABLO\t\t\t\t<\/span>\n\t\t\t<\/div>\n\t\t\n\t\t\t<h3 class=\"pxl-item--title style-default highlight-default \" data-wow-delay=\"ms\">\n\t\t\t\t\t\t\tSeslendirme Kablolar\u0131\t\n\t\t\t\t\n\t\t<\/h3>\n\t<\/div>\n<\/div> \t\t\t\t<\/div>\n\t\t\t\t<\/div>\n\t\t\t\t<div class=\"elementor-element elementor-element-0599cc7 elementor-widget elementor-widget-spacer\" data-id=\"0599cc7\" data-element_type=\"widget\" data-widget_type=\"spacer.default\">\n\t\t\t\t<div class=\"elementor-widget-container\">\n\t\t\t\t\t\t\t<div class=\"elementor-spacer\">\n\t\t\t<div class=\"elementor-spacer-inner\"><\/div>\n\t\t<\/div>\n\t\t\t\t\t\t<\/div>\n\t\t\t\t<\/div>\n\t\t            <\/div>\r\n        <\/div>\r\n                <div class=\"elementor-column elementor-col-50 elementor-top-column elementor-element elementor-element-9f02921 pxl-column-none pxl-column-overflow-hidden-no\" data-id=\"9f02921\" data-element_type=\"column\" data-settings=\"{&quot;background_background&quot;:&quot;classic&quot;}\">\r\n        <div class=\"elementor-widget-wrap elementor-element-populated\">\r\n                     \r\n        \t\t<div class=\"elementor-element elementor-element-fa6fcec elementor-widget elementor-widget-spacer\" data-id=\"fa6fcec\" data-element_type=\"widget\" data-widget_type=\"spacer.default\">\n\t\t\t\t<div class=\"elementor-widget-container\">\n\t\t\t\t\t\t\t<div class=\"elementor-spacer\">\n\t\t\t<div class=\"elementor-spacer-inner\"><\/div>\n\t\t<\/div>\n\t\t\t\t\t\t<\/div>\n\t\t\t\t<\/div>\n\t\t            <\/div>\r\n        <\/div>\r\n        \t\t\t<\/div>\n\t\t<\/section>\n\t\t        <section class=\"elementor-section elementor-top-section elementor-element elementor-element-55549aa elementor-section-boxed elementor-section-height-default elementor-section-height-default pxl-row-scroll-none pxl-zoom-point-false pxl-section-overflow-visible pxl-section-fix-none pxl-bg-color-none pxl-section-overlay-none\" data-id=\"55549aa\" data-element_type=\"section\">\n\n                \n                <div class=\"elementor-container elementor-column-gap-default \">\n                <div class=\"elementor-column elementor-col-100 elementor-top-column elementor-element elementor-element-bc0f416 pxl-column-none pxl-column-overflow-hidden-no\" data-id=\"bc0f416\" data-element_type=\"column\">\r\n        <div class=\"elementor-widget-wrap elementor-element-populated\">\r\n                     \r\n        \t\t<div class=\"elementor-element elementor-element-661d6ce elementor-widget elementor-widget-spacer\" data-id=\"661d6ce\" data-element_type=\"widget\" data-widget_type=\"spacer.default\">\n\t\t\t\t<div class=\"elementor-widget-container\">\n\t\t\t\t\t\t\t<div class=\"elementor-spacer\">\n\t\t\t<div class=\"elementor-spacer-inner\"><\/div>\n\t\t<\/div>\n\t\t\t\t\t\t<\/div>\n\t\t\t\t<\/div>\n\t\t\t\t<div class=\"elementor-element elementor-element-7612d2e sa-icon-direction-left elementor-widget elementor-widget-sky-advanced-accordion\" data-id=\"7612d2e\" data-element_type=\"widget\" data-widget_type=\"sky-advanced-accordion.default\">\n\t\t\t\t<div class=\"elementor-widget-container\">\n\t\t\t\t\t\n\t\t<div id=\"sa-advanced-acc-7612d2e\" class=\"sa-advanced-accordion\" data-settings=\"{&quot;id&quot;:&quot;sa-advanced-acc-7612d2e&quot;,&quot;duration&quot;:400,&quot;collapse&quot;:true,&quot;showMultiple&quot;:true,&quot;openOnInit&quot;:[]}\">\n\n\t\t\t\n\t\t<\/div>\n\n\t\t\t\t\t\t<\/div>\n\t\t\t\t<\/div>\n\t\t\t\t<div class=\"elementor-element elementor-element-16d5864 sa-icon-direction-left elementor-widget elementor-widget-sky-advanced-accordion\" data-id=\"16d5864\" data-element_type=\"widget\" data-widget_type=\"sky-advanced-accordion.default\">\n\t\t\t\t<div class=\"elementor-widget-container\">\n\t\t\t\t\t\n\t\t<div id=\"sa-advanced-acc-16d5864\" class=\"sa-advanced-accordion\" data-settings=\"{&quot;id&quot;:&quot;sa-advanced-acc-16d5864&quot;,&quot;duration&quot;:400,&quot;collapse&quot;:true,&quot;showMultiple&quot;:true,&quot;openOnInit&quot;:[0,1,2,3,4,5,6,7,-1,8,9,10,11,12,13,14,15,16]}\">\n\n\t\t\t\n\t\t\t\t<div class=\"sa-ac-item\">\n\t\t\t\t\t<div class=\"sa-ac-trigger\">\n\n\t\t\t\t\t\t<div class=\"sa-title-wrapper\">\n\t\t\t\t\t\t\t\t\t\t\t\t\t\t<h2 class=\"sa--title sa--text-title sa-ac-title sa-m-0 sa-p-0\"> Seslendirme  Kablolar\u0131 <\/h2>\t\t\t\t\t\t<\/div>\n\t\t\t\t\t\t<span class=\"sa-trigger-icon sa-icon-wrapper sa-ac-icon-left\">\n\t\t\t\t\t\t\t<span class=\"sa-ac-icon-closed sa-icon-wrap\">\n\t\t\t\t\t\t\t\t\t\t\t\t\t\t\t<\/span>\n\t\t\t\t\t\t\t<span class=\"sa-ac-icon-opened sa-icon-wrap\">\n\t\t\t\t\t\t\t\t\t\t\t\t\t\t\t<\/span>\n\t\t\t\t\t\t<\/span>\n\t\t\t\t\t<\/div>\n\t\t\t\t\t<div class=\"sa-ac-panel\">\n\t\t\t\t\t\t<div class=\"sa-ac-content\">\n\t\t\t\t\t\t\t<p><div class=\"woocommerce\"><\/div><table id=\"wcpt_6ec02672e55b1f2c_1\" class=\"wc-product-table woocommerce  hide-header  multicart-enabled theme-default\" width=\"100%\" data-config=\"{&quot;pageLength&quot;:50,&quot;pagingType&quot;:&quot;numbers&quot;,&quot;serverSide&quot;:false,&quot;autoWidth&quot;:true,&quot;clickFilter&quot;:&quot;false&quot;,&quot;scrollOffset&quot;:0,&quot;resetButton&quot;:false,&quot;multiAddToCart&quot;:false,&quot;multiCartLocation&quot;:&quot;top&quot;,&quot;variations&quot;:false,&quot;ajaxCart&quot;:false,&quot;numOrder&quot;:false,&quot;stickyHeader&quot;:false,&quot;lengthMenu&quot;:[[10,25,50,100,-1],[10,25,50,100,&quot;All&quot;]],&quot;columnDefs&quot;:[{&quot;className&quot;:&quot;col-button&quot;,&quot;targets&quot;:0,&quot;type&quot;:&quot;html&quot;},{&quot;className&quot;:&quot;col-name&quot;,&quot;targets&quot;:1,&quot;type&quot;:&quot;html&quot;}],&quot;responsive&quot;:{&quot;details&quot;:{&quot;display&quot;:&quot;child_row&quot;}},&quot;search&quot;:{&quot;search&quot;:&quot;&quot;},&quot;dom&quot;:&quot;&lt;\\&quot;wc-product-table-wrapper graviton wpt-styling-theme\\&quot;&lt;\\&quot;wc-product-table-controls wc-product-table-above\\&quot;&gt;t&lt;\\&quot;wc-product-table-controls wc-product-table-below\\&quot;i&gt;&gt;&quot;}\" data-filters=\"false\" data-order=\"[]\"><thead><tr><th class=\"all\" data-name=\"button\" data-orderable=\"false\" data-searchable=\"true\" data-width=\"28px\" data-priority=\"5\"><\/th><th data-name=\"name\" data-orderable=\"true\" data-searchable=\"true\" data-width=\"95%\" data-priority=\"1\"><\/th><\/tr><\/thead><tbody><tr id=\"product-row-18108\" class=\"product product-row product-18108 instock product-type-grouped not-purchasable\"><td><a href=\"https:\/\/emekkablo.com\/tr\/product\/standart-yassi-hoparlor-kablolari-2\/\" class=\"product-details-button button btn single-product-link\" data-product_id=\"18108\">&rarr;<\/a><\/td><td><a href=\"https:\/\/emekkablo.com\/tr\/product\/standart-yassi-hoparlor-kablolari-2\/\" class=\"single-product-link\" data-product_id=\"18108\">Standart Yass\u0131 Hoparl\u00f6r Kablolar\u0131<\/a><\/td><\/tr><tr id=\"product-row-18121\" class=\"product product-row product-18121 instock product-type-grouped not-purchasable\"><td><a href=\"https:\/\/emekkablo.com\/tr\/product\/profesyonel-yassi-hoparlor-kablolari\/\" class=\"product-details-button button btn single-product-link\" data-product_id=\"18121\">&rarr;<\/a><\/td><td><a href=\"https:\/\/emekkablo.com\/tr\/product\/profesyonel-yassi-hoparlor-kablolari\/\" class=\"single-product-link\" data-product_id=\"18121\">Profesyonel Yass\u0131 Hoparl\u00f6r Kablolar\u0131<\/a><\/td><\/tr><tr id=\"product-row-18134\" class=\"product product-row product-18134 instock product-type-grouped not-purchasable\"><td><a href=\"https:\/\/emekkablo.com\/tr\/product\/standart-esnek-hoparlor-kablosu\/\" class=\"product-details-button button btn single-product-link\" data-product_id=\"18134\">&rarr;<\/a><\/td><td><a href=\"https:\/\/emekkablo.com\/tr\/product\/standart-esnek-hoparlor-kablosu\/\" class=\"single-product-link\" data-product_id=\"18134\">Standart Esnek Hoparl\u00f6r Kablosu<\/a><\/td><\/tr><tr id=\"product-row-18132\" class=\"product product-row product-18132 instock product-type-grouped not-purchasable\"><td><a href=\"https:\/\/emekkablo.com\/tr\/product\/profesyonel-esnek-hoparlor-kablosu\/\" class=\"product-details-button button btn single-product-link\" data-product_id=\"18132\">&rarr;<\/a><\/td><td><a href=\"https:\/\/emekkablo.com\/tr\/product\/profesyonel-esnek-hoparlor-kablosu\/\" class=\"single-product-link\" data-product_id=\"18132\">Profesyonel Esnek Hoparl\u00f6r Kablosu<\/a><\/td><\/tr><tr id=\"product-row-18741\" class=\"product product-row product-18741 instock product-type-grouped not-purchasable\"><td><a href=\"https:\/\/emekkablo.com\/tr\/product\/enstruman-ara-baglanti-kablosu\/\" class=\"product-details-button button btn single-product-link\" data-product_id=\"18741\">&rarr;<\/a><\/td><td><a href=\"https:\/\/emekkablo.com\/tr\/product\/enstruman-ara-baglanti-kablosu\/\" class=\"single-product-link\" data-product_id=\"18741\">Enstr\u00fcman Ara Ba\u011flant\u0131 Kablosu<\/a><\/td><\/tr><tr id=\"product-row-18740\" class=\"product product-row product-18740 instock product-type-grouped not-purchasable\"><td><a href=\"https:\/\/emekkablo.com\/tr\/product\/profesyonel-enstruman-kablolari\/\" class=\"product-details-button button btn single-product-link\" data-product_id=\"18740\">&rarr;<\/a><\/td><td><a href=\"https:\/\/emekkablo.com\/tr\/product\/profesyonel-enstruman-kablolari\/\" class=\"single-product-link\" data-product_id=\"18740\">Profesyonel Enstr\u00fcman Kablolar\u0131<\/a><\/td><\/tr><tr id=\"product-row-18127\" class=\"product product-row product-18127 instock product-type-grouped not-purchasable\"><td><a href=\"https:\/\/emekkablo.com\/tr\/product\/profesyonel-mikrofon-kablolari\/\" class=\"product-details-button button btn single-product-link\" data-product_id=\"18127\">&rarr;<\/a><\/td><td><a href=\"https:\/\/emekkablo.com\/tr\/product\/profesyonel-mikrofon-kablolari\/\" class=\"single-product-link\" data-product_id=\"18127\">Profesyonel Mikrofon Kablolar\u0131<\/a><\/td><\/tr><tr id=\"product-row-18124\" class=\"product product-row product-18124 instock product-type-grouped not-purchasable\"><td><a href=\"https:\/\/emekkablo.com\/tr\/product\/110%cf%89-dijital-audio-isiklandirma-kablosu\/\" class=\"product-details-button button btn single-product-link\" data-product_id=\"18124\">&rarr;<\/a><\/td><td><a href=\"https:\/\/emekkablo.com\/tr\/product\/110%cf%89-dijital-audio-isiklandirma-kablosu\/\" class=\"single-product-link\" data-product_id=\"18124\">110\u03a9 Dijital Audio &#038; I\u015f\u0131kland\u0131rma Kablosu<\/a><\/td><\/tr><tr id=\"product-row-18246\" class=\"product product-row product-18246 instock product-type-grouped not-purchasable\"><td><a href=\"https:\/\/emekkablo.com\/tr\/product\/cok-kanalli-analog-ses-kablolari-al-folyo-ekranli\/\" class=\"product-details-button button btn single-product-link\" data-product_id=\"18246\">&rarr;<\/a><\/td><td><a href=\"https:\/\/emekkablo.com\/tr\/product\/cok-kanalli-analog-ses-kablolari-al-folyo-ekranli\/\" class=\"single-product-link\" data-product_id=\"18246\">\u00c7ok Kanall\u0131 Analog Ses Kablolar\u0131 (Al Folyo Ekranl\u0131)<\/a><\/td><\/tr><tr id=\"product-row-18731\" class=\"product product-row product-18731 instock product-type-grouped not-purchasable\"><td><a href=\"https:\/\/emekkablo.com\/tr\/product\/cok-kanalli-analog-ses-kablolari-sarma-ekranli\/\" class=\"product-details-button button btn single-product-link\" data-product_id=\"18731\">&rarr;<\/a><\/td><td><a href=\"https:\/\/emekkablo.com\/tr\/product\/cok-kanalli-analog-ses-kablolari-sarma-ekranli\/\" class=\"single-product-link\" data-product_id=\"18731\">\u00c7ok Kanall\u0131 Analog Ses Kablolar\u0131 (Sarma Ekranl\u0131)<\/a><\/td><\/tr><tr id=\"product-row-18739\" class=\"product product-row product-18739 instock product-type-grouped not-purchasable\"><td><a href=\"https:\/\/emekkablo.com\/tr\/product\/cok-kanalli-dijital-ses-kablolari-orgu-ekranli\/\" class=\"product-details-button button btn single-product-link\" data-product_id=\"18739\">&rarr;<\/a><\/td><td><a href=\"https:\/\/emekkablo.com\/tr\/product\/cok-kanalli-dijital-ses-kablolari-orgu-ekranli\/\" class=\"single-product-link\" data-product_id=\"18739\">\u00c7ok Kanall\u0131 Dijital Ses Kablolar\u0131 (\u00d6rg\u00fc Ekranl\u0131)<\/a><\/td><\/tr><tr id=\"product-row-18738\" class=\"product product-row product-18738 instock product-type-grouped not-purchasable\"><td><a href=\"https:\/\/emekkablo.com\/tr\/product\/cok-kanalli-dijital-ses-kablolari-sarma-ekranli\/\" class=\"product-details-button button btn single-product-link\" data-product_id=\"18738\">&rarr;<\/a><\/td><td><a href=\"https:\/\/emekkablo.com\/tr\/product\/cok-kanalli-dijital-ses-kablolari-sarma-ekranli\/\" class=\"single-product-link\" data-product_id=\"18738\">\u00c7ok Kanall\u0131 Dijital Ses Kablolar\u0131 (Sarma Ekranl\u0131)<\/a><\/td><\/tr><\/tbody><\/table><\/p>\t\t\t\t\t\t<\/div>\n\t\t\t\t\t<\/div>\n\t\t\t\t<\/div>\n\n\t\t\t\n\t\t<\/div>\n\n\t\t\t\t\t\t<\/div>\n\t\t\t\t<\/div>\n\t\t\t\t<div class=\"elementor-element elementor-element-04d6620 sa-icon-direction-left elementor-widget elementor-widget-sky-advanced-accordion\" data-id=\"04d6620\" data-element_type=\"widget\" data-widget_type=\"sky-advanced-accordion.default\">\n\t\t\t\t<div class=\"elementor-widget-container\">\n\t\t\t\t\t\n\t\t<div id=\"sa-advanced-acc-04d6620\" class=\"sa-advanced-accordion\" data-settings=\"{&quot;id&quot;:&quot;sa-advanced-acc-04d6620&quot;,&quot;duration&quot;:400,&quot;collapse&quot;:true,&quot;showMultiple&quot;:false,&quot;openOnInit&quot;:[]}\">\n\n\t\t\t\n\t\t<\/div>\n\n\t\t\t\t\t\t<\/div>\n\t\t\t\t<\/div>\n\t\t\t\t<div class=\"elementor-element elementor-element-91df745 sa-icon-direction-left elementor-widget elementor-widget-sky-advanced-accordion\" data-id=\"91df745\" data-element_type=\"widget\" data-widget_type=\"sky-advanced-accordion.default\">\n\t\t\t\t<div class=\"elementor-widget-container\">\n\t\t\t\t\t\n\t\t<div id=\"sa-advanced-acc-91df745\" class=\"sa-advanced-accordion\" data-settings=\"{&quot;id&quot;:&quot;sa-advanced-acc-91df745&quot;,&quot;duration&quot;:400,&quot;collapse&quot;:true,&quot;showMultiple&quot;:true,&quot;openOnInit&quot;:[]}\">\n\n\t\t\t\n\t\t<\/div>\n\n\t\t\t\t\t\t<\/div>\n\t\t\t\t<\/div>\n\t\t\t\t<div class=\"elementor-element elementor-element-1a8c353 sa-icon-direction-left elementor-widget elementor-widget-sky-advanced-accordion\" data-id=\"1a8c353\" data-element_type=\"widget\" data-widget_type=\"sky-advanced-accordion.default\">\n\t\t\t\t<div class=\"elementor-widget-container\">\n\t\t\t\t\t\n\t\t<div id=\"sa-advanced-acc-1a8c353\" class=\"sa-advanced-accordion\" data-settings=\"{&quot;id&quot;:&quot;sa-advanced-acc-1a8c353&quot;,&quot;duration&quot;:400,&quot;collapse&quot;:true,&quot;showMultiple&quot;:false,&quot;openOnInit&quot;:[]}\">\n\n\t\t\t\n\t\t<\/div>\n\n\t\t\t\t\t\t<\/div>\n\t\t\t\t<\/div>\n\t\t\t\t<div class=\"elementor-element elementor-element-e2a310c sa-icon-direction-left elementor-widget elementor-widget-sky-advanced-accordion\" data-id=\"e2a310c\" data-element_type=\"widget\" data-widget_type=\"sky-advanced-accordion.default\">\n\t\t\t\t<div class=\"elementor-widget-container\">\n\t\t\t\t\t\n\t\t<div id=\"sa-advanced-acc-e2a310c\" class=\"sa-advanced-accordion\" data-settings=\"{&quot;id&quot;:&quot;sa-advanced-acc-e2a310c&quot;,&quot;duration&quot;:400,&quot;collapse&quot;:true,&quot;showMultiple&quot;:true,&quot;openOnInit&quot;:[]}\">\n\n\t\t\t\n\t\t<\/div>\n\n\t\t\t\t\t\t<\/div>\n\t\t\t\t<\/div>\n\t\t            <\/div>\r\n        <\/div>\r\n        \t\t\t<\/div>\n\t\t<\/section>\n\t\t        <section class=\"elementor-section elementor-top-section elementor-element elementor-element-efd1311 elementor-section-stretched elementor-section-full_width elementor-section-height-default elementor-section-height-default pxl-row-scroll-none pxl-zoom-point-false pxl-section-overflow-visible pxl-section-fix-none pxl-full-content-with-space-none pxl-bg-color-none pxl-section-overlay-none\" data-id=\"efd1311\" data-element_type=\"section\" data-settings=\"{&quot;stretch_section&quot;:&quot;section-stretched&quot;,&quot;background_background&quot;:&quot;classic&quot;}\">\n\n                \n                <div class=\"elementor-container elementor-column-gap-extended \">\n                <div class=\"elementor-column elementor-col-100 elementor-top-column elementor-element elementor-element-db07db6 pxl-column-none pxl-column-overflow-hidden-no\" data-id=\"db07db6\" data-element_type=\"column\">\r\n        <div class=\"elementor-widget-wrap elementor-element-populated\">\r\n                     \r\n                <section class=\"elementor-section elementor-inner-section elementor-element elementor-element-64dbce6 elementor-section-boxed elementor-section-height-default elementor-section-height-default pxl-row-scroll-none pxl-zoom-point-false pxl-section-overflow-visible pxl-section-fix-none pxl-bg-color-none pxl-section-overlay-none\" data-id=\"64dbce6\" data-element_type=\"section\">\n\n                \n                <div class=\"elementor-container elementor-column-gap-default \">\n                <div class=\"elementor-column elementor-col-100 elementor-inner-column elementor-element elementor-element-380488c pxl-column-none pxl-column-overflow-hidden-no\" data-id=\"380488c\" data-element_type=\"column\">\r\n        <div class=\"elementor-widget-wrap elementor-element-populated\">\r\n                     \r\n        \t\t<div class=\"elementor-element elementor-element-e90dbdd elementor-widget elementor-widget-pxl_heading\" data-id=\"e90dbdd\" data-element_type=\"widget\" data-widget_type=\"pxl_heading.default\">\n\t\t\t\t<div class=\"elementor-widget-container\">\n\t\t\t\t\t\n<div id=\"pxl-pxl_heading-e90dbdd-9251\" class=\"pxl-heading px-sub-title-dot-2-style \">\n\t<div class=\"pxl-heading--inner\">\n\t\t\t\t\t<div class=\"pxl-item--subtitle px-sub-title-dot-2 \" data-wow-delay=\"ms\">\n\t\t\t\t<span class=\"pxl-item--subtext\">\n\t\t\t\t\t\t\t\t\t\tEmek Kablo\t\t\t\t<\/span>\n\t\t\t<\/div>\n\t\t\n\t\t\t<h3 class=\"pxl-item--title style-default highlight-default \" data-wow-delay=\"ms\">\n\t\t\t\t\t\t\tEmek Kablo hayat\u0131 kolayla\u015ft\u0131r\u0131r\t\n\t\t\t\t\n\t\t<\/h3>\n\t<\/div>\n<\/div> \t\t\t\t<\/div>\n\t\t\t\t<\/div>\n\t\t\t\t<div class=\"elementor-element elementor-element-b343966 elementor-widget elementor-widget-pxl_text_editor\" data-id=\"b343966\" data-element_type=\"widget\" data-widget_type=\"pxl_text_editor.default\">\n\t\t\t\t<div class=\"elementor-widget-container\">\n\t\t\t\t\t<div class=\"pxl-text-editor\">\n\t<div class=\"pxl-item--inner \" data-wow-delay=\"ms\">\n\t\t<p><strong data-start=\"158\" data-end=\"172\">Emek Kablo<\/strong> olarak, geli\u015ftirdi\u011fimiz yenilik\u00e7i ve y\u00fcksek kaliteli kablo \u00e7\u00f6z\u00fcmleriyle hayat\u0131 kolayla\u015ft\u0131r\u0131yor, g\u00fcvenilir ve s\u00fcrd\u00fcr\u00fclebilir bir gelecek in\u015fa ediyoruz.<\/p>\t\t\n\t<\/div>\n<\/div>\t\t\t\t<\/div>\n\t\t\t\t<\/div>\n\t\t            <\/div>\r\n        <\/div>\r\n        \t\t\t<\/div>\n\t\t<\/section>\n\t\t            <\/div>\r\n        <\/div>\r\n        \t\t\t<\/div>\n\t\t<\/section>\n\t\t        <section class=\"elementor-section elementor-top-section elementor-element elementor-element-299a2a8 elementor-section-boxed elementor-section-height-default elementor-section-height-default pxl-row-scroll-none pxl-zoom-point-false pxl-section-overflow-visible pxl-section-fix-none pxl-bg-color-none pxl-section-overlay-none\" data-id=\"299a2a8\" data-element_type=\"section\">\n\n                \n                <div class=\"elementor-container elementor-column-gap-default \">\n                <div class=\"elementor-column elementor-col-100 elementor-top-column elementor-element elementor-element-9e69ba6 pxl-column-none pxl-column-overflow-hidden-no\" data-id=\"9e69ba6\" data-element_type=\"column\">\r\n        <div class=\"elementor-widget-wrap\">\r\n                     \r\n                    <\/div>\r\n        <\/div>\r\n        \t\t\t<\/div>\n\t\t<\/section>\n\t\t\t\t<\/div>\n\t\t","protected":false},"excerpt":{"rendered":"<p>EMEK KABLO Seslendirme Kablolar\u0131 Seslendirme Kablolar\u0131 &rarr; Standart Yass\u0131 Hoparl\u00f6r Kablolar\u0131 &rarr; Profesyonel Yass\u0131 Hoparl\u00f6r Kablolar\u0131 &rarr; Standart Esnek Hoparl\u00f6r Kablosu &rarr; Profesyonel Esnek Hoparl\u00f6r Kablosu &rarr; Enstr\u00fcman Ara Ba\u011flant\u0131 Kablosu &rarr; Profesyonel Enstr\u00fcman Kablolar\u0131 &rarr; Profesyonel Mikrofon Kablolar\u0131 &rarr; 110\u03a9 Dijital Audio &#038; I\u015f\u0131kland\u0131rma Kablosu &rarr; \u00c7ok Kanall\u0131 Analog Ses Kablolar\u0131 (Al Folyo Ekranl\u0131) [&hellip;]<\/p>\n","protected":false},"author":1,"featured_media":16731,"parent":0,"menu_order":0,"comment_status":"closed","ping_status":"closed","template":"","meta":{"_joinchat":[],"footnotes":""},"class_list":["post-19554","page","type-page","status-publish","has-post-thumbnail","hentry"],"_links":{"self":[{"href":"https:\/\/emekkablo.com\/tr\/wp-json\/wp\/v2\/pages\/19554","targetHints":{"allow":["GET"]}}],"collection":[{"href":"https:\/\/emekkablo.com\/tr\/wp-json\/wp\/v2\/pages"}],"about":[{"href":"https:\/\/emekkablo.com\/tr\/wp-json\/wp\/v2\/types\/page"}],"author":[{"embeddable":true,"href":"https:\/\/emekkablo.com\/tr\/wp-json\/wp\/v2\/users\/1"}],"replies":[{"embeddable":true,"href":"https:\/\/emekkablo.com\/tr\/wp-json\/wp\/v2\/comments?post=19554"}],"version-history":[{"count":0,"href":"https:\/\/emekkablo.com\/tr\/wp-json\/wp\/v2\/pages\/19554\/revisions"}],"wp:featuredmedia":[{"embeddable":true,"href":"https:\/\/emekkablo.com\/tr\/wp-json\/wp\/v2\/media\/16731"}],"wp:attachment":[{"href":"https:\/\/emekkablo.com\/tr\/wp-json\/wp\/v2\/media?parent=19554"}],"curies":[{"name":"wp","href":"https:\/\/api.w.org\/{rel}","templated":true}]}}