{"id":19567,"date":"2025-03-15T13:40:12","date_gmt":"2025-03-15T13:40:12","guid":{"rendered":"https:\/\/emekkablo.com\/?page_id=19567"},"modified":"2025-03-18T08:11:23","modified_gmt":"2025-03-18T08:11:23","slug":"kontrol-kablolari","status":"publish","type":"page","link":"https:\/\/emekkablo.com\/tr\/kontrol-kablolari\/","title":{"rendered":"Kontrol Kablolar\u0131"},"content":{"rendered":"\t\t<div data-elementor-type=\"wp-page\" data-elementor-id=\"19567\" class=\"elementor elementor-19567\" data-elementor-post-type=\"page\">\n\t\t\t\t        <section class=\"elementor-section elementor-top-section elementor-element elementor-element-f1e17d3 elementor-section-full_width elementor-section-stretched pxl-full-content-with-space-start elementor-section-height-default elementor-section-height-default pxl-row-scroll-none pxl-zoom-point-false pxl-section-overflow-visible pxl-section-fix-none pxl-bg-color-none pxl-section-overlay-none\" data-id=\"f1e17d3\" data-element_type=\"section\" data-settings=\"{&quot;stretch_section&quot;:&quot;section-stretched&quot;,&quot;background_background&quot;:&quot;classic&quot;}\" style=\"padding-left: calc( (100% - 1650px)\/2);\">\n\n                \n                <div class=\"elementor-container elementor-column-gap-extended \">\n                <div class=\"elementor-column elementor-col-50 elementor-top-column elementor-element elementor-element-2543736 pxl-column-none pxl-column-overflow-hidden-no\" data-id=\"2543736\" data-element_type=\"column\" data-settings=\"{&quot;background_background&quot;:&quot;classic&quot;}\">\r\n        <div class=\"elementor-widget-wrap elementor-element-populated\">\r\n                     \r\n        \t\t<div class=\"elementor-element elementor-element-ab6a20f elementor-widget elementor-widget-pxl_heading\" data-id=\"ab6a20f\" data-element_type=\"widget\" data-widget_type=\"pxl_heading.default\">\n\t\t\t\t<div class=\"elementor-widget-container\">\n\t\t\t\t\t\n<div id=\"pxl-pxl_heading-ab6a20f-5570\" class=\"pxl-heading px-sub-title-default-style \">\n\t<div class=\"pxl-heading--inner\">\n\t\t\t\t\t<div class=\"pxl-item--subtitle px-sub-title-default \" data-wow-delay=\"ms\">\n\t\t\t\t<span class=\"pxl-item--subtext\">\n\t\t\t\t\t\t\t\t\t\tEMEK KABLO\t\t\t\t<\/span>\n\t\t\t<\/div>\n\t\t\n\t\t\t<h3 class=\"pxl-item--title style-default highlight-default \" data-wow-delay=\"ms\">\n\t\t\t\t\t\t\tKontrol Kablolar\u0131\t\n\t\t\t\t\n\t\t<\/h3>\n\t<\/div>\n<\/div> \t\t\t\t<\/div>\n\t\t\t\t<\/div>\n\t\t\t\t<div class=\"elementor-element elementor-element-9c938e2 elementor-widget elementor-widget-spacer\" data-id=\"9c938e2\" data-element_type=\"widget\" data-widget_type=\"spacer.default\">\n\t\t\t\t<div class=\"elementor-widget-container\">\n\t\t\t\t\t\t\t<div class=\"elementor-spacer\">\n\t\t\t<div class=\"elementor-spacer-inner\"><\/div>\n\t\t<\/div>\n\t\t\t\t\t\t<\/div>\n\t\t\t\t<\/div>\n\t\t            <\/div>\r\n        <\/div>\r\n                <div class=\"elementor-column elementor-col-50 elementor-top-column elementor-element elementor-element-4ac01af pxl-column-none pxl-column-overflow-hidden-no\" data-id=\"4ac01af\" data-element_type=\"column\" data-settings=\"{&quot;background_background&quot;:&quot;classic&quot;}\">\r\n        <div class=\"elementor-widget-wrap elementor-element-populated\">\r\n                     \r\n        \t\t<div class=\"elementor-element elementor-element-ba72b0d elementor-widget elementor-widget-spacer\" data-id=\"ba72b0d\" data-element_type=\"widget\" data-widget_type=\"spacer.default\">\n\t\t\t\t<div class=\"elementor-widget-container\">\n\t\t\t\t\t\t\t<div class=\"elementor-spacer\">\n\t\t\t<div class=\"elementor-spacer-inner\"><\/div>\n\t\t<\/div>\n\t\t\t\t\t\t<\/div>\n\t\t\t\t<\/div>\n\t\t            <\/div>\r\n        <\/div>\r\n        \t\t\t<\/div>\n\t\t<\/section>\n\t\t        <section class=\"elementor-section elementor-top-section elementor-element elementor-element-55549aa elementor-section-boxed elementor-section-height-default elementor-section-height-default pxl-row-scroll-none pxl-zoom-point-false pxl-section-overflow-visible pxl-section-fix-none pxl-bg-color-none pxl-section-overlay-none\" data-id=\"55549aa\" data-element_type=\"section\">\n\n                \n                <div class=\"elementor-container elementor-column-gap-default \">\n                <div class=\"elementor-column elementor-col-100 elementor-top-column elementor-element elementor-element-bc0f416 pxl-column-none pxl-column-overflow-hidden-no\" data-id=\"bc0f416\" data-element_type=\"column\">\r\n        <div class=\"elementor-widget-wrap elementor-element-populated\">\r\n                     \r\n        \t\t<div class=\"elementor-element elementor-element-661d6ce elementor-widget elementor-widget-spacer\" data-id=\"661d6ce\" data-element_type=\"widget\" data-widget_type=\"spacer.default\">\n\t\t\t\t<div class=\"elementor-widget-container\">\n\t\t\t\t\t\t\t<div class=\"elementor-spacer\">\n\t\t\t<div class=\"elementor-spacer-inner\"><\/div>\n\t\t<\/div>\n\t\t\t\t\t\t<\/div>\n\t\t\t\t<\/div>\n\t\t\t\t<div class=\"elementor-element elementor-element-7612d2e sa-icon-direction-left elementor-widget elementor-widget-sky-advanced-accordion\" data-id=\"7612d2e\" data-element_type=\"widget\" data-widget_type=\"sky-advanced-accordion.default\">\n\t\t\t\t<div class=\"elementor-widget-container\">\n\t\t\t\t\t\n\t\t<div id=\"sa-advanced-acc-7612d2e\" class=\"sa-advanced-accordion\" data-settings=\"{&quot;id&quot;:&quot;sa-advanced-acc-7612d2e&quot;,&quot;duration&quot;:400,&quot;collapse&quot;:true,&quot;showMultiple&quot;:true,&quot;openOnInit&quot;:[]}\">\n\n\t\t\t\n\t\t<\/div>\n\n\t\t\t\t\t\t<\/div>\n\t\t\t\t<\/div>\n\t\t\t\t<div class=\"elementor-element elementor-element-16d5864 sa-icon-direction-left elementor-widget elementor-widget-sky-advanced-accordion\" data-id=\"16d5864\" data-element_type=\"widget\" data-widget_type=\"sky-advanced-accordion.default\">\n\t\t\t\t<div class=\"elementor-widget-container\">\n\t\t\t\t\t\n\t\t<div id=\"sa-advanced-acc-16d5864\" class=\"sa-advanced-accordion\" data-settings=\"{&quot;id&quot;:&quot;sa-advanced-acc-16d5864&quot;,&quot;duration&quot;:400,&quot;collapse&quot;:true,&quot;showMultiple&quot;:true,&quot;openOnInit&quot;:[]}\">\n\n\t\t\t\n\t\t<\/div>\n\n\t\t\t\t\t\t<\/div>\n\t\t\t\t<\/div>\n\t\t\t\t<div class=\"elementor-element elementor-element-04d6620 sa-icon-direction-left elementor-widget elementor-widget-sky-advanced-accordion\" data-id=\"04d6620\" data-element_type=\"widget\" data-widget_type=\"sky-advanced-accordion.default\">\n\t\t\t\t<div class=\"elementor-widget-container\">\n\t\t\t\t\t\n\t\t<div id=\"sa-advanced-acc-04d6620\" class=\"sa-advanced-accordion\" data-settings=\"{&quot;id&quot;:&quot;sa-advanced-acc-04d6620&quot;,&quot;duration&quot;:400,&quot;collapse&quot;:true,&quot;showMultiple&quot;:false,&quot;openOnInit&quot;:[0,1,2,3,4,5,6,7,8,9,10,11,12,13,14,15]}\">\n\n\t\t\t\n\t\t\t\t<div class=\"sa-ac-item\">\n\t\t\t\t\t<div class=\"sa-ac-trigger\">\n\n\t\t\t\t\t\t<div class=\"sa-title-wrapper\">\n\t\t\t\t\t\t\t\t\t\t\t\t\t\t<h2 class=\"sa--title sa--text-title sa-ac-title sa-m-0 sa-p-0\"> Kontrol Kablolar\u0131 <\/h2>\t\t\t\t\t\t<\/div>\n\t\t\t\t\t\t<span class=\"sa-trigger-icon sa-icon-wrapper sa-ac-icon-left\">\n\t\t\t\t\t\t\t<span class=\"sa-ac-icon-closed sa-icon-wrap\">\n\t\t\t\t\t\t\t\t\t\t\t\t\t\t\t<\/span>\n\t\t\t\t\t\t\t<span class=\"sa-ac-icon-opened sa-icon-wrap\">\n\t\t\t\t\t\t\t\t\t\t\t\t\t\t\t<\/span>\n\t\t\t\t\t\t<\/span>\n\t\t\t\t\t<\/div>\n\t\t\t\t\t<div class=\"sa-ac-panel\">\n\t\t\t\t\t\t<div class=\"sa-ac-content\">\n\t\t\t\t\t\t\t<p><div class=\"woocommerce\"><\/div><table id=\"wcpt_3c972a59702a1740_1\" class=\"wc-product-table woocommerce  hide-header  multicart-enabled theme-default\" width=\"100%\" data-config=\"{&quot;pageLength&quot;:50,&quot;pagingType&quot;:&quot;numbers&quot;,&quot;serverSide&quot;:false,&quot;autoWidth&quot;:true,&quot;clickFilter&quot;:&quot;false&quot;,&quot;scrollOffset&quot;:0,&quot;resetButton&quot;:false,&quot;multiAddToCart&quot;:false,&quot;multiCartLocation&quot;:&quot;top&quot;,&quot;variations&quot;:false,&quot;ajaxCart&quot;:false,&quot;numOrder&quot;:false,&quot;stickyHeader&quot;:false,&quot;lengthMenu&quot;:[[10,25,50,100,-1],[10,25,50,100,&quot;All&quot;]],&quot;columnDefs&quot;:[{&quot;className&quot;:&quot;col-button&quot;,&quot;targets&quot;:0,&quot;type&quot;:&quot;html&quot;},{&quot;className&quot;:&quot;col-name&quot;,&quot;targets&quot;:1,&quot;type&quot;:&quot;html&quot;}],&quot;responsive&quot;:{&quot;details&quot;:{&quot;display&quot;:&quot;child_row&quot;}},&quot;search&quot;:{&quot;search&quot;:&quot;&quot;},&quot;dom&quot;:&quot;&lt;\\&quot;wc-product-table-wrapper graviton wpt-styling-theme\\&quot;&lt;\\&quot;wc-product-table-controls wc-product-table-above\\&quot;&gt;t&lt;\\&quot;wc-product-table-controls wc-product-table-below\\&quot;i&gt;&gt;&quot;}\" data-filters=\"false\" data-order=\"[]\"><thead><tr><th class=\"all\" data-name=\"button\" data-orderable=\"false\" data-searchable=\"true\" data-width=\"32px\" data-priority=\"5\"><\/th><th data-name=\"name\" data-orderable=\"true\" data-searchable=\"true\" data-priority=\"1\"><\/th><\/tr><\/thead><tbody><tr id=\"product-row-18250\" class=\"product product-row product-18250 instock product-type-grouped not-purchasable\"><td><a href=\"https:\/\/emekkablo.com\/tr\/product\/ysly-300-500-v\/\" class=\"product-details-button button btn single-product-link\" data-product_id=\"18250\">&rarr;<\/a><\/td><td><a href=\"https:\/\/emekkablo.com\/tr\/product\/ysly-300-500-v\/\" class=\"single-product-link\" data-product_id=\"18250\">YSLY 300\/500 V<\/a><\/td><\/tr><tr id=\"product-row-18230\" class=\"product product-row product-18230 instock product-type-grouped not-purchasable\"><td><a href=\"https:\/\/emekkablo.com\/tr\/product\/hslh\/\" class=\"product-details-button button btn single-product-link\" data-product_id=\"18230\">&rarr;<\/a><\/td><td><a href=\"https:\/\/emekkablo.com\/tr\/product\/hslh\/\" class=\"single-product-link\" data-product_id=\"18230\">HSLH 300\/500 V<\/a><\/td><\/tr><tr id=\"product-row-18248\" class=\"product product-row product-18248 instock product-type-grouped not-purchasable\"><td><a href=\"https:\/\/emekkablo.com\/tr\/product\/yslcy\/\" class=\"product-details-button button btn single-product-link\" data-product_id=\"18248\">&rarr;<\/a><\/td><td><a href=\"https:\/\/emekkablo.com\/tr\/product\/yslcy\/\" class=\"single-product-link\" data-product_id=\"18248\">YSLCY 300\/500 V<\/a><\/td><\/tr><tr id=\"product-row-18216\" class=\"product product-row product-18216 instock product-type-grouped not-purchasable\"><td><a href=\"https:\/\/emekkablo.com\/tr\/product\/hslch\/\" class=\"product-details-button button btn single-product-link\" data-product_id=\"18216\">&rarr;<\/a><\/td><td><a href=\"https:\/\/emekkablo.com\/tr\/product\/hslch\/\" class=\"single-product-link\" data-product_id=\"18216\">HSLCH 300\/500 V<\/a><\/td><\/tr><tr id=\"product-row-18187\" class=\"product product-row product-18187 instock product-type-grouped not-purchasable\"><td><a href=\"https:\/\/emekkablo.com\/tr\/product\/n-yslyo-j\/\" class=\"product-details-button button btn single-product-link\" data-product_id=\"18187\">&rarr;<\/a><\/td><td><a href=\"https:\/\/emekkablo.com\/tr\/product\/n-yslyo-j\/\" class=\"single-product-link\" data-product_id=\"18187\">(N) YSLY\u00d6-J<\/a><\/td><\/tr><tr id=\"product-row-18189\" class=\"product product-row product-18189 outofstock product-type-grouped not-purchasable\"><td><a href=\"https:\/\/emekkablo.com\/tr\/product\/n-yslycyo-j\/\" class=\"product-details-button button btn single-product-link\" data-product_id=\"18189\">&rarr;<\/a><\/td><td><a href=\"https:\/\/emekkablo.com\/tr\/product\/n-yslycyo-j\/\" class=\"single-product-link\" data-product_id=\"18189\">(N) YSLYCY\u00d6-J<\/a><\/td><\/tr><\/tbody><\/table><\/p>\t\t\t\t\t\t<\/div>\n\t\t\t\t\t<\/div>\n\t\t\t\t<\/div>\n\n\t\t\t\n\t\t<\/div>\n\n\t\t\t\t\t\t<\/div>\n\t\t\t\t<\/div>\n\t\t\t\t<div class=\"elementor-element elementor-element-91df745 sa-icon-direction-left elementor-widget elementor-widget-sky-advanced-accordion\" data-id=\"91df745\" data-element_type=\"widget\" data-widget_type=\"sky-advanced-accordion.default\">\n\t\t\t\t<div class=\"elementor-widget-container\">\n\t\t\t\t\t\n\t\t<div id=\"sa-advanced-acc-91df745\" class=\"sa-advanced-accordion\" data-settings=\"{&quot;id&quot;:&quot;sa-advanced-acc-91df745&quot;,&quot;duration&quot;:400,&quot;collapse&quot;:true,&quot;showMultiple&quot;:true,&quot;openOnInit&quot;:[]}\">\n\n\t\t\t\n\t\t<\/div>\n\n\t\t\t\t\t\t<\/div>\n\t\t\t\t<\/div>\n\t\t\t\t<div class=\"elementor-element elementor-element-1a8c353 sa-icon-direction-left elementor-widget elementor-widget-sky-advanced-accordion\" data-id=\"1a8c353\" data-element_type=\"widget\" data-widget_type=\"sky-advanced-accordion.default\">\n\t\t\t\t<div class=\"elementor-widget-container\">\n\t\t\t\t\t\n\t\t<div id=\"sa-advanced-acc-1a8c353\" class=\"sa-advanced-accordion\" data-settings=\"{&quot;id&quot;:&quot;sa-advanced-acc-1a8c353&quot;,&quot;duration&quot;:400,&quot;collapse&quot;:true,&quot;showMultiple&quot;:false,&quot;openOnInit&quot;:[]}\">\n\n\t\t\t\n\t\t<\/div>\n\n\t\t\t\t\t\t<\/div>\n\t\t\t\t<\/div>\n\t\t\t\t<div class=\"elementor-element elementor-element-e2a310c sa-icon-direction-left elementor-widget elementor-widget-sky-advanced-accordion\" data-id=\"e2a310c\" data-element_type=\"widget\" data-widget_type=\"sky-advanced-accordion.default\">\n\t\t\t\t<div class=\"elementor-widget-container\">\n\t\t\t\t\t\n\t\t<div id=\"sa-advanced-acc-e2a310c\" class=\"sa-advanced-accordion\" data-settings=\"{&quot;id&quot;:&quot;sa-advanced-acc-e2a310c&quot;,&quot;duration&quot;:400,&quot;collapse&quot;:true,&quot;showMultiple&quot;:true,&quot;openOnInit&quot;:[]}\">\n\n\t\t\t\n\t\t<\/div>\n\n\t\t\t\t\t\t<\/div>\n\t\t\t\t<\/div>\n\t\t            <\/div>\r\n        <\/div>\r\n        \t\t\t<\/div>\n\t\t<\/section>\n\t\t        <section class=\"elementor-section elementor-top-section elementor-element elementor-element-efd1311 elementor-section-stretched elementor-section-full_width elementor-section-height-default elementor-section-height-default pxl-row-scroll-none pxl-zoom-point-false pxl-section-overflow-visible pxl-section-fix-none pxl-full-content-with-space-none pxl-bg-color-none pxl-section-overlay-none\" data-id=\"efd1311\" data-element_type=\"section\" data-settings=\"{&quot;stretch_section&quot;:&quot;section-stretched&quot;,&quot;background_background&quot;:&quot;classic&quot;}\">\n\n                \n                <div class=\"elementor-container elementor-column-gap-extended \">\n                <div class=\"elementor-column elementor-col-100 elementor-top-column elementor-element elementor-element-db07db6 pxl-column-none pxl-column-overflow-hidden-no\" data-id=\"db07db6\" data-element_type=\"column\">\r\n        <div class=\"elementor-widget-wrap elementor-element-populated\">\r\n                     \r\n                <section class=\"elementor-section elementor-inner-section elementor-element elementor-element-64dbce6 elementor-section-boxed elementor-section-height-default elementor-section-height-default pxl-row-scroll-none pxl-zoom-point-false pxl-section-overflow-visible pxl-section-fix-none pxl-bg-color-none pxl-section-overlay-none\" data-id=\"64dbce6\" data-element_type=\"section\">\n\n                \n                <div class=\"elementor-container elementor-column-gap-default \">\n                <div class=\"elementor-column elementor-col-100 elementor-inner-column elementor-element elementor-element-380488c pxl-column-none pxl-column-overflow-hidden-no\" data-id=\"380488c\" data-element_type=\"column\">\r\n        <div class=\"elementor-widget-wrap elementor-element-populated\">\r\n                     \r\n        \t\t<div class=\"elementor-element elementor-element-e90dbdd elementor-widget elementor-widget-pxl_heading\" data-id=\"e90dbdd\" data-element_type=\"widget\" data-widget_type=\"pxl_heading.default\">\n\t\t\t\t<div class=\"elementor-widget-container\">\n\t\t\t\t\t\n<div id=\"pxl-pxl_heading-e90dbdd-7787\" class=\"pxl-heading px-sub-title-dot-2-style \">\n\t<div class=\"pxl-heading--inner\">\n\t\t\t\t\t<div class=\"pxl-item--subtitle px-sub-title-dot-2 \" data-wow-delay=\"ms\">\n\t\t\t\t<span class=\"pxl-item--subtext\">\n\t\t\t\t\t\t\t\t\t\tEmek Kablo\t\t\t\t<\/span>\n\t\t\t<\/div>\n\t\t\n\t\t\t<h3 class=\"pxl-item--title style-default highlight-default \" data-wow-delay=\"ms\">\n\t\t\t\t\t\t\tEmek Kablo hayat\u0131 kolayla\u015ft\u0131r\u0131r\t\n\t\t\t\t\n\t\t<\/h3>\n\t<\/div>\n<\/div> \t\t\t\t<\/div>\n\t\t\t\t<\/div>\n\t\t\t\t<div class=\"elementor-element elementor-element-b343966 elementor-widget elementor-widget-pxl_text_editor\" data-id=\"b343966\" data-element_type=\"widget\" data-widget_type=\"pxl_text_editor.default\">\n\t\t\t\t<div class=\"elementor-widget-container\">\n\t\t\t\t\t<div class=\"pxl-text-editor\">\n\t<div class=\"pxl-item--inner \" data-wow-delay=\"ms\">\n\t\t<p><strong data-start=\"158\" data-end=\"172\">Emek Kablo<\/strong> olarak, geli\u015ftirdi\u011fimiz yenilik\u00e7i ve y\u00fcksek kaliteli kablo \u00e7\u00f6z\u00fcmleriyle hayat\u0131 kolayla\u015ft\u0131r\u0131yor, g\u00fcvenilir ve s\u00fcrd\u00fcr\u00fclebilir bir gelecek in\u015fa ediyoruz.<\/p>\t\t\n\t<\/div>\n<\/div>\t\t\t\t<\/div>\n\t\t\t\t<\/div>\n\t\t            <\/div>\r\n        <\/div>\r\n        \t\t\t<\/div>\n\t\t<\/section>\n\t\t            <\/div>\r\n        <\/div>\r\n        \t\t\t<\/div>\n\t\t<\/section>\n\t\t        <section class=\"elementor-section elementor-top-section elementor-element elementor-element-299a2a8 elementor-section-boxed elementor-section-height-default elementor-section-height-default pxl-row-scroll-none pxl-zoom-point-false pxl-section-overflow-visible pxl-section-fix-none pxl-bg-color-none pxl-section-overlay-none\" data-id=\"299a2a8\" data-element_type=\"section\">\n\n                \n                <div class=\"elementor-container elementor-column-gap-default \">\n                <div class=\"elementor-column elementor-col-100 elementor-top-column elementor-element elementor-element-9e69ba6 pxl-column-none pxl-column-overflow-hidden-no\" data-id=\"9e69ba6\" data-element_type=\"column\">\r\n        <div class=\"elementor-widget-wrap\">\r\n                     \r\n                    <\/div>\r\n        <\/div>\r\n        \t\t\t<\/div>\n\t\t<\/section>\n\t\t\t\t<\/div>\n\t\t","protected":false},"excerpt":{"rendered":"<p>EMEK KABLO Kontrol Kablolar\u0131 Kontrol Kablolar\u0131 &rarr; YSLY 300\/500 V &rarr; HSLH 300\/500 V &rarr; YSLCY 300\/500 V &rarr; HSLCH 300\/500 V &rarr; (N) YSLY\u00d6-J &rarr; (N) YSLYCY\u00d6-J Emek Kablo Emek Kablo hayat\u0131 kolayla\u015ft\u0131r\u0131r Emek Kablo olarak, geli\u015ftirdi\u011fimiz yenilik\u00e7i ve y\u00fcksek kaliteli kablo \u00e7\u00f6z\u00fcmleriyle hayat\u0131 kolayla\u015ft\u0131r\u0131yor, g\u00fcvenilir ve s\u00fcrd\u00fcr\u00fclebilir bir gelecek in\u015fa ediyoruz.<\/p>\n","protected":false},"author":1,"featured_media":16736,"parent":0,"menu_order":0,"comment_status":"closed","ping_status":"closed","template":"","meta":{"_joinchat":[],"footnotes":""},"class_list":["post-19567","page","type-page","status-publish","has-post-thumbnail","hentry"],"_links":{"self":[{"href":"https:\/\/emekkablo.com\/tr\/wp-json\/wp\/v2\/pages\/19567","targetHints":{"allow":["GET"]}}],"collection":[{"href":"https:\/\/emekkablo.com\/tr\/wp-json\/wp\/v2\/pages"}],"about":[{"href":"https:\/\/emekkablo.com\/tr\/wp-json\/wp\/v2\/types\/page"}],"author":[{"embeddable":true,"href":"https:\/\/emekkablo.com\/tr\/wp-json\/wp\/v2\/users\/1"}],"replies":[{"embeddable":true,"href":"https:\/\/emekkablo.com\/tr\/wp-json\/wp\/v2\/comments?post=19567"}],"version-history":[{"count":0,"href":"https:\/\/emekkablo.com\/tr\/wp-json\/wp\/v2\/pages\/19567\/revisions"}],"wp:featuredmedia":[{"embeddable":true,"href":"https:\/\/emekkablo.com\/tr\/wp-json\/wp\/v2\/media\/16736"}],"wp:attachment":[{"href":"https:\/\/emekkablo.com\/tr\/wp-json\/wp\/v2\/media?parent=19567"}],"curies":[{"name":"wp","href":"https:\/\/api.w.org\/{rel}","templated":true}]}}