{"id":20467,"date":"2025-04-17T13:06:22","date_gmt":"2025-04-17T10:06:22","guid":{"rendered":"https:\/\/emekkablo.com\/?page_id=20467"},"modified":"2025-04-17T13:12:08","modified_gmt":"2025-04-17T10:12:08","slug":"insan-kaynaklari-v2","status":"publish","type":"page","link":"https:\/\/emekkablo.com\/tr\/insan-kaynaklari-v2\/","title":{"rendered":"\u0130nsan Kaynaklar\u0131 v2"},"content":{"rendered":"<div id=\"bitforms_7_20467_1\" class=\"bit-form AY7 AZ7 BX7 _frm-bg-b7\">\n      \n          <form novalidate id=\"form-bitforms_7_20467_1\" class=\"AW7 AX7 _frm-b7\" enctype=\"multipart\/form-data\" method='post'>\n              <input type=\"text\" class=\"d-none\" name=\"csrf\" value=\"svwKrD50sYIlLnqPv7XUJDQkIYY5bJc\/q\/GuMzDVfUA=\">\n              <input type=\"text\" class=\"d-none\" name=\"t_identity\" value=\"fYTC++e81PYCcZk+t9JzdpLwtO8PVjoizg2LL6JeW9k=\">\n              \n              <input type=\"text\" class=\"d-none\" name=\"bitforms_id\" value=\"bitforms_7\">\n                  <div class=\"btcd-fld-itm b7-2 \">\n        <div \n      \n      class=\"P7 T7 U7 V7 b7-2-fld-wrp bf-fld-wrp \"\n    >\n            <div \n        \n        class=\"AM7 AO7 AP7 b7-2-lbl-wrp bf-lbl-wrp \" \n      >\n              <label \n         \n        class=\"A7 E7 Z7 f7 AM7 AN7 AO7 BL7 b7-2-lbl bf-lbl \"\n        for=\"b7-2-1\">\n        \n        \n        Ad\u0131n\u0131z Soyad\u0131n\u0131z\n        \n              <span \n        \n        class=\"Z7 AQ7 BL7 b7-2-req-smbl bf-req-smbl \" \n      >\n        *\n      <\/span>\n      <\/label>\n        \n      <\/div>\n      <div \n        \n        class=\"b7-2-inp-wrp bf-inp-wrp \"\n      > \n            <div \n      \n      class=\"V7 AL7 b7-2-inp-fld-wrp bf-inp-fld-wrp \"\n    >\n      <input\n        \n        id=\"b7-2-1\"\n        \n        class=\"B7 F7 G7 j7 k7 l7 m7 n7 o7 p7 q7 r7 s7 t7 u7 v7 w7 x7 y7 z7 AA7 AB7 AC7 AD7 AE7 AF7 AG7 AH7 AI7 AJ7 AK7 BM7 BN7 BO7 BP7 BQ7 BR7 BS7 BT7 BU7 BV7 BW7 b7-2-fld bf-fld \"\n        type=\"text\"\n        required\n        \n        \n        \n        \n        \n        autocomplete='name'\n        \n        name='b7-2'\n        \n        \n      \/>\n      \n      \n    <\/div>\n    \n        \n            <div class='Q7 R7 S7 b7-2-err-wrp bf-err-wrp' style=\"opacity: 0 !important; height: 0px !important;\">\n    <div class='O7 b7-2-err-inner bf-err-inner'>\n      \n        \n        <div   class=\"A7 E7 W7 a7 b7 c7 d7 e7 f7 g7 h7 i7 b7-2-err-msg bf-err-msg  P7 b7-2-err-txt bf-err-txt \" style='display: none !important;'><\/div>\n        \n      \n      <\/div>\n    <\/div>\n      <\/div>\n    <\/div>\n<\/div><div class=\"btcd-fld-itm b7-15 \">\n        <div \n      \n      class=\"P7 T7 U7 V7 b7-15-fld-wrp bf-fld-wrp \"\n    >\n            <div \n        \n        class=\"AM7 AO7 AP7 b7-15-lbl-wrp bf-lbl-wrp \" \n      >\n              <label \n         \n        class=\"A7 E7 Z7 f7 AM7 AN7 AO7 BL7 b7-15-lbl bf-lbl \"\n        for=\"b7-15-1\">\n        \n        \n        Telefonunuz\n        \n              <span \n        \n        class=\"Z7 AQ7 BL7 b7-15-req-smbl bf-req-smbl \" \n      >\n        *\n      <\/span>\n      <\/label>\n        \n      <\/div>\n      <div \n        \n        class=\"b7-15-inp-wrp bf-inp-wrp \"\n      > \n            <div \n      \n      class=\"V7 AL7 b7-15-inp-fld-wrp bf-inp-fld-wrp \"\n    >\n      <input\n        \n        id=\"b7-15-1\"\n        \n        class=\"B7 F7 G7 j7 k7 l7 m7 n7 o7 p7 q7 r7 s7 t7 u7 v7 w7 x7 y7 z7 AA7 AB7 AC7 AD7 AE7 AF7 AG7 AH7 AI7 AJ7 AK7 BM7 BN7 BO7 BP7 BQ7 BR7 BS7 BT7 BU7 BV7 BW7 b7-15-fld bf-fld \"\n        type=\"text\"\n        required\n        \n        \n        placeholder='+90 555 555 55 55'\n        \n        \n        \n        inputMode='tel'\n        name='text-1-15'\n        \n        \n      \/>\n      \n      \n    <\/div>\n    \n        \n            <div class='Q7 R7 S7 b7-15-err-wrp bf-err-wrp' style=\"opacity: 0 !important; height: 0px !important;\">\n    <div class='O7 b7-15-err-inner bf-err-inner'>\n      \n        \n        <div   class=\"A7 E7 W7 a7 b7 c7 d7 e7 f7 g7 h7 i7 b7-15-err-msg bf-err-msg  P7 b7-15-err-txt bf-err-txt \" style='display: none !important;'><\/div>\n        \n      \n      <\/div>\n    <\/div>\n      <\/div>\n    <\/div>\n<\/div><div class=\"btcd-fld-itm b7-5 \">\n        <div \n      \n      class=\"P7 T7 U7 V7 b7-5-fld-wrp bf-fld-wrp \"\n    >\n            <div \n        \n        class=\"AM7 AO7 AP7 b7-5-lbl-wrp bf-lbl-wrp \" \n      >\n              <label \n         \n        class=\"A7 E7 Z7 f7 AM7 AN7 AO7 BL7 b7-5-lbl bf-lbl \"\n        for=\"b7-5-1\">\n        \n        \n        E-Posta Adresiniz\n        \n              <span \n        \n        class=\"Z7 AQ7 BL7 b7-5-req-smbl bf-req-smbl \" \n      >\n        *\n      <\/span>\n      <\/label>\n        \n      <\/div>\n      <div \n        \n        class=\"b7-5-inp-wrp bf-inp-wrp \"\n      > \n            <div \n      \n      class=\"V7 AL7 b7-5-inp-fld-wrp bf-inp-fld-wrp \"\n    >\n      <input\n        \n        id=\"b7-5-1\"\n        \n        class=\"B7 F7 G7 j7 k7 l7 m7 n7 o7 p7 q7 r7 s7 t7 u7 v7 w7 x7 y7 z7 AA7 AB7 AC7 AD7 AE7 AF7 AG7 AH7 AI7 AJ7 AK7 BM7 BN7 BO7 BP7 BQ7 BR7 BS7 BT7 BU7 BV7 BW7 b7-5-fld bf-fld \"\n        type=\"email\"\n        required\n        \n        \n        placeholder='example@mail.com'\n        \n        \n        autocomplete='email'\n        \n        name='email-b7-5'\n        \n        \n      \/>\n      \n      \n    <\/div>\n    \n        \n            <div class='Q7 R7 S7 b7-5-err-wrp bf-err-wrp' style=\"opacity: 0 !important; height: 0px !important;\">\n    <div class='O7 b7-5-err-inner bf-err-inner'>\n      \n        \n        <div   class=\"A7 E7 W7 a7 b7 c7 d7 e7 f7 g7 h7 i7 b7-5-err-msg bf-err-msg  P7 b7-5-err-txt bf-err-txt \" style='display: none !important;'><\/div>\n        \n      \n      <\/div>\n    <\/div>\n      <\/div>\n    <\/div>\n<\/div><div class=\"btcd-fld-itm b7-3 \">\n        <div \n      \n      class=\"P7 T7 U7 V7 b7-3-fld-wrp bf-fld-wrp \"\n    >\n            <div \n        \n        class=\"AM7 AO7 AP7 b7-3-lbl-wrp bf-lbl-wrp \" \n      >\n              <label \n         \n        class=\"A7 E7 Z7 f7 AM7 AN7 AO7 BL7 b7-3-lbl bf-lbl \"\n        for=\"b7-3-1\">\n        \n        \n        K\u0131sa \u00d6zge\u00e7mi\u015finiz\n        \n        \n      <\/label>\n        \n      <\/div>\n      <div \n        \n        class=\"b7-3-inp-wrp bf-inp-wrp \"\n      > \n            <div \n      \n      class=\"V7 AL7 b7-3-inp-fld-wrp bf-inp-fld-wrp \"\n    >\n      <textarea\n        \n        id=\"b7-3-1\"\n        class=\"B7 F7 G7 j7 k7 l7 m7 n7 o7 q7 r7 t7 u7 v7 w7 x7 y7 z7 AA7 AB7 AC7 AD7 AE7 AF7 AG7 AH7 AI7 AJ7 AK7 BJ7 BM7 BN7 BO7 BP7 BQ7 BR7 BS7 BT7 BU7 BV7 BW7 b7-3-fld bf-fld \"\n        \n        \n        \n        placeholder='Taleplerinizle ilgili k\u0131sa bilgilendirme ekleyin.'\n        \n        name='textarea-b7-3'\n      ><\/textarea>\n      \n      \n    <\/div>\n        \n            <div class='Q7 R7 S7 b7-3-err-wrp bf-err-wrp' style=\"opacity: 0 !important; height: 0px !important;\">\n    <div class='O7 b7-3-err-inner bf-err-inner'>\n      \n        \n        <div   class=\"A7 E7 W7 a7 b7 c7 d7 e7 f7 g7 h7 i7 b7-3-err-msg bf-err-msg  P7 b7-3-err-txt bf-err-txt \" style='display: none !important;'><\/div>\n        \n      \n      <\/div>\n    <\/div>\n      <\/div>\n    <\/div>\n<\/div><div class=\"btcd-fld-itm b7-16 \">\n        <div \n      \n      class=\"P7 T7 U7 V7 BE7 BF7 b7-16-fld-wrp bf-fld-wrp \"\n    >\n            <div \n        \n        class=\"AM7 AO7 AP7 b7-16-lbl-wrp bf-lbl-wrp \" \n      >\n              <label \n         \n        class=\"A7 E7 Z7 f7 AM7 AN7 AO7 BL7 b7-16-lbl bf-lbl \"\n        for=\"b7-16-1\">\n        \n        \n        G\u00fcncel \u00d6zge\u00e7mi\u015fini buraya y\u00fckle.\n        \n              <span \n        \n        class=\"Z7 AQ7 BL7 b7-16-req-smbl bf-req-smbl \" \n      >\n        *\n      <\/span>\n      <\/label>\n        \n      <\/div>\n      <div \n        \n        class=\"b7-16-inp-wrp bf-inp-wrp \"\n      > \n            <div \n      \n      class=\"b7-16-file-up-container bf-file-up-container \"\n    >\n      <div\n        \n        class=\"b7-16-file-up-wrpr bf-file-up-wrpr   \"\n      >\n        <div\n          \n          class=\"As7 At7 Au7 Av7 Aw7 Ax7 Ay7 Az7 BA7 Be7 Bf7 Bg7 Bh7 Bi7 Bj7 b7-16-file-input-wrpr bf-file-input-wrpr \"\n        >\n          <div\n            \n            class=\"A7 E7 V7 AR7 b7-16-btn-wrpr bf-btn-wrpr \"\n          >\n            <button\n              \n              type=\"button\"\n              class=\"A7 B7 C7 D7 G7 I7 J7 K7 L7 M7 N7 X7 AR7 AS7 BG7 BK7 Bk7 b7-16-inp-btn bf-inp-btn \"\n            >\n             <img decoding=\"async\"\n  \n  class=\"AT7 AU7 AV7 b7-16-pre-i bf-pre-i \"\n  src=\"https:\/\/emekkablo.com\/wp-content\/plugins\/bit-form\/assets\/..\/static\/file-upload\/paperclip.svg\"\n  alt=\"\"\n\/>\n              <span\n                \n                class=\"b7-16-btn-txt bf-btn-txt \"\n              >\n                CV G\u00f6nder\n              <\/span>\n              \n            <\/button>\n                  <div\n        \n        class=\"Z7 BB7 BL7 b7-16-file-select-status bf-file-select-status \"\n      >\n        No Choosen File\n      <\/div>\n                  <small\n        \n        class=\"BH7 Bl7 b7-16-max-size-lbl bf-max-size-lbl \"\n      >\n      2 MB Max\n      <\/small>\n            <input\n              \n              type=\"file\"\n              class=\"D7 P7 Y7 AO7 AS7 BD7 b7-16-file-upload-input bf-file-upload-input \"\n              id=\"b7-16-1\"\n              name='file-up-7-16'\n              required\n              \n              \n              aria-disabled=\"true\"\n              tabindex=\"-1\"\n            \/>\n          <\/div>\n          <div \n            \n            class=\"err-wrp \"\n          ><\/div>\n        <\/div>\n      <\/div>\n    <\/div>\n        \n            <div class='Q7 R7 S7 b7-16-err-wrp bf-err-wrp' style=\"opacity: 0 !important; height: 0px !important;\">\n    <div class='O7 b7-16-err-inner bf-err-inner'>\n      \n        \n        <div   class=\"A7 E7 W7 a7 b7 c7 d7 e7 f7 g7 h7 i7 b7-16-err-msg bf-err-msg  P7 b7-16-err-txt bf-err-txt \" style='display: none !important;'><\/div>\n        \n      \n      <\/div>\n    <\/div>\n      <\/div>\n    <\/div>\n<\/div><div class=\"btcd-fld-itm b7-13 \">\n        <div \n      \n      class=\"P7 T7 U7 V7 b7-13-fld-wrp bf-fld-wrp \"\n    >\n      \n      <div \n        \n        class=\"b7-13-inp-wrp bf-inp-wrp \"\n      > \n              <div\n        \n        class=\"E7 Ae7 b7-13-cc bf-cc \"\n      >\n        <svg class=\"Y7 Ao7 b7-13-cks bf-cks\">\n          <symbol id=\"b7-13-ck-svg\" viewBox=\"0 0 12 10\">\n            <polyline\n              class=\"An7 b7-13-ck-svgline bf-ck-svgline\"\n              points=\"1.5 6 4.5 9 10.5 1\"\n            ><\/polyline>\n          <\/symbol>\n        <\/svg>\n\n        <div\n          \n          class=\"b7-13-cw bf-cw \"\n        >\n          <input\n            id=\"b7-13-1-decision\"\n            type=\"checkbox\"\n            class=\"Y7 Af7 Ag7 Ah7 Ai7 Aj7 Ak7 Al7 Ba7 Bb7 Bc7 b7-13-ci bf-ci\"\n            \n            \n            required\n            name='decision-box-b7-13'\n            checked\n            value='Accepted'\n          \/>\n          <label\n            \n            data-cl\n            for=\"b7-13-1-decision\"\n            class=\"A7 D7 E7 Z7 Ap7 BL7 b7-13-cl bf-cl\"\n          >\n            <span\n              \n              data-bx\n              class=\"A7 H7 V7 W7 X7 Ad7 BZ7 b7-13-bx bf-bx A7 H7 V7 W7 X7 Ad7 BZ7 b7-13-bx bf-bx\"\n            >\n              <svg width=\"12\" height=\"10\" viewBox=\"0 0 12 10\" class=\"Ar7 Bd7 b7-13-svgwrp bf-svgwrp\">\n                <use data-ck-icn href=\"#b7-13-ck-svg\" class=\"Am7 b7-13-ck-icn bf-ck-icn\" \/>\n              <\/svg>\n            <\/span>\n            <span\n              \n              class=\"Aq7 b7-13-ct bf-ct \"\n            >\n              <p style=\"margin: 0\"><span style=\"color: #ff4814\"><a style=\"color: #ff4814\" href=\"\/tr\/aydinlatma-metni\/\" target=\"_blank\" rel=\"noopener\">KVKK Ayd\u0131nlatma Metni<\/a><\/span>'ni okudum ve kabul ediyorum.<\/p>\n            <\/span>\n          <\/label>\n        <\/div>\n      <\/div>\n        \n            <div class='b7-13-err-wrp bf-err-wrp' style=\"opacity: 0 !important; height: 0px !important;\">\n    <div class='b7-13-err-inner bf-err-inner'>\n      \n        \n        <div   class=\"A7 E7 W7 a7 b7 c7 d7 e7 f7 g7 h7 i7 b7-13-err-msg bf-err-msg  b7-13-err-txt bf-err-txt \" style='display: none !important;'><\/div>\n        \n      \n      <\/div>\n    <\/div>\n      <\/div>\n    <\/div>\n<\/div><div class=\"btcd-fld-itm b7-1 \">\n        <div \n      \n      class=\"P7 T7 U7 V7 b7-1-fld-wrp bf-fld-wrp \"\n    >\n      \n      <div \n        \n        class=\"b7-1-inp-wrp bf-inp-wrp \"\n      > \n              <div \n        \n        class=\"E7 H7 b7-1-inp-fld-wrp bf-inp-fld-wrp \"\n      >\n        <button\n          \n          class=\"A7 B7 C7 D7 E7 F7 G7 H7 I7 J7 K7 L7 M7 N7 Aa7 Ab7 Ac7 BK7 BY7 b7-1-btn bf-btn  \"\n          type=\"submit\"\n          name='button-b7-1'\n          \n        >\n          \n          BA\u015eVURUYU TAMAMLA\n          \n          <span class=\"bf-spinner d-none\"><\/span>\n        <\/button>\n      <\/div>\n        \n        \n      <\/div>\n    <\/div>\n<\/div>\n          <\/form>\n          \n          <div id='bf-form-msg-wrp-bitforms_7_20467_1'><\/div>\n          \n      <\/div>    <script id=\"bit-form-bf-globals-bitforms_7_20467_1\">      if(!window.bf_globals) { \n        window.bf_globals = {} \n      } if(!window.bf_globals.bitforms_7_20467_1) { \n        window.bf_globals.bitforms_7_20467_1 = {} \n      }\n      if(document.getElementById('bitforms_7_20467_1')) {\n        window.bf_globals.bitforms_7_20467_1 = {...window.bf_globals.bitforms_7_20467_1, ...{\"ajaxURL\":\"https:\\\/\\\/emekkablo.com\\\/wp-admin\\\/admin-ajax.php\",\"nonce\":\"35eafcd68e\",\"version\":\"2.18.2\",\"layout\":{\"lg\":[{\"w\":60,\"h\":74,\"x\":0,\"y\":0,\"i\":\"b7-2\",\"moved\":false,\"static\":false},{\"w\":30,\"h\":74,\"x\":0,\"y\":74,\"i\":\"b7-15\",\"moved\":false,\"static\":false},{\"w\":30,\"h\":74,\"x\":30,\"y\":74,\"i\":\"b7-5\",\"moved\":false,\"static\":false},{\"w\":60,\"h\":97,\"x\":0,\"y\":148,\"i\":\"b7-3\",\"minW\":9,\"moved\":false,\"static\":false},{\"w\":60,\"h\":73,\"x\":0,\"y\":245,\"i\":\"b7-16\",\"minW\":20,\"moved\":false,\"static\":false},{\"w\":60,\"h\":42,\"x\":0,\"y\":318,\"i\":\"b7-13\",\"moved\":false,\"static\":false},{\"w\":60,\"h\":52,\"x\":0,\"y\":360,\"i\":\"b7-1\",\"moved\":false,\"static\":false}],\"md\":[{\"w\":30,\"h\":74,\"x\":0,\"y\":0,\"i\":\"b7-2\",\"moved\":false,\"static\":false},{\"w\":60,\"h\":74,\"x\":0,\"y\":74,\"i\":\"b7-15\",\"moved\":false,\"static\":false},{\"w\":30,\"h\":74,\"x\":0,\"y\":148,\"i\":\"b7-5\",\"moved\":false,\"static\":false},{\"w\":60,\"h\":97,\"x\":0,\"y\":222,\"i\":\"b7-3\",\"minW\":9,\"moved\":false,\"static\":false},{\"w\":60,\"h\":73,\"x\":0,\"y\":319,\"i\":\"b7-16\",\"minW\":20,\"moved\":false,\"static\":false},{\"w\":60,\"h\":42,\"x\":0,\"y\":392,\"i\":\"b7-13\",\"moved\":false,\"static\":false},{\"w\":60,\"h\":52,\"x\":0,\"y\":434,\"i\":\"b7-1\",\"moved\":false,\"static\":false}],\"sm\":[{\"w\":30,\"h\":74,\"x\":0,\"y\":0,\"i\":\"b7-2\",\"moved\":false,\"static\":false},{\"w\":60,\"h\":74,\"x\":0,\"y\":74,\"i\":\"b7-15\",\"moved\":false,\"static\":false},{\"w\":30,\"h\":74,\"x\":0,\"y\":148,\"i\":\"b7-5\",\"moved\":false,\"static\":false},{\"w\":60,\"h\":97,\"x\":0,\"y\":222,\"i\":\"b7-3\",\"minW\":9,\"moved\":false,\"static\":false},{\"w\":60,\"h\":73,\"x\":0,\"y\":319,\"i\":\"b7-16\",\"minW\":20,\"moved\":false,\"static\":false},{\"w\":60,\"h\":42,\"x\":0,\"y\":392,\"i\":\"b7-13\",\"moved\":false,\"static\":false},{\"w\":60,\"h\":52,\"x\":0,\"y\":434,\"i\":\"b7-1\",\"moved\":false,\"static\":false}]},\"nestedLayout\":{},\"fields\":{\"b7-1\":{\"typ\":\"button\",\"btnSiz\":\"md\",\"btnTyp\":\"submit\",\"txt\":\"BA\\u015eVURUYU TAMAMLA\",\"icn\":{\"pos\":\"\",\"url\":\"\"},\"valid\":{},\"customClasses\":{},\"customAttributes\":{},\"fulW\":false,\"fieldName\":\"button-b7-1\",\"align\":\"center\"},\"b7-2\":{\"typ\":\"text\",\"phHide\":true,\"valid\":{\"reqPos\":\"after\",\"reqShow\":true,\"hideLbl\":false,\"req\":true},\"err\":{\"req\":{\"dflt\":\"<p style=\\\"margin:0\\\">This field is required<\\\/p>\",\"show\":true}},\"customClasses\":{},\"customAttributes\":{},\"fieldName\":\"b7-2\",\"acHide\":true,\"ac\":\"name\",\"subtitleHide\":false,\"adminLblHide\":false,\"lbl\":\"Ad\\u0131n\\u0131z Soyad\\u0131n\\u0131z\"},\"b7-3\":{\"typ\":\"textarea\",\"phHide\":true,\"valid\":{\"reqPos\":\"after\",\"reqShow\":true},\"err\":{\"req\":{\"dflt\":\"<p style=\\\"margin:0\\\">This field is required<\\\/p>\",\"show\":true,\"custom\":true,\"msg\":\"<p style=\\\"margin:0\\\">Message can not be empty.<\\\/p>\"}},\"customClasses\":{},\"customAttributes\":{},\"fieldName\":\"textarea-b7-3\",\"ph\":\"Taleplerinizle ilgili k\\u0131sa bilgilendirme ekleyin.\",\"lbl\":\"K\\u0131sa \\u00d6zge\\u00e7mi\\u015finiz\"},\"b7-5\":{\"typ\":\"email\",\"lbl\":\"E-Posta Adresiniz\",\"ph\":\"example@mail.com\",\"phHide\":true,\"pattern\":\"^[^$_bf_$s@]+@[^$_bf_$s@]+$_bf_$.[^$_bf_$s@]+$\",\"valid\":{\"reqPos\":\"after\",\"req\":true,\"reqShow\":true},\"err\":{\"invalid\":{\"dflt\":\"<p style=\\\"margin:0\\\">Please, Enter a valid email address.<\\\/p>\",\"show\":true},\"req\":{\"dflt\":\"<p style=\\\"margin:0\\\">This field is required<\\\/p>\",\"custom\":true,\"msg\":\"<p style=\\\"margin:0\\\">Please enter your email.<\\\/p>\",\"show\":true}},\"customClasses\":{},\"customAttributes\":{},\"fieldName\":\"email-b7-5\",\"acHide\":true,\"ac\":\"email\"},\"b7-13\":{\"typ\":\"decision-box\",\"adminLbl\":\"Decision Box\",\"adminLblHide\":true,\"lbl\":\"<p style=\\\"margin: 0;\\\"><span style=\\\"color: #ff4814;\\\"><a style=\\\"color: #ff4814;\\\" href=\\\"\\\/tr\\\/aydinlatma-metni\\\/\\\" target=\\\"_blank\\\" rel=\\\"noopener\\\">KVKK Ayd\\u0131nlatma Metni<\\\/a><\\\/span>'ni okudum ve kabul ediyorum.<\\\/p>\",\"msg\":{\"checked\":\"Accepted\",\"unchecked\":\"Rejected\"},\"valid\":{\"req\":true,\"reqShow\":true,\"reqPos\":\"after\",\"checked\":true},\"err\":{\"req\":{\"dflt\":\"<p style=\\\"margin:0\\\">This field is required<\\\/p>\",\"show\":true}},\"customClasses\":{},\"customAttributes\":{},\"fieldName\":\"decision-box-b7-13\"},\"b7-15\":{\"typ\":\"text\",\"lbl\":\"Telefonunuz\",\"ph\":\"+90 555 555 55 55\",\"phHide\":true,\"valid\":{\"reqShow\":true,\"reqPos\":\"after\",\"req\":true},\"err\":{\"req\":{\"dflt\":\"<p style=\\\"margin:0\\\">This field is required<\\\/p>\",\"show\":true}},\"customClasses\":{},\"customAttributes\":{},\"fieldName\":\"text-1-15\",\"inputMode\":\"tel\"},\"b7-16\":{\"typ\":\"file-up\",\"lbl\":\"G\\u00fcncel \\u00d6zge\\u00e7mi\\u015fini buraya y\\u00fckle.\",\"btnTxt\":\"CV G\\u00f6nder\",\"valid\":{\"req\":true,\"reqShow\":true,\"reqPos\":\"after\"},\"prefixIcn\":\"https:\\\/\\\/emekkablo.com\\\/wp-content\\\/plugins\\\/bit-form\\\/assets\\\/..\\\/static\\\/file-upload\\\/paperclip.svg\",\"err\":{\"maxSize\":{\"dflt\":\"<p style=\\\"margin:0\\\">File Size is Exceeded<\\\/p>\",\"show\":true,\"custom\":true,\"msg\":\"<p style=\\\"margin: 0;\\\">Dosya boyutu y&uuml;ksek. Max 2MB olmal\\u0131.<\\\/p>\"},\"minFile\":{\"dflt\":\"Minimum 0 File Required\",\"show\":true},\"maxFile\":{\"dflt\":\"Maximum 1 File can uploaded\",\"show\":true},\"req\":{\"dflt\":\"<p style=\\\"margin:0\\\">This field is required<\\\/p>\",\"show\":true}},\"customClasses\":{},\"customAttributes\":{},\"config\":{\"multiple\":false,\"allowMaxSize\":true,\"showMaxSize\":true,\"maxSize\":2,\"sizeUnit\":\"MB\",\"isItTotalMax\":false,\"showSelectStatus\":true,\"fileSelectStatus\":\"No File Selected\",\"allowedFileType\":\"\",\"showFileList\":true,\"fileExistMsg\":\"Bu dosya daha \\u00f6nce y\\u00fcklenmi\\u015f.\",\"showFilePreview\":true,\"showFileSize\":true,\"duplicateAllow\":false,\"accept\":\"\",\"minFile\":0,\"maxFile\":1,\"maxSizeLabel\":\"2 MB Max\"},\"fieldName\":\"file-up-7-16\"}},\"buttons\":\"\",\"fieldsKey\":{\"b7-1\":\"b7-1\",\"b7-2\":\"b7-2\",\"b7-3\":\"b7-3\",\"b7-5\":\"b7-5\",\"b7-13\":\"b7-13\",\"b7-15\":\"b7-15\",\"b7-16\":\"b7-16\",\"GCLID\":\"GCLID\"},\"file\":[\"b7-16\"],\"configs\":{\"bf_separator\":\"__bf__\"},\"formId\":7,\"appID\":\"bitforms_7\",\"GCLID\":true,\"assetUrl\":\"https:\\\/\\\/emekkablo.com\\\/wp-content\\\/plugins\\\/bit-form\\\/assets\",\"onfieldCondition\":false,\"smartTags\":{\"_bf_current_time\":\"2026-05-01 19:27:04\",\"_bf_admin_email\":\"noreply@stg.emekkablo.com\",\"_bf_date_default\":\"01\\\/05\\\/2026\",\"_bf_date.m\\\/d\\\/y\":\"05\\\/01\\\/26\",\"_bf_date.d\\\/m\\\/y\":\"01\\\/05\\\/26\",\"_bf_date.y\\\/m\\\/d\":\"26\\\/05\\\/01\",\"_bf_date.Y-m-d\":\"2026-05-01\",\"_bf_date.d-M, Y\":\"01-May, 2026\",\"_bf_time\":\"10:27 pm\",\"_bf_weekday\":\"Cuma\",\"_bf_http_referer_url\":\"\",\"_bf_ip_address\":\"216.73.216.239\",\"_bf_browser_name\":\"Bot\",\"_bf_operating_system\":\"\",\"_bf_random_digit\":\"69f4fe886d30c\",\"_bf_user_id\":\"0\",\"_bf_user_first_name\":\" \",\"_bf_user_last_name\":\" \",\"_bf_user_display_name\":\" \",\"_bf_user_nice_name\":\" \",\"_bf_user_login_name\":\" \",\"_bf_user_email\":\" \",\"_bf_user_url\":\" \",\"_bf_current_user_role\":\" \",\"_bf_author_id\":\" \",\"_bf_author_display\":\" \",\"_bf_author_email\":\" \",\"_bf_site_title\":\"Emek Kablo\",\"_bf_site_description\":\"Emek Kablo\",\"_bf_site_url\":\"https:\\\/\\\/emekkablo.com\\\/tr\",\"_bf_wp_local_codes\":\"tr\",\"_bf_separator\":\"__bf__\",\"_bf_post_id\":\"\",\"_bf_post_name\":\"\",\"_bf_post_title\":\"\",\"_bf_post_date\":\"\",\"_bf_post_modified_date\":\"\",\"_bf_post_url\":\"\",\"_bf_is_user_logged_in\":\"logged_out\",\"_bf_entry_id\":\"\",\"_bf_back_view\":\"https:\\\/\\\/emekkablo.com\\\/tr\\\/wp-json\\\/wp\\\/v2\\\/pages\\\/20467\"},\"paymentCallbackUrl\":\"https:\\\/\\\/emekkablo.com\\\/tr\\\/wp-json\\\/bitform\\\/v1\\\/payments\\\/razorpay\",\"gRecaptchaSiteKey\":null,\"gRecaptchaVersion\":null,\"turnstileSiteKey\":null}};\n      }<\/script>\n","protected":false},"excerpt":{"rendered":"","protected":false},"author":1,"featured_media":0,"parent":0,"menu_order":0,"comment_status":"closed","ping_status":"closed","template":"elementor_canvas","meta":{"_joinchat":[],"footnotes":""},"class_list":["post-20467","page","type-page","status-publish","hentry"],"_links":{"self":[{"href":"https:\/\/emekkablo.com\/tr\/wp-json\/wp\/v2\/pages\/20467","targetHints":{"allow":["GET"]}}],"collection":[{"href":"https:\/\/emekkablo.com\/tr\/wp-json\/wp\/v2\/pages"}],"about":[{"href":"https:\/\/emekkablo.com\/tr\/wp-json\/wp\/v2\/types\/page"}],"author":[{"embeddable":true,"href":"https:\/\/emekkablo.com\/tr\/wp-json\/wp\/v2\/users\/1"}],"replies":[{"embeddable":true,"href":"https:\/\/emekkablo.com\/tr\/wp-json\/wp\/v2\/comments?post=20467"}],"version-history":[{"count":0,"href":"https:\/\/emekkablo.com\/tr\/wp-json\/wp\/v2\/pages\/20467\/revisions"}],"wp:attachment":[{"href":"https:\/\/emekkablo.com\/tr\/wp-json\/wp\/v2\/media?parent=20467"}],"curies":[{"name":"wp","href":"https:\/\/api.w.org\/{rel}","templated":true}]}}