{"id":35,"date":"2023-11-27T09:12:28","date_gmt":"2023-11-27T09:12:28","guid":{"rendered":"https:\/\/demo.bravisthemes.com\/graviton\/?page_id=35"},"modified":"2025-08-09T18:28:14","modified_gmt":"2025-08-09T15:28:14","slug":"aydinlatma-metni","status":"publish","type":"page","link":"https:\/\/emekkablo.com\/tr\/aydinlatma-metni\/","title":{"rendered":"KVKK Ayd\u0131nlatma Metni"},"content":{"rendered":"\t\t<div data-elementor-type=\"wp-page\" data-elementor-id=\"35\" class=\"elementor elementor-35\" data-elementor-post-type=\"page\">\n\t\t\t\t        <section class=\"elementor-section elementor-top-section elementor-element elementor-element-030a320 elementor-section-full_width elementor-section-stretched pxl-full-content-with-space-start elementor-section-height-default elementor-section-height-default pxl-row-scroll-none pxl-zoom-point-false pxl-section-overflow-visible pxl-section-fix-none pxl-bg-color-none pxl-section-overlay-none\" data-id=\"030a320\" data-element_type=\"section\" data-settings=\"{&quot;stretch_section&quot;:&quot;section-stretched&quot;,&quot;background_background&quot;:&quot;classic&quot;}\" style=\"padding-left: calc( (100% - 1650px)\/2);\">\n\n                \n                <div class=\"elementor-container elementor-column-gap-extended \">\n                <div class=\"elementor-column elementor-col-50 elementor-top-column elementor-element elementor-element-4fd1dae pxl-column-none pxl-column-overflow-hidden-no\" data-id=\"4fd1dae\" data-element_type=\"column\" data-settings=\"{&quot;background_background&quot;:&quot;classic&quot;}\">\r\n        <div class=\"elementor-widget-wrap elementor-element-populated\">\r\n                     \r\n        \t\t<div class=\"elementor-element elementor-element-d83b2cb elementor-widget elementor-widget-spacer\" data-id=\"d83b2cb\" data-element_type=\"widget\" data-widget_type=\"spacer.default\">\n\t\t\t\t<div class=\"elementor-widget-container\">\n\t\t\t\t\t\t\t<div class=\"elementor-spacer\">\n\t\t\t<div class=\"elementor-spacer-inner\"><\/div>\n\t\t<\/div>\n\t\t\t\t\t\t<\/div>\n\t\t\t\t<\/div>\n\t\t\t\t<div class=\"elementor-element elementor-element-cfea1f0 elementor-widget elementor-widget-pxl_heading\" data-id=\"cfea1f0\" data-element_type=\"widget\" data-widget_type=\"pxl_heading.default\">\n\t\t\t\t<div class=\"elementor-widget-container\">\n\t\t\t\t\t\n<div id=\"pxl-pxl_heading-cfea1f0-5941\" class=\"pxl-heading px-sub-title-default-style \">\n\t<div class=\"pxl-heading--inner\">\n\t\t\t\t\t<div class=\"pxl-item--subtitle px-sub-title-default \" data-wow-delay=\"ms\">\n\t\t\t\t<span class=\"pxl-item--subtext\">\n\t\t\t\t\t\t\t\t\t\tEMEK KABLO\t\t\t\t<\/span>\n\t\t\t<\/div>\n\t\t\n\t\t\t<h3 class=\"pxl-item--title style-default highlight-default \" data-wow-delay=\"ms\">\n\t\t\t\t\t\t\tKVKK Ayd\u0131nlatma Metni\t\n\t\t\t\t\n\t\t<\/h3>\n\t<\/div>\n<\/div> \t\t\t\t<\/div>\n\t\t\t\t<\/div>\n\t\t\t\t<div class=\"elementor-element elementor-element-72664d0 elementor-widget elementor-widget-spacer\" data-id=\"72664d0\" data-element_type=\"widget\" data-widget_type=\"spacer.default\">\n\t\t\t\t<div class=\"elementor-widget-container\">\n\t\t\t\t\t\t\t<div class=\"elementor-spacer\">\n\t\t\t<div class=\"elementor-spacer-inner\"><\/div>\n\t\t<\/div>\n\t\t\t\t\t\t<\/div>\n\t\t\t\t<\/div>\n\t\t            <\/div>\r\n        <\/div>\r\n                <div class=\"elementor-column elementor-col-50 elementor-top-column elementor-element elementor-element-8661bf2 pxl-column-none pxl-column-overflow-hidden-no\" data-id=\"8661bf2\" data-element_type=\"column\" data-settings=\"{&quot;background_background&quot;:&quot;classic&quot;}\">\r\n        <div class=\"elementor-widget-wrap elementor-element-populated\">\r\n                     \r\n        \t\t<div class=\"elementor-element elementor-element-0ff902a elementor-widget elementor-widget-spacer\" data-id=\"0ff902a\" data-element_type=\"widget\" data-widget_type=\"spacer.default\">\n\t\t\t\t<div class=\"elementor-widget-container\">\n\t\t\t\t\t\t\t<div class=\"elementor-spacer\">\n\t\t\t<div class=\"elementor-spacer-inner\"><\/div>\n\t\t<\/div>\n\t\t\t\t\t\t<\/div>\n\t\t\t\t<\/div>\n\t\t            <\/div>\r\n        <\/div>\r\n        \t\t\t<\/div>\n\t\t<\/section>\n\t\t        <section class=\"elementor-section elementor-top-section elementor-element elementor-element-60ed55f elementor-section-boxed elementor-section-height-default elementor-section-height-default pxl-row-scroll-none pxl-zoom-point-false pxl-section-overflow-visible pxl-section-fix-none pxl-bg-color-none pxl-section-overlay-none\" data-id=\"60ed55f\" data-element_type=\"section\">\n\n                \n                <div class=\"elementor-container elementor-column-gap-default \">\n                <div class=\"elementor-column elementor-col-100 elementor-top-column elementor-element elementor-element-f74ce0e pxl-column-none pxl-column-overflow-hidden-no\" data-id=\"f74ce0e\" data-element_type=\"column\">\r\n        <div class=\"elementor-widget-wrap elementor-element-populated\">\r\n                     \r\n        \t\t<div class=\"elementor-element elementor-element-7437e11 elementor-widget elementor-widget-heading\" data-id=\"7437e11\" data-element_type=\"widget\" data-widget_type=\"heading.default\">\n\t\t\t\t<div class=\"elementor-widget-container\">\n\t\t\t\t\t<h5 class=\"elementor-heading-title elementor-size-default\">EMEK KABLO SANAY\u0130 VE T\u0130CARET ANON\u0130M \u015e\u0130RKET\u0130 6698 SAYILI K\u0130\u015e\u0130SEL VER\u0130LER\u0130N KORUNMASI KANUNU (KVKK) <\/h5>\t\t\t\t<\/div>\n\t\t\t\t<\/div>\n\t\t\t\t<div class=\"elementor-element elementor-element-ca74e85 elementor-widget elementor-widget-heading\" data-id=\"ca74e85\" data-element_type=\"widget\" data-widget_type=\"heading.default\">\n\t\t\t\t<div class=\"elementor-widget-container\">\n\t\t\t\t\t<h5 class=\"elementor-heading-title elementor-size-default\"> AYDINLATMA METN\u0130\u200b<\/h5>\t\t\t\t<\/div>\n\t\t\t\t<\/div>\n\t\t\t\t<div class=\"elementor-element elementor-element-42e7c2a elementor-widget elementor-widget-text-editor\" data-id=\"42e7c2a\" data-element_type=\"widget\" data-widget_type=\"text-editor.default\">\n\t\t\t\t<div class=\"elementor-widget-container\">\n\t\t\t\t\t\t\t\t\t<p data-start=\"160\" data-end=\"453\">Emek Kablo A.\u015e. olarak, ki\u015fisel verilerinizin g\u00fcvenli\u011fine b\u00fcy\u00fck \u00f6nem veriyoruz. 6698 say\u0131l\u0131 <strong data-start=\"252\" data-end=\"297\">Ki\u015fisel Verilerin Korunmas\u0131 Kanunu (KVKK)<\/strong> kapsam\u0131nda, veri sorumlusu s\u0131fat\u0131yla, ki\u015fisel verilerinizi nas\u0131l i\u015fledi\u011fimizi ve haklar\u0131n\u0131z\u0131 sizlere a\u00e7\u0131klamak amac\u0131yla bu ayd\u0131nlatma metnini haz\u0131rlad\u0131k.<\/p><h5 data-start=\"531\" data-end=\"551\">Veri Sorumlusu<\/h5><p data-start=\"552\" data-end=\"704\"><strong data-start=\"552\" data-end=\"589\">Emek Kablo Sanayi ve Ticaret A.\u015e.<\/strong><br data-start=\"589\" data-end=\"592\" \/>Telefon: (0212) 210 39 55<br data-start=\"617\" data-end=\"620\" \/>Adres: Perpa Ticaret Merkezi A Blok Kat: 4-5 No:135\/137 Okmeydan\u0131 \u015ei\u015fli \/ \u0130STANBUL<\/p><p data-start=\"706\" data-end=\"826\">Veri sorumlusu s\u0131fat\u0131yla, ki\u015fisel verilerinizin i\u015flenmesi ve korunmas\u0131 ile ilgili t\u00fcm s\u00fcre\u00e7lerden Emek Kablo sorumludur.<\/p><h5 data-start=\"455\" data-end=\"499\"><strong data-start=\"455\" data-end=\"497\">I. Ki\u015fisel Verilerin \u0130\u015flenme Ama\u00e7lar\u0131<\/strong><\/h5><p data-start=\"501\" data-end=\"618\">Ki\u015fisel verileriniz, <strong data-start=\"522\" data-end=\"588\">KVKK\u2019n\u0131n 5. ve 6. maddelerinde belirtilen \u015fartlar \u00e7er\u00e7evesinde<\/strong> \u015fu ama\u00e7larla i\u015flenmektedir:<\/p><ul data-start=\"620\" data-end=\"987\"><li data-start=\"620\" data-end=\"673\">\u015eirketimiz hizmetlerinden sizleri faydaland\u0131rmak,<\/li><li data-start=\"674\" data-end=\"730\">Yasal ve s\u00f6zle\u015fmesel y\u00fck\u00fcml\u00fcl\u00fckleri yerine getirmek,<\/li><li data-start=\"731\" data-end=\"795\">M\u00fc\u015fteri ili\u015fkilerini y\u00f6netmek ve hizmet kalitesini art\u0131rmak,<\/li><li data-start=\"796\" data-end=\"852\">Finansal s\u00fcre\u00e7leri ve muhasebe i\u015flemlerini y\u00fcr\u00fctmek,<\/li><li data-start=\"853\" data-end=\"918\">\u015eirket i\u00e7i g\u00fcvenli\u011fi sa\u011flamak ve denetimleri ger\u00e7ekle\u015ftirmek,<\/li><li data-start=\"919\" data-end=\"987\">Yasal mevzuat gere\u011fi saklanmas\u0131 gereken verileri muhafaza etmek.<\/li><\/ul><h5 data-start=\"989\" data-end=\"1051\"><strong data-start=\"989\" data-end=\"1049\">II. Ki\u015fisel Verilerin Toplanma Y\u00f6ntemi ve Hukuki Sebebi<\/strong><\/h5><p data-start=\"1053\" data-end=\"1418\">Ki\u015fisel verileriniz, <strong data-start=\"1074\" data-end=\"1115\">s\u00f6zl\u00fc, yaz\u0131l\u0131 veya elektronik ortamda<\/strong>; internet sitemiz, \u00e7a\u011fr\u0131 merkezimiz, m\u00fc\u015fteri hizmetleri, e-posta, sosyal medya platformlar\u0131 veya fiziksel formlar arac\u0131l\u0131\u011f\u0131yla toplanmaktad\u0131r. KVKK\u2019n\u0131n 5. ve 6. maddelerinde belirtilen <strong data-start=\"1301\" data-end=\"1320\">hukuki sebepler<\/strong> do\u011frultusunda, \u015firketimizin me\u015fru menfaatleri ve yasal y\u00fck\u00fcml\u00fcl\u00fckleri kapsam\u0131nda i\u015flenmektedir.<\/p><h5 data-start=\"1420\" data-end=\"1459\"><strong data-start=\"1420\" data-end=\"1457\">III. Ki\u015fisel Verilerin Aktar\u0131lmas\u0131<\/strong><\/h5><p data-start=\"1461\" data-end=\"1586\">Toplanan ki\u015fisel verileriniz, <strong data-start=\"1491\" data-end=\"1537\">KVKK\u2019n\u0131n 8. ve 9. maddelerine uygun olarak<\/strong> a\u015fa\u011f\u0131daki ki\u015fi ve kurulu\u015flarla payla\u015f\u0131labilir:<\/p><ul data-start=\"1588\" data-end=\"1759\"><li data-start=\"1588\" data-end=\"1626\">Yetkili kamu kurum ve kurulu\u015flar\u0131,<\/li><li data-start=\"1627\" data-end=\"1662\">Bankalar ve finans kurulu\u015flar\u0131,<\/li><li data-start=\"1663\" data-end=\"1703\">\u0130\u015f ortaklar\u0131m\u0131z ve tedarik\u00e7ilerimiz,<\/li><li data-start=\"1704\" data-end=\"1759\">Hukuki y\u00fck\u00fcml\u00fcl\u00fcklerimiz kapsam\u0131nda resmi merciler.<\/li><\/ul><h5 data-start=\"1761\" data-end=\"1810\"><strong data-start=\"1761\" data-end=\"1808\">IV. \u0130lgili Ki\u015finin KVKK Kapsam\u0131ndaki Haklar\u0131<\/strong><\/h5><p data-start=\"1812\" data-end=\"1892\">KVKK\u2019n\u0131n 11. maddesi gere\u011fi, ki\u015fisel veri sahibi olarak \u015fu haklara sahipsiniz:<\/p><ul data-start=\"1894\" data-end=\"2397\"><li data-start=\"1894\" data-end=\"1950\">Ki\u015fisel verilerinizin i\u015flenip i\u015flenmedi\u011fini \u00f6\u011frenme,<\/li><li data-start=\"1951\" data-end=\"1996\">\u0130\u015flenmi\u015fse buna ili\u015fkin bilgi talep etme,<\/li><li data-start=\"1997\" data-end=\"2079\">\u0130\u015flenme amac\u0131n\u0131 ve bunlar\u0131n amac\u0131na uygun kullan\u0131l\u0131p kullan\u0131lmad\u0131\u011f\u0131n\u0131 \u00f6\u011frenme,<\/li><li data-start=\"2080\" data-end=\"2166\">Yurt i\u00e7inde veya yurt d\u0131\u015f\u0131nda ki\u015fisel verilerin aktar\u0131ld\u0131\u011f\u0131 \u00fc\u00e7\u00fcnc\u00fc ki\u015fileri bilme,<\/li><li data-start=\"2167\" data-end=\"2222\">Eksik veya yanl\u0131\u015f i\u015flenmi\u015fse d\u00fczeltilmesini isteme,<\/li><li data-start=\"2223\" data-end=\"2317\">KVKK\u2019n\u0131n 7. maddesi \u00e7er\u00e7evesinde ki\u015fisel verilerin silinmesini veya yok edilmesini isteme,<\/li><li data-start=\"2318\" data-end=\"2397\">\u0130\u015flemenin hukuka ayk\u0131r\u0131 oldu\u011fu durumlarda zarar\u0131n giderilmesini talep etme.<\/li><\/ul><h5 data-start=\"2399\" data-end=\"2449\"><strong data-start=\"2399\" data-end=\"2447\">V. <\/strong><strong data-start=\"2399\" data-end=\"2447\">Ba\u015fvuru Y\u00f6ntemleri ve \u0130leti\u015fim Bilgileri<\/strong><\/h5><p data-start=\"2451\" data-end=\"2660\">KVKK kapsam\u0131ndaki haklar\u0131n\u0131z\u0131 kullanmak i\u00e7in, a\u015fa\u011f\u0131daki ileti\u015fim kanallar\u0131n\u0131 kullanarak <strong data-start=\"2539\" data-end=\"2639\">Emek Kablo A.\u015e.\u2019ye yaz\u0131l\u0131 olarak veya Ki\u015fisel Verileri Koruma Kurulu\u2019nun belirledi\u011fi y\u00f6ntemlerle<\/strong> ba\u015fvurabilirsiniz.<\/p><ol data-start=\"2662\" data-end=\"2955\"><li data-start=\"2662\" data-end=\"2739\"><p data-start=\"2665\" data-end=\"2686\"><strong data-start=\"2665\" data-end=\"2684\">Yaz\u0131l\u0131 Ba\u015fvuru:<\/strong><\/p><ul data-start=\"2690\" data-end=\"2739\"><li data-start=\"2690\" data-end=\"2739\"><strong data-start=\"2692\" data-end=\"2702\">Adres: <\/strong>Perpa Tic. Mrk. A Blok Kat: 4-5 No:135\/137 34384 Okmeydan\u0131, \u015ei\u015fli \/ \u0130STANBUL<\/li><\/ul><\/li><li data-start=\"2741\" data-end=\"2846\"><p data-start=\"2744\" data-end=\"2791\"><strong data-start=\"2744\" data-end=\"2789\">Kay\u0131tl\u0131 Elektronik Posta (KEP) \u00dczerinden:<\/strong><\/p><ul data-start=\"2795\" data-end=\"2846\"><li data-start=\"2795\" data-end=\"2846\"><strong data-start=\"2797\" data-end=\"2812\">KEP Adresi:<\/strong><\/li><\/ul><\/li><li data-start=\"2848\" data-end=\"2955\"><p data-start=\"2851\" data-end=\"2899\"><strong>E-posta ile (G\u00fcvenli Elektronik \u0130mza ile):<\/strong><\/p><ul data-start=\"2903\" data-end=\"2955\"><li data-start=\"2903\" data-end=\"2955\"><strong data-start=\"2905\" data-end=\"2917\">E-posta: <\/strong>info@emekkablo.com<\/li><\/ul><\/li><\/ol><p data-start=\"2957\" data-end=\"3203\">Ba\u015fvurular\u0131n\u0131z, KVKK gere\u011fince en ge\u00e7 <strong data-start=\"2995\" data-end=\"3032\">30 g\u00fcn i\u00e7erisinde \u00fccretsiz olarak<\/strong> sonu\u00e7land\u0131r\u0131lacakt\u0131r. Ancak, i\u015flemin ayr\u0131ca bir maliyet gerektirmesi h\u00e2linde, Ki\u015fisel Verileri Koruma Kurulu taraf\u0131ndan belirlenen tarifeye g\u00f6re \u00fccret talep edilebilir.<\/p><p data-start=\"3205\" data-end=\"3383\">Emek Kablo A.\u015e. olarak, ki\u015fisel verilerinizin korunmas\u0131na b\u00fcy\u00fck \u00f6nem veriyoruz. KVKK kapsam\u0131ndaki haklar\u0131n\u0131zla ilgili detayl\u0131 bilgi almak i\u00e7in bizimle ileti\u015fime ge\u00e7ebilirsiniz.<\/p><p data-start=\"3205\" data-end=\"3383\">Ba\u015fvuru Formu i\u00e7in <a href=\"https:\/\/emekkablo.com\/wp-content\/uploads\/2025\/02\/KVKK-basvuru-formu.pdf\">T\u0131klay\u0131n\u0131z.<\/a><\/p><p data-start=\"3385\" data-end=\"3414\" data-is-last-node=\"\">\u00a0<\/p>\t\t\t\t\t\t\t\t<\/div>\n\t\t\t\t<\/div>\n\t\t\t\t<div class=\"elementor-element elementor-element-83f1d68 elementor-widget elementor-widget-text-editor\" data-id=\"83f1d68\" data-element_type=\"widget\" data-widget_type=\"text-editor.default\">\n\t\t\t\t<div class=\"elementor-widget-container\">\n\t\t\t\t\t\t\t\t\t<p><strong>EMEK KABLO A.\u015e.<\/strong><\/p>\t\t\t\t\t\t\t\t<\/div>\n\t\t\t\t<\/div>\n\t\t            <\/div>\r\n        <\/div>\r\n        \t\t\t<\/div>\n\t\t<\/section>\n\t\t\t\t<\/div>\n\t\t","protected":false},"excerpt":{"rendered":"<p>EMEK KABLO KVKK Ayd\u0131nlatma Metni EMEK KABLO SANAY\u0130 VE T\u0130CARET ANON\u0130M \u015e\u0130RKET\u0130 6698 SAYILI K\u0130\u015e\u0130SEL VER\u0130LER\u0130N KORUNMASI KANUNU (KVKK) AYDINLATMA METN\u0130\u200b Emek Kablo A.\u015e. olarak, ki\u015fisel verilerinizin g\u00fcvenli\u011fine b\u00fcy\u00fck \u00f6nem veriyoruz. 6698 say\u0131l\u0131 Ki\u015fisel Verilerin Korunmas\u0131 Kanunu (KVKK) kapsam\u0131nda, veri sorumlusu s\u0131fat\u0131yla, ki\u015fisel verilerinizi nas\u0131l i\u015fledi\u011fimizi ve haklar\u0131n\u0131z\u0131 sizlere a\u00e7\u0131klamak amac\u0131yla bu ayd\u0131nlatma metnini haz\u0131rlad\u0131k. [&hellip;]<\/p>\n","protected":false},"author":1,"featured_media":0,"parent":0,"menu_order":0,"comment_status":"closed","ping_status":"closed","template":"","meta":{"_joinchat":[],"footnotes":""},"class_list":["post-35","page","type-page","status-publish","hentry"],"_links":{"self":[{"href":"https:\/\/emekkablo.com\/tr\/wp-json\/wp\/v2\/pages\/35","targetHints":{"allow":["GET"]}}],"collection":[{"href":"https:\/\/emekkablo.com\/tr\/wp-json\/wp\/v2\/pages"}],"about":[{"href":"https:\/\/emekkablo.com\/tr\/wp-json\/wp\/v2\/types\/page"}],"author":[{"embeddable":true,"href":"https:\/\/emekkablo.com\/tr\/wp-json\/wp\/v2\/users\/1"}],"replies":[{"embeddable":true,"href":"https:\/\/emekkablo.com\/tr\/wp-json\/wp\/v2\/comments?post=35"}],"version-history":[{"count":0,"href":"https:\/\/emekkablo.com\/tr\/wp-json\/wp\/v2\/pages\/35\/revisions"}],"wp:attachment":[{"href":"https:\/\/emekkablo.com\/tr\/wp-json\/wp\/v2\/media?parent=35"}],"curies":[{"name":"wp","href":"https:\/\/api.w.org\/{rel}","templated":true}]}}