{"id":18124,"date":"2025-03-02T07:31:12","date_gmt":"2025-03-02T07:31:12","guid":{"rendered":"https:\/\/emekkablo.com\/?post_type=product&#038;p=18124"},"modified":"2025-10-08T13:09:44","modified_gmt":"2025-10-08T10:09:44","slug":"110%cf%89-dijital-audio-isiklandirma-kablosu","status":"publish","type":"product","link":"https:\/\/emekkablo.com\/tr\/product\/110%cf%89-dijital-audio-isiklandirma-kablosu\/","title":{"rendered":"110\u03a9 Dijital Audio &#038; I\u015f\u0131kland\u0131rma Kablosu"},"content":{"rendered":"","protected":false},"excerpt":{"rendered":"<p data-start=\"0\" data-end=\"23\">110\u03a9 Dijital Audio &amp; I\u015f\u0131kland\u0131rma Kablosu, <strong data-start=\"42\" data-end=\"88\">profesyonel ayd\u0131nlatma ve sahne sistemleri<\/strong> i\u00e7in \u00f6zel olarak tasarlanm\u0131\u015f, <strong data-start=\"119\" data-end=\"161\">y\u00fcksek h\u0131zl\u0131 ve g\u00fcvenilir veri iletimi<\/strong> sa\u011flayan bir kablodur. <strong data-start=\"185\" data-end=\"220\">Dijital \u0131\u015f\u0131k kontrol sistemleri<\/strong> ile uyumlu olup, DMX protokol\u00fcne uygun \u015fekilde sinyal iletimini kay\u0131ps\u0131z ve stabil \u015fekilde ger\u00e7ekle\u015ftirir.<\/p>\n<p data-start=\"0\" data-end=\"23\"><a class=\"woocommerce-print-products-pdf-link woocommerce-print-products-pdf-button btn theme-btn theme-button\" href=\"https:\/\/emekkablo.com\/wp-content\/uploads\/2025\/10\/110\u03a9-DIJITAL-AUDIOISIKLANDIRMA-KABLOLARI-OK3D-2-0008.pdf\" target=\"_blank\" rel=\"noopener\">\u00a0PDF \u0130ndir<\/a><\/p>\n","protected":false},"featured_media":19338,"template":"","meta":{"_joinchat":[]},"product_brand":[],"product_cat":[80],"product_tag":[],"class_list":{"0":"post-18124","1":"product","2":"type-product","3":"status-publish","4":"has-post-thumbnail","6":"product_cat-ses-ve-goruntu-kablolari","8":"first","9":"instock","10":"shipping-taxable","11":"product-type-grouped"},"_links":{"self":[{"href":"https:\/\/emekkablo.com\/tr\/wp-json\/wp\/v2\/product\/18124","targetHints":{"allow":["GET"]}}],"collection":[{"href":"https:\/\/emekkablo.com\/tr\/wp-json\/wp\/v2\/product"}],"about":[{"href":"https:\/\/emekkablo.com\/tr\/wp-json\/wp\/v2\/types\/product"}],"wp:featuredmedia":[{"embeddable":true,"href":"https:\/\/emekkablo.com\/tr\/wp-json\/wp\/v2\/media\/19338"}],"wp:attachment":[{"href":"https:\/\/emekkablo.com\/tr\/wp-json\/wp\/v2\/media?parent=18124"}],"wp:term":[{"taxonomy":"product_brand","embeddable":true,"href":"https:\/\/emekkablo.com\/tr\/wp-json\/wp\/v2\/product_brand?post=18124"},{"taxonomy":"product_cat","embeddable":true,"href":"https:\/\/emekkablo.com\/tr\/wp-json\/wp\/v2\/product_cat?post=18124"},{"taxonomy":"product_tag","embeddable":true,"href":"https:\/\/emekkablo.com\/tr\/wp-json\/wp\/v2\/product_tag?post=18124"}],"curies":[{"name":"wp","href":"https:\/\/api.w.org\/{rel}","templated":true}]}}