{"id":18127,"date":"2025-03-02T07:36:55","date_gmt":"2025-03-02T07:36:55","guid":{"rendered":"https:\/\/emekkablo.com\/?post_type=product&#038;p=18127"},"modified":"2025-10-08T13:07:44","modified_gmt":"2025-10-08T10:07:44","slug":"profesyonel-mikrofon-kablolari","status":"publish","type":"product","link":"https:\/\/emekkablo.com\/tr\/product\/profesyonel-mikrofon-kablolari\/","title":{"rendered":"Profesyonel Mikrofon Kablolar\u0131"},"content":{"rendered":"","protected":false},"excerpt":{"rendered":"<p data-start=\"25\" data-end=\"264\">Profesyonel Mikrofon Kablolar\u0131, <strong data-start=\"42\" data-end=\"65\">ses ve veri iletimi<\/strong> i\u00e7in tasarlanm\u0131\u015f, <strong data-start=\"84\" data-end=\"107\">y\u00fcksek performansl\u0131<\/strong> bir kablodur. <strong data-start=\"122\" data-end=\"168\">D\u00fc\u015f\u00fck sinyal kayb\u0131 ve g\u00fc\u00e7l\u00fc iletken yap\u0131s\u0131<\/strong> sayesinde profesyonel ses sistemleri ve haberle\u015fme uygulamalar\u0131nda g\u00fcvenilir bir \u00e7\u00f6z\u00fcm sunar.<\/p>\n<p data-start=\"25\" data-end=\"264\"><a class=\"woocommerce-print-products-pdf-link woocommerce-print-products-pdf-button btn theme-btn theme-button\" href=\"https:\/\/emekkablo.com\/wp-content\/uploads\/2025\/10\/PROFESYONEL-MIKROFON-KABLOLARI-OK3D-2-0007.pdf\" target=\"_blank\" rel=\"noopener\">\u00a0PDF \u0130ndir<\/a><\/p>\n","protected":false},"featured_media":19339,"template":"","meta":{"_joinchat":[]},"product_brand":[],"product_cat":[80],"product_tag":[],"class_list":{"0":"post-18127","1":"product","2":"type-product","3":"status-publish","4":"has-post-thumbnail","6":"product_cat-ses-ve-goruntu-kablolari","8":"first","9":"instock","10":"shipping-taxable","11":"product-type-grouped"},"_links":{"self":[{"href":"https:\/\/emekkablo.com\/tr\/wp-json\/wp\/v2\/product\/18127","targetHints":{"allow":["GET"]}}],"collection":[{"href":"https:\/\/emekkablo.com\/tr\/wp-json\/wp\/v2\/product"}],"about":[{"href":"https:\/\/emekkablo.com\/tr\/wp-json\/wp\/v2\/types\/product"}],"wp:featuredmedia":[{"embeddable":true,"href":"https:\/\/emekkablo.com\/tr\/wp-json\/wp\/v2\/media\/19339"}],"wp:attachment":[{"href":"https:\/\/emekkablo.com\/tr\/wp-json\/wp\/v2\/media?parent=18127"}],"wp:term":[{"taxonomy":"product_brand","embeddable":true,"href":"https:\/\/emekkablo.com\/tr\/wp-json\/wp\/v2\/product_brand?post=18127"},{"taxonomy":"product_cat","embeddable":true,"href":"https:\/\/emekkablo.com\/tr\/wp-json\/wp\/v2\/product_cat?post=18127"},{"taxonomy":"product_tag","embeddable":true,"href":"https:\/\/emekkablo.com\/tr\/wp-json\/wp\/v2\/product_tag?post=18127"}],"curies":[{"name":"wp","href":"https:\/\/api.w.org\/{rel}","templated":true}]}}