{"id":18136,"date":"2025-03-02T07:56:18","date_gmt":"2025-03-02T07:56:18","guid":{"rendered":"https:\/\/emekkablo.com\/?post_type=product&#038;p=18136"},"modified":"2025-07-22T11:46:59","modified_gmt":"2025-07-22T08:46:59","slug":"cat5-u-utp","status":"publish","type":"product","link":"https:\/\/emekkablo.com\/tr\/product\/cat5-u-utp\/","title":{"rendered":"CAT5 U\/UTP"},"content":{"rendered":"","protected":false},"excerpt":{"rendered":"<div class=\"woocommerce-sg-product-excerpt\">\n<div class=\"woocommerce-product-details__short-description\">\n<p>CAT5 U\/UTP (Unshielded Unshielded Twisted Pair) kablo, <strong data-start=\"83\" data-end=\"125\">geli\u015ftirilmi\u015f veri iletimi performans\u0131<\/strong> sunan ve <strong data-start=\"135\" data-end=\"163\">parazite kar\u015f\u0131 dayan\u0131kl\u0131<\/strong> yap\u0131s\u0131yla \u00f6ne \u00e7\u0131kan bir a\u011f kablosudur. <strong data-start=\"203\" data-end=\"219\">Ekranlamas\u0131z<\/strong> yap\u0131s\u0131 sayesinde esnek ve kolay kurulum imk\u00e2n\u0131 sa\u011flar.<\/p>\n<\/div>\n<\/div>\n","protected":false},"featured_media":19676,"template":"","meta":{"_joinchat":[]},"product_brand":[],"product_cat":[82],"product_tag":[],"class_list":{"0":"post-18136","1":"product","2":"type-product","3":"status-publish","4":"has-post-thumbnail","6":"product_cat-data-ve-veri-iletisim-kablolari","8":"first","9":"instock","10":"shipping-taxable","11":"product-type-grouped"},"_links":{"self":[{"href":"https:\/\/emekkablo.com\/tr\/wp-json\/wp\/v2\/product\/18136","targetHints":{"allow":["GET"]}}],"collection":[{"href":"https:\/\/emekkablo.com\/tr\/wp-json\/wp\/v2\/product"}],"about":[{"href":"https:\/\/emekkablo.com\/tr\/wp-json\/wp\/v2\/types\/product"}],"wp:featuredmedia":[{"embeddable":true,"href":"https:\/\/emekkablo.com\/tr\/wp-json\/wp\/v2\/media\/19676"}],"wp:attachment":[{"href":"https:\/\/emekkablo.com\/tr\/wp-json\/wp\/v2\/media?parent=18136"}],"wp:term":[{"taxonomy":"product_brand","embeddable":true,"href":"https:\/\/emekkablo.com\/tr\/wp-json\/wp\/v2\/product_brand?post=18136"},{"taxonomy":"product_cat","embeddable":true,"href":"https:\/\/emekkablo.com\/tr\/wp-json\/wp\/v2\/product_cat?post=18136"},{"taxonomy":"product_tag","embeddable":true,"href":"https:\/\/emekkablo.com\/tr\/wp-json\/wp\/v2\/product_tag?post=18136"}],"curies":[{"name":"wp","href":"https:\/\/api.w.org\/{rel}","templated":true}]}}