{"id":18139,"date":"2025-03-02T08:01:44","date_gmt":"2025-03-02T08:01:44","guid":{"rendered":"https:\/\/emekkablo.com\/?post_type=product&#038;p=18139"},"modified":"2025-07-17T16:59:09","modified_gmt":"2025-07-17T13:59:09","slug":"cat5-u-ftp","status":"publish","type":"product","link":"https:\/\/emekkablo.com\/tr\/product\/cat5-u-ftp\/","title":{"rendered":"CAT5 F\/UTP"},"content":{"rendered":"","protected":false},"excerpt":{"rendered":"<div class=\"woocommerce-sg-product-excerpt\">\n<div class=\"woocommerce-product-details__short-description\">\n<p data-start=\"29\" data-end=\"365\">CAT5 F\/UTP (Unshielded Foiled Twisted Pair) kablo, <strong data-start=\"81\" data-end=\"153\">h\u0131zl\u0131 veri iletimi ve elektromanyetik giri\u015fimlere (EMI) kar\u015f\u0131 koruma<\/strong> sa\u011flayan, ekranlanm\u0131\u015f bir a\u011f kablosudur. <strong data-start=\"195\" data-end=\"260\">Her b\u00fck\u00fcml\u00fc tel \u00e7iftinin ayr\u0131 ayr\u0131 folyo ile kaplanm\u0131\u015f olmas\u0131<\/strong>, parazitlerden etkilenmeyi minimum seviyeye indirerek <strong data-start=\"315\" data-end=\"356\">daha stabil ve g\u00fcvenilir bir ba\u011flant\u0131<\/strong> sunar.<\/p>\n<\/div>\n<\/div>\n","protected":false},"featured_media":20260,"template":"","meta":{"_joinchat":[]},"product_brand":[],"product_cat":[82],"product_tag":[],"class_list":{"0":"post-18139","1":"product","2":"type-product","3":"status-publish","4":"has-post-thumbnail","6":"product_cat-data-ve-veri-iletisim-kablolari","8":"first","9":"instock","10":"shipping-taxable","11":"product-type-grouped"},"_links":{"self":[{"href":"https:\/\/emekkablo.com\/tr\/wp-json\/wp\/v2\/product\/18139","targetHints":{"allow":["GET"]}}],"collection":[{"href":"https:\/\/emekkablo.com\/tr\/wp-json\/wp\/v2\/product"}],"about":[{"href":"https:\/\/emekkablo.com\/tr\/wp-json\/wp\/v2\/types\/product"}],"wp:featuredmedia":[{"embeddable":true,"href":"https:\/\/emekkablo.com\/tr\/wp-json\/wp\/v2\/media\/20260"}],"wp:attachment":[{"href":"https:\/\/emekkablo.com\/tr\/wp-json\/wp\/v2\/media?parent=18139"}],"wp:term":[{"taxonomy":"product_brand","embeddable":true,"href":"https:\/\/emekkablo.com\/tr\/wp-json\/wp\/v2\/product_brand?post=18139"},{"taxonomy":"product_cat","embeddable":true,"href":"https:\/\/emekkablo.com\/tr\/wp-json\/wp\/v2\/product_cat?post=18139"},{"taxonomy":"product_tag","embeddable":true,"href":"https:\/\/emekkablo.com\/tr\/wp-json\/wp\/v2\/product_tag?post=18139"}],"curies":[{"name":"wp","href":"https:\/\/api.w.org\/{rel}","templated":true}]}}