{"id":18146,"date":"2025-03-02T10:52:22","date_gmt":"2025-03-02T10:52:22","guid":{"rendered":"https:\/\/emekkablo.com\/?post_type=product&#038;p=18146"},"modified":"2025-07-17T16:51:27","modified_gmt":"2025-07-17T13:51:27","slug":"cat6a-u-ftp-500-mhz","status":"publish","type":"product","link":"https:\/\/emekkablo.com\/tr\/product\/cat6a-u-ftp-500-mhz\/","title":{"rendered":"CAT6A U\/FTP 500 Mhz"},"content":{"rendered":"","protected":false},"excerpt":{"rendered":"<div class=\"woocommerce-sg-product-excerpt\">\n<div class=\"woocommerce-product-details__short-description\">\n<p data-start=\"29\" data-end=\"350\">CAT6A U\/FTP\u00a0 500 Mhz (Unshielded Foiled Twisted Pair) kablo, <strong data-start=\"81\" data-end=\"110\">y\u00fcksek h\u0131zl\u0131 veri iletimi<\/strong> ve <strong data-start=\"114\" data-end=\"145\">parazite kar\u015f\u0131 g\u00fc\u00e7l\u00fc koruma<\/strong> sa\u011flayan bir a\u011f kablosudur. <strong data-start=\"174\" data-end=\"241\">Her b\u00fck\u00fcml\u00fc tel \u00e7iftinin ayr\u0131 ayr\u0131 folyo ile ekranlanm\u0131\u015f olmas\u0131<\/strong>, elektromanyetik giri\u015fimlere (EMI) kar\u015f\u0131 \u00fcst\u00fcn koruma sunarak <strong data-start=\"304\" data-end=\"340\">stabil ve g\u00fcvenilir bir ba\u011flant\u0131<\/strong> sa\u011flar.<\/p>\n<\/div>\n<\/div>\n","protected":false},"featured_media":19954,"template":"","meta":{"_joinchat":[]},"product_brand":[],"product_cat":[82],"product_tag":[],"class_list":{"0":"post-18146","1":"product","2":"type-product","3":"status-publish","4":"has-post-thumbnail","6":"product_cat-data-ve-veri-iletisim-kablolari","8":"first","9":"instock","10":"shipping-taxable","11":"product-type-grouped"},"_links":{"self":[{"href":"https:\/\/emekkablo.com\/tr\/wp-json\/wp\/v2\/product\/18146","targetHints":{"allow":["GET"]}}],"collection":[{"href":"https:\/\/emekkablo.com\/tr\/wp-json\/wp\/v2\/product"}],"about":[{"href":"https:\/\/emekkablo.com\/tr\/wp-json\/wp\/v2\/types\/product"}],"wp:featuredmedia":[{"embeddable":true,"href":"https:\/\/emekkablo.com\/tr\/wp-json\/wp\/v2\/media\/19954"}],"wp:attachment":[{"href":"https:\/\/emekkablo.com\/tr\/wp-json\/wp\/v2\/media?parent=18146"}],"wp:term":[{"taxonomy":"product_brand","embeddable":true,"href":"https:\/\/emekkablo.com\/tr\/wp-json\/wp\/v2\/product_brand?post=18146"},{"taxonomy":"product_cat","embeddable":true,"href":"https:\/\/emekkablo.com\/tr\/wp-json\/wp\/v2\/product_cat?post=18146"},{"taxonomy":"product_tag","embeddable":true,"href":"https:\/\/emekkablo.com\/tr\/wp-json\/wp\/v2\/product_tag?post=18146"}],"curies":[{"name":"wp","href":"https:\/\/api.w.org\/{rel}","templated":true}]}}