{"id":18151,"date":"2025-03-02T17:20:51","date_gmt":"2025-03-02T17:20:51","guid":{"rendered":"https:\/\/emekkablo.com\/?post_type=product&#038;p=18151"},"modified":"2025-07-17T16:27:05","modified_gmt":"2025-07-17T13:27:05","slug":"li-2y-st-cy-tp","status":"publish","type":"product","link":"https:\/\/emekkablo.com\/tr\/product\/li-2y-st-cy-tp\/","title":{"rendered":"Li-2Y(St)CY TP"},"content":{"rendered":"","protected":false},"excerpt":{"rendered":"<div class=\"woocommerce-sg-product-excerpt\">\n<div class=\"woocommerce-product-details__short-description\">\n<p>Li\u2082Y(St)CY TP kablo, <strong>y\u00fcksek g\u00fcvenilirlik, dayan\u0131kl\u0131l\u0131k ve parazit korumas\u0131 sa\u011flayan<\/strong> \u00fcst\u00fcn performansl\u0131 bir a\u011f kablosudur. <strong>B\u00fck\u00fcml\u00fc tel \u00e7iftlerinin (TP) ekranlanmas\u0131 ve kablonun d\u0131\u015f koruyucu ekran ile kaplanmas\u0131 (CY)<\/strong>, elektromanyetik giri\u015fimlere (EMI) ve radyo frekans parazitlerine (RFI) kar\u015f\u0131 m\u00fckemmel koruma sa\u011flar.<\/p>\n<\/div>\n<\/div>\n","protected":false},"featured_media":19916,"template":"","meta":{"_joinchat":[]},"product_brand":[],"product_cat":[82],"product_tag":[],"class_list":{"0":"post-18151","1":"product","2":"type-product","3":"status-publish","4":"has-post-thumbnail","6":"product_cat-data-ve-veri-iletisim-kablolari","8":"first","9":"instock","10":"shipping-taxable","11":"product-type-grouped"},"_links":{"self":[{"href":"https:\/\/emekkablo.com\/tr\/wp-json\/wp\/v2\/product\/18151","targetHints":{"allow":["GET"]}}],"collection":[{"href":"https:\/\/emekkablo.com\/tr\/wp-json\/wp\/v2\/product"}],"about":[{"href":"https:\/\/emekkablo.com\/tr\/wp-json\/wp\/v2\/types\/product"}],"wp:featuredmedia":[{"embeddable":true,"href":"https:\/\/emekkablo.com\/tr\/wp-json\/wp\/v2\/media\/19916"}],"wp:attachment":[{"href":"https:\/\/emekkablo.com\/tr\/wp-json\/wp\/v2\/media?parent=18151"}],"wp:term":[{"taxonomy":"product_brand","embeddable":true,"href":"https:\/\/emekkablo.com\/tr\/wp-json\/wp\/v2\/product_brand?post=18151"},{"taxonomy":"product_cat","embeddable":true,"href":"https:\/\/emekkablo.com\/tr\/wp-json\/wp\/v2\/product_cat?post=18151"},{"taxonomy":"product_tag","embeddable":true,"href":"https:\/\/emekkablo.com\/tr\/wp-json\/wp\/v2\/product_tag?post=18151"}],"curies":[{"name":"wp","href":"https:\/\/api.w.org\/{rel}","templated":true}]}}