{"id":18155,"date":"2025-03-02T17:41:26","date_gmt":"2025-03-02T17:41:26","guid":{"rendered":"https:\/\/emekkablo.com\/?post_type=product&#038;p=18155"},"modified":"2025-05-09T17:27:47","modified_gmt":"2025-05-09T14:27:47","slug":"rg-6-u-type2","status":"publish","type":"product","link":"https:\/\/emekkablo.com\/tr\/product\/rg-6-u-type2\/","title":{"rendered":"RG-6 U\/Type2"},"content":{"rendered":"","protected":false},"excerpt":{"rendered":"<div class=\"woocommerce-sg-product-excerpt\">\n<div class=\"woocommerce-product-details__short-description\">\n<p data-start=\"41\" data-end=\"343\">RG-6 U\/Type 2 koaksiyel kablo, <strong data-start=\"72\" data-end=\"111\">y\u00fcksek frekansta d\u00fc\u015f\u00fck sinyal kayb\u0131<\/strong> ve <strong data-start=\"115\" data-end=\"139\">g\u00fc\u00e7l\u00fc sinyal iletimi<\/strong> sa\u011flayan, geni\u015f bant uygulamalar\u0131 i\u00e7in ideal bir kablodur. <strong data-start=\"199\" data-end=\"224\">D\u00fc\u015f\u00fck zay\u0131flama oran\u0131<\/strong> ve <strong data-start=\"228\" data-end=\"259\">y\u00fcksek ekranlama kapasitesi<\/strong>, parazitlere kar\u015f\u0131 dayan\u0131kl\u0131l\u0131k sa\u011flayarak <strong data-start=\"303\" data-end=\"334\">temiz ve net sinyal iletimi<\/strong> sunar.<\/p>\n<p data-start=\"758\" data-end=\"903\" data-is-last-node=\"\" data-is-only-node=\"\">\n<\/div>\n<\/div>\n","protected":false},"featured_media":18160,"template":"","meta":{"_joinchat":[]},"product_brand":[],"product_cat":[91],"product_tag":[],"class_list":{"0":"post-18155","1":"product","2":"type-product","3":"status-publish","4":"has-post-thumbnail","6":"product_cat-koaksiyel-kablolar","8":"first","9":"instock","10":"shipping-taxable","11":"product-type-grouped"},"_links":{"self":[{"href":"https:\/\/emekkablo.com\/tr\/wp-json\/wp\/v2\/product\/18155","targetHints":{"allow":["GET"]}}],"collection":[{"href":"https:\/\/emekkablo.com\/tr\/wp-json\/wp\/v2\/product"}],"about":[{"href":"https:\/\/emekkablo.com\/tr\/wp-json\/wp\/v2\/types\/product"}],"wp:featuredmedia":[{"embeddable":true,"href":"https:\/\/emekkablo.com\/tr\/wp-json\/wp\/v2\/media\/18160"}],"wp:attachment":[{"href":"https:\/\/emekkablo.com\/tr\/wp-json\/wp\/v2\/media?parent=18155"}],"wp:term":[{"taxonomy":"product_brand","embeddable":true,"href":"https:\/\/emekkablo.com\/tr\/wp-json\/wp\/v2\/product_brand?post=18155"},{"taxonomy":"product_cat","embeddable":true,"href":"https:\/\/emekkablo.com\/tr\/wp-json\/wp\/v2\/product_cat?post=18155"},{"taxonomy":"product_tag","embeddable":true,"href":"https:\/\/emekkablo.com\/tr\/wp-json\/wp\/v2\/product_tag?post=18155"}],"curies":[{"name":"wp","href":"https:\/\/api.w.org\/{rel}","templated":true}]}}