{"id":18158,"date":"2025-03-02T17:55:18","date_gmt":"2025-03-02T17:55:18","guid":{"rendered":"https:\/\/emekkablo.com\/?post_type=product&#038;p=18158"},"modified":"2025-05-09T18:03:43","modified_gmt":"2025-05-09T15:03:43","slug":"rg-6-u-type1","status":"publish","type":"product","link":"https:\/\/emekkablo.com\/tr\/product\/rg-6-u-type1\/","title":{"rendered":"RG-6 U\/Type1"},"content":{"rendered":"","protected":false},"excerpt":{"rendered":"<div class=\"woocommerce-sg-product-excerpt\">\n<div class=\"woocommerce-product-details__short-description\">\n<p data-start=\"41\" data-end=\"361\">RG-6 U\/Type 1 koaksiyel kablo, <strong data-start=\"72\" data-end=\"135\">y\u00fcksek frekansta d\u00fc\u015f\u00fck sinyal kayb\u0131 ve g\u00fc\u00e7l\u00fc sinyal iletimi<\/strong> sa\u011flayan, <strong data-start=\"146\" data-end=\"185\">TV, uydu ve geni\u015f bant uygulamalar\u0131<\/strong> i\u00e7in ideal bir kablodur. <strong data-start=\"211\" data-end=\"248\">Al\u00fcminyum folyo ve \u00f6rg\u00fc ekranlama<\/strong> sayesinde elektromanyetik giri\u015fimlere (EMI) kar\u015f\u0131 y\u00fcksek koruma sa\u011flar, <strong data-start=\"321\" data-end=\"352\">temiz ve net sinyal iletimi<\/strong> sunar.<\/p>\n<p data-start=\"758\" data-end=\"903\" data-is-last-node=\"\" data-is-only-node=\"\">\n<\/div>\n<\/div>\n","protected":false},"featured_media":20715,"template":"","meta":{"_joinchat":[]},"product_brand":[],"product_cat":[91],"product_tag":[],"class_list":{"0":"post-18158","1":"product","2":"type-product","3":"status-publish","4":"has-post-thumbnail","6":"product_cat-koaksiyel-kablolar","8":"first","9":"instock","10":"shipping-taxable","11":"product-type-grouped"},"_links":{"self":[{"href":"https:\/\/emekkablo.com\/tr\/wp-json\/wp\/v2\/product\/18158","targetHints":{"allow":["GET"]}}],"collection":[{"href":"https:\/\/emekkablo.com\/tr\/wp-json\/wp\/v2\/product"}],"about":[{"href":"https:\/\/emekkablo.com\/tr\/wp-json\/wp\/v2\/types\/product"}],"wp:featuredmedia":[{"embeddable":true,"href":"https:\/\/emekkablo.com\/tr\/wp-json\/wp\/v2\/media\/20715"}],"wp:attachment":[{"href":"https:\/\/emekkablo.com\/tr\/wp-json\/wp\/v2\/media?parent=18158"}],"wp:term":[{"taxonomy":"product_brand","embeddable":true,"href":"https:\/\/emekkablo.com\/tr\/wp-json\/wp\/v2\/product_brand?post=18158"},{"taxonomy":"product_cat","embeddable":true,"href":"https:\/\/emekkablo.com\/tr\/wp-json\/wp\/v2\/product_cat?post=18158"},{"taxonomy":"product_tag","embeddable":true,"href":"https:\/\/emekkablo.com\/tr\/wp-json\/wp\/v2\/product_tag?post=18158"}],"curies":[{"name":"wp","href":"https:\/\/api.w.org\/{rel}","templated":true}]}}