{"id":18166,"date":"2025-03-02T20:26:49","date_gmt":"2025-03-02T20:26:49","guid":{"rendered":"https:\/\/emekkablo.com\/?post_type=product&#038;p=18166"},"modified":"2025-05-02T00:29:50","modified_gmt":"2025-05-01T21:29:50","slug":"li-2ystcy","status":"publish","type":"product","link":"https:\/\/emekkablo.com\/tr\/product\/li-2ystcy\/","title":{"rendered":"Li-2Y(St)CY"},"content":{"rendered":"","protected":false},"excerpt":{"rendered":"<div class=\"woocommerce-sg-product-excerpt\">\n<div class=\"woocommerce-product-details__short-description\">\n<p data-start=\"34\" data-end=\"356\">Li-2Y(St)CY PIMF kablosu, <strong data-start=\"60\" data-end=\"131\">end\u00fcstriyel otomasyon, veri iletimi ve sinyal kontrol sistemlerinde<\/strong> kullan\u0131lan, <strong data-start=\"144\" data-end=\"177\">parazit korumal\u0131 ve g\u00fcvenilir<\/strong> bir kablo t\u00fcr\u00fcd\u00fcr. <strong data-start=\"197\" data-end=\"279\">B\u00fck\u00fcml\u00fc \u00e7iftlerin ayr\u0131 ayr\u0131 folyo ile ekranlanmas\u0131 (PIMF &#8211; Pair in Metal Foil)<\/strong> sayesinde <strong data-start=\"290\" data-end=\"346\">elektromanyetik giri\u015fimlere (EMI) kar\u015f\u0131 \u00fcst\u00fcn koruma<\/strong> sa\u011flar.<\/p>\n<p data-start=\"747\" data-end=\"900\" data-is-last-node=\"\" data-is-only-node=\"\">\n<\/div>\n<\/div>\n","protected":false},"featured_media":18167,"template":"","meta":{"_joinchat":[]},"product_brand":[],"product_cat":[88],"product_tag":[],"class_list":{"0":"post-18166","1":"product","2":"type-product","3":"status-publish","4":"has-post-thumbnail","6":"product_cat-elektronik-kontrol-kablolari","8":"first","9":"instock","10":"shipping-taxable","11":"product-type-grouped"},"_links":{"self":[{"href":"https:\/\/emekkablo.com\/tr\/wp-json\/wp\/v2\/product\/18166","targetHints":{"allow":["GET"]}}],"collection":[{"href":"https:\/\/emekkablo.com\/tr\/wp-json\/wp\/v2\/product"}],"about":[{"href":"https:\/\/emekkablo.com\/tr\/wp-json\/wp\/v2\/types\/product"}],"wp:featuredmedia":[{"embeddable":true,"href":"https:\/\/emekkablo.com\/tr\/wp-json\/wp\/v2\/media\/18167"}],"wp:attachment":[{"href":"https:\/\/emekkablo.com\/tr\/wp-json\/wp\/v2\/media?parent=18166"}],"wp:term":[{"taxonomy":"product_brand","embeddable":true,"href":"https:\/\/emekkablo.com\/tr\/wp-json\/wp\/v2\/product_brand?post=18166"},{"taxonomy":"product_cat","embeddable":true,"href":"https:\/\/emekkablo.com\/tr\/wp-json\/wp\/v2\/product_cat?post=18166"},{"taxonomy":"product_tag","embeddable":true,"href":"https:\/\/emekkablo.com\/tr\/wp-json\/wp\/v2\/product_tag?post=18166"}],"curies":[{"name":"wp","href":"https:\/\/api.w.org\/{rel}","templated":true}]}}