{"id":18170,"date":"2025-03-02T20:41:58","date_gmt":"2025-03-02T20:41:58","guid":{"rendered":"https:\/\/emekkablo.com\/?post_type=product&#038;p=18170"},"modified":"2025-05-08T09:53:32","modified_gmt":"2025-05-08T06:53:32","slug":"lihh","status":"publish","type":"product","link":"https:\/\/emekkablo.com\/tr\/product\/lihh\/","title":{"rendered":"LiHH"},"content":{"rendered":"","protected":false},"excerpt":{"rendered":"<div class=\"woocommerce-sg-product-excerpt\">\n<div class=\"woocommerce-product-details__short-description\">\n<p data-start=\"34\" data-end=\"356\">LiHH kablosu, end\u00fcstriyel otomasyon ve veri iletimi uygulamalar\u0131nda g\u00fcvenli ve sa\u011flam ba\u011flant\u0131lar sa\u011flamak i\u00e7in kullan\u0131lan bir kablo t\u00fcr\u00fcd\u00fcr. Y\u00fcksek kaliteli bak\u0131r iletkenleri ve g\u00fc\u00e7l\u00fc izolasyon malzemeleriyle tasarlanm\u0131\u015f olan LiHH kablosu, y\u00fcksek performansl\u0131 sinyal iletimi ve elektromanyetik giri\u015fimlere kar\u015f\u0131 dayan\u0131kl\u0131l\u0131k sunar.<\/p>\n<p data-start=\"747\" data-end=\"900\" data-is-last-node=\"\" data-is-only-node=\"\">\n<\/div>\n<\/div>\n","protected":false},"featured_media":18171,"template":"","meta":{"_joinchat":[]},"product_brand":[],"product_cat":[88],"product_tag":[],"class_list":{"0":"post-18170","1":"product","2":"type-product","3":"status-publish","4":"has-post-thumbnail","6":"product_cat-elektronik-kontrol-kablolari","8":"first","9":"instock","10":"shipping-taxable","11":"product-type-grouped"},"_links":{"self":[{"href":"https:\/\/emekkablo.com\/tr\/wp-json\/wp\/v2\/product\/18170","targetHints":{"allow":["GET"]}}],"collection":[{"href":"https:\/\/emekkablo.com\/tr\/wp-json\/wp\/v2\/product"}],"about":[{"href":"https:\/\/emekkablo.com\/tr\/wp-json\/wp\/v2\/types\/product"}],"wp:featuredmedia":[{"embeddable":true,"href":"https:\/\/emekkablo.com\/tr\/wp-json\/wp\/v2\/media\/18171"}],"wp:attachment":[{"href":"https:\/\/emekkablo.com\/tr\/wp-json\/wp\/v2\/media?parent=18170"}],"wp:term":[{"taxonomy":"product_brand","embeddable":true,"href":"https:\/\/emekkablo.com\/tr\/wp-json\/wp\/v2\/product_brand?post=18170"},{"taxonomy":"product_cat","embeddable":true,"href":"https:\/\/emekkablo.com\/tr\/wp-json\/wp\/v2\/product_cat?post=18170"},{"taxonomy":"product_tag","embeddable":true,"href":"https:\/\/emekkablo.com\/tr\/wp-json\/wp\/v2\/product_tag?post=18170"}],"curies":[{"name":"wp","href":"https:\/\/api.w.org\/{rel}","templated":true}]}}