{"id":18172,"date":"2025-03-02T20:48:51","date_gmt":"2025-03-02T20:48:51","guid":{"rendered":"https:\/\/emekkablo.com\/?post_type=product&#038;p=18172"},"modified":"2025-07-22T12:55:06","modified_gmt":"2025-07-22T09:55:06","slug":"lihstch","status":"publish","type":"product","link":"https:\/\/emekkablo.com\/tr\/product\/lihstch\/","title":{"rendered":"LiH(St)CH"},"content":{"rendered":"","protected":false},"excerpt":{"rendered":"<div class=\"woocommerce-sg-product-excerpt\">\n<div class=\"woocommerce-product-details__short-description\">\n<p data-start=\"63\" data-end=\"470\">LiH(St)CH kablosu, end\u00fcstriyel otomasyon, veri iletimi ve sinyal kontrol sistemlerinde kullan\u0131lan, y\u00fcksek g\u00fcvenlikli ve dayan\u0131kl\u0131 bir kablo t\u00fcr\u00fcd\u00fcr. Bireysel \u00e7iftlerin folyo ile ekranlanmas\u0131 (PIMF) ve d\u0131\u015f \u00f6rg\u00fc ekranlama yap\u0131s\u0131 sayesinde elektromanyetik giri\u015fimlere kar\u015f\u0131 \u00fcst\u00fcn koruma sa\u011flar. Bu kablo, y\u00fcksek sinyal b\u00fct\u00fcnl\u00fc\u011f\u00fc ve g\u00fcvenli veri iletimi gerektiren sistemler i\u00e7in idealdir.<\/p>\n<\/div>\n<\/div>\n","protected":false},"featured_media":20710,"template":"","meta":{"_joinchat":[]},"product_brand":[],"product_cat":[88],"product_tag":[],"class_list":{"0":"post-18172","1":"product","2":"type-product","3":"status-publish","4":"has-post-thumbnail","6":"product_cat-elektronik-kontrol-kablolari","8":"first","9":"instock","10":"shipping-taxable","11":"product-type-grouped"},"_links":{"self":[{"href":"https:\/\/emekkablo.com\/tr\/wp-json\/wp\/v2\/product\/18172","targetHints":{"allow":["GET"]}}],"collection":[{"href":"https:\/\/emekkablo.com\/tr\/wp-json\/wp\/v2\/product"}],"about":[{"href":"https:\/\/emekkablo.com\/tr\/wp-json\/wp\/v2\/types\/product"}],"wp:featuredmedia":[{"embeddable":true,"href":"https:\/\/emekkablo.com\/tr\/wp-json\/wp\/v2\/media\/20710"}],"wp:attachment":[{"href":"https:\/\/emekkablo.com\/tr\/wp-json\/wp\/v2\/media?parent=18172"}],"wp:term":[{"taxonomy":"product_brand","embeddable":true,"href":"https:\/\/emekkablo.com\/tr\/wp-json\/wp\/v2\/product_brand?post=18172"},{"taxonomy":"product_cat","embeddable":true,"href":"https:\/\/emekkablo.com\/tr\/wp-json\/wp\/v2\/product_cat?post=18172"},{"taxonomy":"product_tag","embeddable":true,"href":"https:\/\/emekkablo.com\/tr\/wp-json\/wp\/v2\/product_tag?post=18172"}],"curies":[{"name":"wp","href":"https:\/\/api.w.org\/{rel}","templated":true}]}}