{"id":18174,"date":"2025-03-02T20:51:54","date_gmt":"2025-03-02T20:51:54","guid":{"rendered":"https:\/\/emekkablo.com\/?post_type=product&#038;p=18174"},"modified":"2025-05-02T01:44:05","modified_gmt":"2025-05-01T22:44:05","slug":"liycy","status":"publish","type":"product","link":"https:\/\/emekkablo.com\/tr\/product\/liycy\/","title":{"rendered":"LiYCY"},"content":{"rendered":"","protected":false},"excerpt":{"rendered":"<div class=\"woocommerce-sg-product-excerpt\">\n<div class=\"woocommerce-product-details__short-description\">\n<p data-start=\"63\" data-end=\"470\"><strong>LiYCY<\/strong> kablosu, <strong>end\u00fcstriyel otomasyon<\/strong> ve <strong>veri iletimi<\/strong> uygulamalar\u0131nda g\u00fcvenli, dayan\u0131kl\u0131 ve y\u00fcksek performansl\u0131 ba\u011flant\u0131lar sa\u011flamak i\u00e7in kullan\u0131lan bir kablo t\u00fcr\u00fcd\u00fcr. <strong>\u00c7ift ekranlama<\/strong> \u00f6zelli\u011fi sayesinde, elektromanyetik giri\u015fimlere (EMI) kar\u015f\u0131 \u00fcst\u00fcn koruma sa\u011flar. Genellikle veri iletimi ve sinyal kontrol sistemlerinde tercih edilen bu kablo, g\u00fcvenli ve stabil ba\u011flant\u0131 sunar.<\/p>\n<\/div>\n<\/div>\n","protected":false},"featured_media":18544,"template":"","meta":{"_joinchat":[]},"product_brand":[],"product_cat":[88],"product_tag":[],"class_list":{"0":"post-18174","1":"product","2":"type-product","3":"status-publish","4":"has-post-thumbnail","6":"product_cat-elektronik-kontrol-kablolari","8":"first","9":"instock","10":"shipping-taxable","11":"product-type-grouped"},"_links":{"self":[{"href":"https:\/\/emekkablo.com\/tr\/wp-json\/wp\/v2\/product\/18174","targetHints":{"allow":["GET"]}}],"collection":[{"href":"https:\/\/emekkablo.com\/tr\/wp-json\/wp\/v2\/product"}],"about":[{"href":"https:\/\/emekkablo.com\/tr\/wp-json\/wp\/v2\/types\/product"}],"wp:featuredmedia":[{"embeddable":true,"href":"https:\/\/emekkablo.com\/tr\/wp-json\/wp\/v2\/media\/18544"}],"wp:attachment":[{"href":"https:\/\/emekkablo.com\/tr\/wp-json\/wp\/v2\/media?parent=18174"}],"wp:term":[{"taxonomy":"product_brand","embeddable":true,"href":"https:\/\/emekkablo.com\/tr\/wp-json\/wp\/v2\/product_brand?post=18174"},{"taxonomy":"product_cat","embeddable":true,"href":"https:\/\/emekkablo.com\/tr\/wp-json\/wp\/v2\/product_cat?post=18174"},{"taxonomy":"product_tag","embeddable":true,"href":"https:\/\/emekkablo.com\/tr\/wp-json\/wp\/v2\/product_tag?post=18174"}],"curies":[{"name":"wp","href":"https:\/\/api.w.org\/{rel}","templated":true}]}}