{"id":18184,"date":"2025-03-03T13:01:06","date_gmt":"2025-03-03T13:01:06","guid":{"rendered":"https:\/\/emekkablo.com\/?post_type=product&#038;p=18184"},"modified":"2025-05-01T23:32:23","modified_gmt":"2025-05-01T20:32:23","slug":"liyy","status":"publish","type":"product","link":"https:\/\/emekkablo.com\/tr\/product\/liyy\/","title":{"rendered":"LiYY"},"content":{"rendered":"","protected":false},"excerpt":{"rendered":"<div class=\"woocommerce-sg-product-excerpt\">\n<div class=\"woocommerce-product-details__short-description\">\n<p data-start=\"22\" data-end=\"370\">LiYY kablosu, <strong data-start=\"36\" data-end=\"78\">esnek yap\u0131s\u0131 ve g\u00fcvenilir veri iletimi<\/strong> ile <strong data-start=\"83\" data-end=\"149\">end\u00fcstriyel kontrol, sinyal iletimi ve otomasyon sistemlerinde<\/strong> kullan\u0131lan \u00e7ok telli bir kablodur. <strong data-start=\"185\" data-end=\"244\">Elektromanyetik giri\u015fimin (EMI) d\u00fc\u015f\u00fck oldu\u011fu ortamlarda<\/strong> kullan\u0131lmak \u00fczere tasarlanm\u0131\u015ft\u0131r. <strong data-start=\"279\" data-end=\"306\">Kompakt ve hafif yap\u0131s\u0131<\/strong>, dar alanlarda ve hareketli sistemlerde kolay kurulum sa\u011flar.<\/p>\n<\/div>\n<\/div>\n","protected":false},"featured_media":18185,"template":"","meta":{"_joinchat":[]},"product_brand":[],"product_cat":[88],"product_tag":[],"class_list":{"0":"post-18184","1":"product","2":"type-product","3":"status-publish","4":"has-post-thumbnail","6":"product_cat-elektronik-kontrol-kablolari","8":"first","9":"instock","10":"shipping-taxable","11":"product-type-grouped"},"_links":{"self":[{"href":"https:\/\/emekkablo.com\/tr\/wp-json\/wp\/v2\/product\/18184","targetHints":{"allow":["GET"]}}],"collection":[{"href":"https:\/\/emekkablo.com\/tr\/wp-json\/wp\/v2\/product"}],"about":[{"href":"https:\/\/emekkablo.com\/tr\/wp-json\/wp\/v2\/types\/product"}],"wp:featuredmedia":[{"embeddable":true,"href":"https:\/\/emekkablo.com\/tr\/wp-json\/wp\/v2\/media\/18185"}],"wp:attachment":[{"href":"https:\/\/emekkablo.com\/tr\/wp-json\/wp\/v2\/media?parent=18184"}],"wp:term":[{"taxonomy":"product_brand","embeddable":true,"href":"https:\/\/emekkablo.com\/tr\/wp-json\/wp\/v2\/product_brand?post=18184"},{"taxonomy":"product_cat","embeddable":true,"href":"https:\/\/emekkablo.com\/tr\/wp-json\/wp\/v2\/product_cat?post=18184"},{"taxonomy":"product_tag","embeddable":true,"href":"https:\/\/emekkablo.com\/tr\/wp-json\/wp\/v2\/product_tag?post=18184"}],"curies":[{"name":"wp","href":"https:\/\/api.w.org\/{rel}","templated":true}]}}