{"id":18187,"date":"2025-03-03T13:20:56","date_gmt":"2025-03-03T13:20:56","guid":{"rendered":"https:\/\/emekkablo.com\/?post_type=product&#038;p=18187"},"modified":"2025-05-05T23:12:12","modified_gmt":"2025-05-05T20:12:12","slug":"n-yslyo-j","status":"publish","type":"product","link":"https:\/\/emekkablo.com\/tr\/product\/n-yslyo-j\/","title":{"rendered":"(N) YSLY\u00d6-J"},"content":{"rendered":"","protected":false},"excerpt":{"rendered":"<div class=\"woocommerce-sg-product-excerpt\">\n<div class=\"woocommerce-product-details__short-description\">\n<p data-start=\"28\" data-end=\"333\">(N)YSLY\u00d6-J kablosu, <strong data-start=\"48\" data-end=\"114\">end\u00fcstriyel kontrol, otomasyon ve enerji da\u011f\u0131t\u0131m sistemlerinde<\/strong> kullan\u0131lan, <strong data-start=\"127\" data-end=\"149\">esnek ve dayan\u0131kl\u0131<\/strong> bir kontrol kablosudur. <strong data-start=\"174\" data-end=\"264\">Ortak \u00f6rg\u00fc ekranlamas\u0131 sayesinde elektromanyetik giri\u015fimlere (EMI) kar\u015f\u0131 koruma sa\u011flar<\/strong>, bu da hassas sinyal iletimi gerektiren uygulamalar i\u00e7in idealdir.<\/p>\n<\/div>\n<\/div>\n","protected":false},"featured_media":18188,"template":"","meta":{"_joinchat":[]},"product_brand":[],"product_cat":[89],"product_tag":[],"class_list":{"0":"post-18187","1":"product","2":"type-product","3":"status-publish","4":"has-post-thumbnail","6":"product_cat-kontrol-kablolari","8":"first","9":"instock","10":"shipping-taxable","11":"product-type-grouped"},"_links":{"self":[{"href":"https:\/\/emekkablo.com\/tr\/wp-json\/wp\/v2\/product\/18187","targetHints":{"allow":["GET"]}}],"collection":[{"href":"https:\/\/emekkablo.com\/tr\/wp-json\/wp\/v2\/product"}],"about":[{"href":"https:\/\/emekkablo.com\/tr\/wp-json\/wp\/v2\/types\/product"}],"wp:featuredmedia":[{"embeddable":true,"href":"https:\/\/emekkablo.com\/tr\/wp-json\/wp\/v2\/media\/18188"}],"wp:attachment":[{"href":"https:\/\/emekkablo.com\/tr\/wp-json\/wp\/v2\/media?parent=18187"}],"wp:term":[{"taxonomy":"product_brand","embeddable":true,"href":"https:\/\/emekkablo.com\/tr\/wp-json\/wp\/v2\/product_brand?post=18187"},{"taxonomy":"product_cat","embeddable":true,"href":"https:\/\/emekkablo.com\/tr\/wp-json\/wp\/v2\/product_cat?post=18187"},{"taxonomy":"product_tag","embeddable":true,"href":"https:\/\/emekkablo.com\/tr\/wp-json\/wp\/v2\/product_tag?post=18187"}],"curies":[{"name":"wp","href":"https:\/\/api.w.org\/{rel}","templated":true}]}}