{"id":18189,"date":"2025-03-03T13:28:41","date_gmt":"2025-03-03T13:28:41","guid":{"rendered":"https:\/\/emekkablo.com\/?post_type=product&#038;p=18189"},"modified":"2025-05-06T00:31:44","modified_gmt":"2025-05-05T21:31:44","slug":"n-yslycyo-j","status":"publish","type":"product","link":"https:\/\/emekkablo.com\/tr\/product\/n-yslycyo-j\/","title":{"rendered":"(N) YSLYCY\u00d6-J"},"content":{"rendered":"","protected":false},"excerpt":{"rendered":"<div class=\"woocommerce-sg-product-excerpt\">\n<div class=\"woocommerce-product-details__short-description\">\n<p data-start=\"37\" data-end=\"362\">(N) YSLYCY\u00d6-J kablosu, <strong data-start=\"66\" data-end=\"132\">end\u00fcstriyel kontrol, otomasyon ve enerji da\u011f\u0131t\u0131m sistemlerinde<\/strong> kullan\u0131lan <strong data-start=\"144\" data-end=\"164\">esnek ve ekranl\u0131<\/strong> bir kontrol kablosudur. <strong data-start=\"189\" data-end=\"214\">Bak\u0131r \u00f6rg\u00fc ekran\u0131 (\u00d6)<\/strong> sayesinde elektromanyetik giri\u015fimlere (EMI) kar\u015f\u0131 y\u00fcksek koruma sa\u011flar. \u00d6zellikle <strong data-start=\"297\" data-end=\"333\">hassas sinyal iletimi gerektiren<\/strong> uygulamalar i\u00e7in idealdir.<\/p>\n<\/div>\n<\/div>\n","protected":false},"featured_media":18190,"template":"","meta":{"_joinchat":[]},"product_brand":[],"product_cat":[89],"product_tag":[],"class_list":{"0":"post-18189","1":"product","2":"type-product","3":"status-publish","4":"has-post-thumbnail","6":"product_cat-kontrol-kablolari","8":"first","9":"outofstock","10":"shipping-taxable","11":"product-type-grouped"},"_links":{"self":[{"href":"https:\/\/emekkablo.com\/tr\/wp-json\/wp\/v2\/product\/18189","targetHints":{"allow":["GET"]}}],"collection":[{"href":"https:\/\/emekkablo.com\/tr\/wp-json\/wp\/v2\/product"}],"about":[{"href":"https:\/\/emekkablo.com\/tr\/wp-json\/wp\/v2\/types\/product"}],"wp:featuredmedia":[{"embeddable":true,"href":"https:\/\/emekkablo.com\/tr\/wp-json\/wp\/v2\/media\/18190"}],"wp:attachment":[{"href":"https:\/\/emekkablo.com\/tr\/wp-json\/wp\/v2\/media?parent=18189"}],"wp:term":[{"taxonomy":"product_brand","embeddable":true,"href":"https:\/\/emekkablo.com\/tr\/wp-json\/wp\/v2\/product_brand?post=18189"},{"taxonomy":"product_cat","embeddable":true,"href":"https:\/\/emekkablo.com\/tr\/wp-json\/wp\/v2\/product_cat?post=18189"},{"taxonomy":"product_tag","embeddable":true,"href":"https:\/\/emekkablo.com\/tr\/wp-json\/wp\/v2\/product_tag?post=18189"}],"curies":[{"name":"wp","href":"https:\/\/api.w.org\/{rel}","templated":true}]}}