{"id":18216,"date":"2025-03-03T16:20:28","date_gmt":"2025-03-03T16:20:28","guid":{"rendered":"https:\/\/emekkablo.com\/?post_type=product&#038;p=18216"},"modified":"2025-05-05T22:59:02","modified_gmt":"2025-05-05T19:59:02","slug":"hslch","status":"publish","type":"product","link":"https:\/\/emekkablo.com\/tr\/product\/hslch\/","title":{"rendered":"HSLCH 300\/500 V"},"content":{"rendered":"","protected":false},"excerpt":{"rendered":"<div class=\"woocommerce-sg-product-excerpt\">\n<div class=\"woocommerce-product-details__short-description\">\n<p data-start=\"23\" data-end=\"351\">HSLCH kablosu, <strong data-start=\"38\" data-end=\"102\">end\u00fcstriyel otomasyon, kontrol ve bina y\u00f6netim sistemlerinde<\/strong> kullan\u0131lan, <strong data-start=\"115\" data-end=\"173\">esnek ve elektromanyetik giri\u015fime (EMI) kar\u015f\u0131 korumal\u0131<\/strong> bir kontrol kablosudur. <strong data-start=\"198\" data-end=\"252\">Al\u00fcminyum folyo ekranlamas\u0131 ve bak\u0131r \u00f6rg\u00fc korumas\u0131<\/strong>, d\u0131\u015f parazitlere kar\u015f\u0131 \u00fcst\u00fcn koruma sa\u011flar. <strong data-start=\"297\" data-end=\"349\">D\u00fc\u015f\u00fck ak\u0131m sinyal iletiminde g\u00fcvenilirlik sunar.<\/strong><\/p>\n<\/div>\n<\/div>\n","protected":false},"featured_media":18217,"template":"","meta":{"_joinchat":[]},"product_brand":[],"product_cat":[89],"product_tag":[],"class_list":{"0":"post-18216","1":"product","2":"type-product","3":"status-publish","4":"has-post-thumbnail","6":"product_cat-kontrol-kablolari","8":"first","9":"instock","10":"shipping-taxable","11":"product-type-grouped"},"_links":{"self":[{"href":"https:\/\/emekkablo.com\/tr\/wp-json\/wp\/v2\/product\/18216","targetHints":{"allow":["GET"]}}],"collection":[{"href":"https:\/\/emekkablo.com\/tr\/wp-json\/wp\/v2\/product"}],"about":[{"href":"https:\/\/emekkablo.com\/tr\/wp-json\/wp\/v2\/types\/product"}],"wp:featuredmedia":[{"embeddable":true,"href":"https:\/\/emekkablo.com\/tr\/wp-json\/wp\/v2\/media\/18217"}],"wp:attachment":[{"href":"https:\/\/emekkablo.com\/tr\/wp-json\/wp\/v2\/media?parent=18216"}],"wp:term":[{"taxonomy":"product_brand","embeddable":true,"href":"https:\/\/emekkablo.com\/tr\/wp-json\/wp\/v2\/product_brand?post=18216"},{"taxonomy":"product_cat","embeddable":true,"href":"https:\/\/emekkablo.com\/tr\/wp-json\/wp\/v2\/product_cat?post=18216"},{"taxonomy":"product_tag","embeddable":true,"href":"https:\/\/emekkablo.com\/tr\/wp-json\/wp\/v2\/product_tag?post=18216"}],"curies":[{"name":"wp","href":"https:\/\/api.w.org\/{rel}","templated":true}]}}