{"id":18233,"date":"2025-03-03T20:43:03","date_gmt":"2025-03-03T20:43:03","guid":{"rendered":"https:\/\/emekkablo.com\/?post_type=product&#038;p=18233"},"modified":"2025-07-29T15:27:59","modified_gmt":"2025-07-29T12:27:59","slug":"je-hsth","status":"publish","type":"product","link":"https:\/\/emekkablo.com\/tr\/product\/je-hsth\/","title":{"rendered":"JE-H(St)H FE180 PH120"},"content":{"rendered":"","protected":false},"excerpt":{"rendered":"<div class=\"woocommerce-sg-product-excerpt\">\n<div class=\"woocommerce-product-details__short-description\">\n<p data-start=\"27\" data-end=\"326\">JE-H(St)H FE180 PH120 kablosu, <strong data-start=\"46\" data-end=\"109\">bina i\u00e7i haberle\u015fme, yang\u0131n alarm ve g\u00fcvenlik sistemlerinde<\/strong> kullan\u0131lan, <strong data-start=\"122\" data-end=\"203\">halojensiz, d\u00fc\u015f\u00fck duman yo\u011funluklu ve elektromanyetik giri\u015fime kar\u015f\u0131 korumal\u0131<\/strong> bir kablo t\u00fcr\u00fcd\u00fcr. <strong data-start=\"223\" data-end=\"251\">Yang\u0131na dayan\u0131kl\u0131 yap\u0131s\u0131<\/strong>, zehirli gaz sal\u0131n\u0131m\u0131n\u0131 \u00f6nleyerek <strong data-start=\"286\" data-end=\"323\">acil durumlarda g\u00fcvenli\u011fi art\u0131r\u0131r<\/strong>.<\/p>\n<\/div>\n<\/div>\n","protected":false},"featured_media":20848,"template":"","meta":{"_joinchat":[]},"product_brand":[],"product_cat":[84],"product_tag":[],"class_list":{"0":"post-18233","1":"product","2":"type-product","3":"status-publish","4":"has-post-thumbnail","6":"product_cat-yangina-dayanikli-kablolar","8":"first","9":"instock","10":"shipping-taxable","11":"product-type-grouped"},"_links":{"self":[{"href":"https:\/\/emekkablo.com\/tr\/wp-json\/wp\/v2\/product\/18233","targetHints":{"allow":["GET"]}}],"collection":[{"href":"https:\/\/emekkablo.com\/tr\/wp-json\/wp\/v2\/product"}],"about":[{"href":"https:\/\/emekkablo.com\/tr\/wp-json\/wp\/v2\/types\/product"}],"wp:featuredmedia":[{"embeddable":true,"href":"https:\/\/emekkablo.com\/tr\/wp-json\/wp\/v2\/media\/20848"}],"wp:attachment":[{"href":"https:\/\/emekkablo.com\/tr\/wp-json\/wp\/v2\/media?parent=18233"}],"wp:term":[{"taxonomy":"product_brand","embeddable":true,"href":"https:\/\/emekkablo.com\/tr\/wp-json\/wp\/v2\/product_brand?post=18233"},{"taxonomy":"product_cat","embeddable":true,"href":"https:\/\/emekkablo.com\/tr\/wp-json\/wp\/v2\/product_cat?post=18233"},{"taxonomy":"product_tag","embeddable":true,"href":"https:\/\/emekkablo.com\/tr\/wp-json\/wp\/v2\/product_tag?post=18233"}],"curies":[{"name":"wp","href":"https:\/\/api.w.org\/{rel}","templated":true}]}}