{"id":18246,"date":"2025-03-03T21:44:22","date_gmt":"2025-03-03T21:44:22","guid":{"rendered":"https:\/\/emekkablo.com\/?post_type=product&#038;p=18246"},"modified":"2025-10-08T12:58:44","modified_gmt":"2025-10-08T09:58:44","slug":"cok-kanalli-analog-ses-kablolari-al-folyo-ekranli","status":"publish","type":"product","link":"https:\/\/emekkablo.com\/tr\/product\/cok-kanalli-analog-ses-kablolari-al-folyo-ekranli\/","title":{"rendered":"\u00c7ok Kanall\u0131 Analog Ses Kablolar\u0131 (Al Folyo Ekranl\u0131)"},"content":{"rendered":"","protected":false},"excerpt":{"rendered":"<div class=\"woocommerce-sg-product-excerpt\">\n<div class=\"woocommerce-product-details__short-description\">\n<p data-start=\"25\" data-end=\"340\">\u00c7ok kanall\u0131 mikrofon kablolar\u0131 genel ama\u00e7l\u0131 st\u00fcdyo uygulamalar\u0131 i\u00e7in \u00f6zel olarak dizayn edilmi\u015ftir. St\u00fcdyo tesisat d\u00f6\u015femeleri i\u00e7in kullan\u0131lan bu kablo da her kanal, ortak bir d\u0131\u015f k\u0131l\u0131f alt\u0131nda toplanm\u0131\u015f ve ekranlanm\u0131\u015f \u00e7iftlerden olu\u015fmaktad\u0131r. Her iletken \u00e7ift kalayl\u0131 bir toprak teli ile b\u00fck\u00fclerek \u00fczeri al\u00fcminyum folyo sar\u0131lm\u0131\u015f ve bireysel olarak PVC ile izole edilmi\u015ftir.\u00c7ok y\u00fcksek esneklik kapasitesine sahip bu kablolar kontrol odalar\u0131nda, seslendirme \u00fcnitelerinin ba\u011flanmas\u0131nda d\u00fczen sa\u011flamak amac\u0131yla tasarlanm\u0131\u015f ve b\u00fct\u00fcn ses sinyallerinin tek bir kablo \u00fczerinden da\u011f\u0131t\u0131m\u0131na olanak sa\u011flam\u0131\u015ft\u0131r.<\/p>\n<p data-start=\"25\" data-end=\"340\"><a class=\"woocommerce-print-products-pdf-link woocommerce-print-products-pdf-button btn theme-btn theme-button\" href=\"https:\/\/emekkablo.com\/wp-content\/uploads\/2025\/10\/COK-KANALLI-ANALOG-SES-KABLOLARI-ALFOLYO-EKRANLI-OK3D-2-0009.pdf\" target=\"_blank\" rel=\"noopener\">\u00a0PDF \u0130ndir<\/a><\/p>\n<\/div>\n<\/div>\n","protected":false},"featured_media":18247,"template":"","meta":{"_joinchat":[]},"product_brand":[],"product_cat":[80],"product_tag":[],"class_list":{"0":"post-18246","1":"product","2":"type-product","3":"status-publish","4":"has-post-thumbnail","6":"product_cat-ses-ve-goruntu-kablolari","8":"first","9":"instock","10":"shipping-taxable","11":"product-type-grouped"},"_links":{"self":[{"href":"https:\/\/emekkablo.com\/tr\/wp-json\/wp\/v2\/product\/18246","targetHints":{"allow":["GET"]}}],"collection":[{"href":"https:\/\/emekkablo.com\/tr\/wp-json\/wp\/v2\/product"}],"about":[{"href":"https:\/\/emekkablo.com\/tr\/wp-json\/wp\/v2\/types\/product"}],"wp:featuredmedia":[{"embeddable":true,"href":"https:\/\/emekkablo.com\/tr\/wp-json\/wp\/v2\/media\/18247"}],"wp:attachment":[{"href":"https:\/\/emekkablo.com\/tr\/wp-json\/wp\/v2\/media?parent=18246"}],"wp:term":[{"taxonomy":"product_brand","embeddable":true,"href":"https:\/\/emekkablo.com\/tr\/wp-json\/wp\/v2\/product_brand?post=18246"},{"taxonomy":"product_cat","embeddable":true,"href":"https:\/\/emekkablo.com\/tr\/wp-json\/wp\/v2\/product_cat?post=18246"},{"taxonomy":"product_tag","embeddable":true,"href":"https:\/\/emekkablo.com\/tr\/wp-json\/wp\/v2\/product_tag?post=18246"}],"curies":[{"name":"wp","href":"https:\/\/api.w.org\/{rel}","templated":true}]}}