{"id":18248,"date":"2025-03-03T21:49:04","date_gmt":"2025-03-03T21:49:04","guid":{"rendered":"https:\/\/emekkablo.com\/?post_type=product&#038;p=18248"},"modified":"2025-05-05T22:18:40","modified_gmt":"2025-05-05T19:18:40","slug":"yslcy","status":"publish","type":"product","link":"https:\/\/emekkablo.com\/tr\/product\/yslcy\/","title":{"rendered":"YSLCY 300\/500 V"},"content":{"rendered":"","protected":false},"excerpt":{"rendered":"<div class=\"woocommerce-sg-product-excerpt\">\n<div class=\"woocommerce-product-details__short-description\">\n<p data-start=\"23\" data-end=\"347\">YSLCY kablosu, <strong data-start=\"38\" data-end=\"116\">end\u00fcstriyel otomasyon, makine m\u00fchendisli\u011fi ve enerji da\u011f\u0131t\u0131m sistemlerinde<\/strong> kullan\u0131lan, <strong data-start=\"129\" data-end=\"185\">esnek, ekranl\u0131 ve d\u00fc\u015f\u00fck gerilimli kontrol kablosudur<\/strong>. <strong data-start=\"187\" data-end=\"216\">Kalayl\u0131 bak\u0131r \u00f6rg\u00fc ekran\u0131<\/strong>, elektromanyetik giri\u015fimlere (EMI) kar\u015f\u0131 y\u00fcksek koruma sa\u011flar ve <strong data-start=\"282\" data-end=\"344\">hassas sinyal iletimi gerektiren uygulamalar i\u00e7in idealdir<\/strong>.<\/p>\n<\/div>\n<\/div>\n","protected":false},"featured_media":19695,"template":"","meta":{"_joinchat":[]},"product_brand":[],"product_cat":[89],"product_tag":[],"class_list":{"0":"post-18248","1":"product","2":"type-product","3":"status-publish","4":"has-post-thumbnail","6":"product_cat-kontrol-kablolari","8":"first","9":"instock","10":"shipping-taxable","11":"product-type-grouped"},"_links":{"self":[{"href":"https:\/\/emekkablo.com\/tr\/wp-json\/wp\/v2\/product\/18248","targetHints":{"allow":["GET"]}}],"collection":[{"href":"https:\/\/emekkablo.com\/tr\/wp-json\/wp\/v2\/product"}],"about":[{"href":"https:\/\/emekkablo.com\/tr\/wp-json\/wp\/v2\/types\/product"}],"wp:featuredmedia":[{"embeddable":true,"href":"https:\/\/emekkablo.com\/tr\/wp-json\/wp\/v2\/media\/19695"}],"wp:attachment":[{"href":"https:\/\/emekkablo.com\/tr\/wp-json\/wp\/v2\/media?parent=18248"}],"wp:term":[{"taxonomy":"product_brand","embeddable":true,"href":"https:\/\/emekkablo.com\/tr\/wp-json\/wp\/v2\/product_brand?post=18248"},{"taxonomy":"product_cat","embeddable":true,"href":"https:\/\/emekkablo.com\/tr\/wp-json\/wp\/v2\/product_cat?post=18248"},{"taxonomy":"product_tag","embeddable":true,"href":"https:\/\/emekkablo.com\/tr\/wp-json\/wp\/v2\/product_tag?post=18248"}],"curies":[{"name":"wp","href":"https:\/\/api.w.org\/{rel}","templated":true}]}}