{"id":18263,"date":"2025-03-04T08:18:40","date_gmt":"2025-03-04T08:18:40","guid":{"rendered":"https:\/\/emekkablo.com\/?post_type=product&#038;p=18263"},"modified":"2025-05-06T01:47:04","modified_gmt":"2025-05-05T22:47:04","slug":"lihch-fe180-ph120","status":"publish","type":"product","link":"https:\/\/emekkablo.com\/tr\/product\/lihch-fe180-ph120\/","title":{"rendered":"LiHCH FE180 PH120"},"content":{"rendered":"","protected":false},"excerpt":{"rendered":"<div class=\"woocommerce-sg-product-excerpt\">\n<div class=\"woocommerce-product-details__short-description\">\n<p data-start=\"35\" data-end=\"533\">LiHCH FE180 PH120 kablosu, <strong data-start=\"62\" data-end=\"106\">yang\u0131na dayan\u0131kl\u0131, halojensiz ve ekranl\u0131<\/strong> bir sinyal ve kontrol kablosudur. <strong data-start=\"141\" data-end=\"265\">Yang\u0131n an\u0131nda en az 180 dakika boyunca \u00e7al\u0131\u015fmaya devam eden (FE180) ve 120 dakika boyunca i\u015flevselli\u011fini koruyan (PH120)<\/strong> bu kablo, <strong data-start=\"276\" data-end=\"344\">acil durum sistemleri, yang\u0131n alarm ve bina otomasyon sistemleri<\/strong> i\u00e7in ideal bir \u00e7\u00f6z\u00fcmd\u00fcr. <strong data-start=\"370\" data-end=\"391\">Halojensiz yap\u0131s\u0131<\/strong>, yanma s\u0131ras\u0131nda toksik gaz sal\u0131n\u0131m\u0131n\u0131 \u00f6nleyerek <strong data-start=\"441\" data-end=\"466\">insan sa\u011fl\u0131\u011f\u0131n\u0131 korur<\/strong> ve <strong data-start=\"470\" data-end=\"495\">d\u00fc\u015f\u00fck duman yo\u011funlu\u011fu<\/strong> sayesinde g\u00f6r\u00fc\u015f mesafesini art\u0131r\u0131r.<\/p>\n<\/div>\n<\/div>\n","protected":false},"featured_media":19956,"template":"","meta":{"_joinchat":[]},"product_brand":[],"product_cat":[84],"product_tag":[],"class_list":{"0":"post-18263","1":"product","2":"type-product","3":"status-publish","4":"has-post-thumbnail","6":"product_cat-yangina-dayanikli-kablolar","8":"first","9":"instock","10":"shipping-taxable","11":"product-type-grouped"},"_links":{"self":[{"href":"https:\/\/emekkablo.com\/tr\/wp-json\/wp\/v2\/product\/18263","targetHints":{"allow":["GET"]}}],"collection":[{"href":"https:\/\/emekkablo.com\/tr\/wp-json\/wp\/v2\/product"}],"about":[{"href":"https:\/\/emekkablo.com\/tr\/wp-json\/wp\/v2\/types\/product"}],"wp:featuredmedia":[{"embeddable":true,"href":"https:\/\/emekkablo.com\/tr\/wp-json\/wp\/v2\/media\/19956"}],"wp:attachment":[{"href":"https:\/\/emekkablo.com\/tr\/wp-json\/wp\/v2\/media?parent=18263"}],"wp:term":[{"taxonomy":"product_brand","embeddable":true,"href":"https:\/\/emekkablo.com\/tr\/wp-json\/wp\/v2\/product_brand?post=18263"},{"taxonomy":"product_cat","embeddable":true,"href":"https:\/\/emekkablo.com\/tr\/wp-json\/wp\/v2\/product_cat?post=18263"},{"taxonomy":"product_tag","embeddable":true,"href":"https:\/\/emekkablo.com\/tr\/wp-json\/wp\/v2\/product_tag?post=18263"}],"curies":[{"name":"wp","href":"https:\/\/api.w.org\/{rel}","templated":true}]}}