{"id":18549,"date":"2025-03-09T21:25:42","date_gmt":"2025-03-09T21:25:42","guid":{"rendered":"https:\/\/emekkablo.com\/?post_type=product&#038;p=18549"},"modified":"2025-05-06T01:40:52","modified_gmt":"2025-05-05T22:40:52","slug":"lihh-fe180-ph120","status":"publish","type":"product","link":"https:\/\/emekkablo.com\/tr\/product\/lihh-fe180-ph120\/","title":{"rendered":"LiHH FE180 PH120"},"content":{"rendered":"","protected":false},"excerpt":{"rendered":"<div class=\"woocommerce-sg-product-excerpt\">\n<div class=\"woocommerce-product-details__short-description\">\n<p data-start=\"34\" data-end=\"467\">LiHH FE180 PH120 kablosu, <strong data-start=\"60\" data-end=\"130\">yang\u0131na dayan\u0131kl\u0131, halojensiz ve g\u00fcvenilir sinyal iletimi sa\u011flayan<\/strong> \u00f6zel bir haberle\u015fme ve kontrol kablosudur. <strong data-start=\"174\" data-end=\"183\">FE180<\/strong> \u00f6zelli\u011fi ile 180 dakika boyunca alev alt\u0131nda \u00e7al\u0131\u015fmaya devam ederken, <strong data-start=\"254\" data-end=\"263\">PH120<\/strong> \u00f6zelli\u011fi sayesinde 120 dakika boyunca i\u015flevselli\u011fini korur. <strong data-start=\"324\" data-end=\"356\">Halojensiz (LSZH) d\u0131\u015f k\u0131l\u0131f\u0131<\/strong>, yang\u0131n s\u0131ras\u0131nda toksik gaz sal\u0131n\u0131m\u0131n\u0131 \u00f6nleyerek <strong data-start=\"407\" data-end=\"464\">insan sa\u011fl\u0131\u011f\u0131n\u0131 korur ve d\u00fc\u015f\u00fck duman yo\u011funlu\u011fu sa\u011flar<\/strong>.<\/p>\n<p data-start=\"469\" data-end=\"619\">Bu kablo, <strong data-start=\"479\" data-end=\"557\">yang\u0131n an\u0131nda sinyal ve veri iletimini kesintisiz s\u00fcrd\u00fcrebilme \u00f6zelli\u011fiyle<\/strong> <strong data-start=\"558\" data-end=\"616\">kritik g\u00fcvenlik gerektiren uygulamalarda tercih edilir<\/strong>.<\/p>\n<\/div>\n<\/div>\n","protected":false},"featured_media":18550,"template":"","meta":{"_joinchat":[]},"product_brand":[],"product_cat":[84],"product_tag":[],"class_list":{"0":"post-18549","1":"product","2":"type-product","3":"status-publish","4":"has-post-thumbnail","6":"product_cat-yangina-dayanikli-kablolar","8":"first","9":"instock","10":"shipping-taxable","11":"product-type-grouped"},"_links":{"self":[{"href":"https:\/\/emekkablo.com\/tr\/wp-json\/wp\/v2\/product\/18549","targetHints":{"allow":["GET"]}}],"collection":[{"href":"https:\/\/emekkablo.com\/tr\/wp-json\/wp\/v2\/product"}],"about":[{"href":"https:\/\/emekkablo.com\/tr\/wp-json\/wp\/v2\/types\/product"}],"wp:featuredmedia":[{"embeddable":true,"href":"https:\/\/emekkablo.com\/tr\/wp-json\/wp\/v2\/media\/18550"}],"wp:attachment":[{"href":"https:\/\/emekkablo.com\/tr\/wp-json\/wp\/v2\/media?parent=18549"}],"wp:term":[{"taxonomy":"product_brand","embeddable":true,"href":"https:\/\/emekkablo.com\/tr\/wp-json\/wp\/v2\/product_brand?post=18549"},{"taxonomy":"product_cat","embeddable":true,"href":"https:\/\/emekkablo.com\/tr\/wp-json\/wp\/v2\/product_cat?post=18549"},{"taxonomy":"product_tag","embeddable":true,"href":"https:\/\/emekkablo.com\/tr\/wp-json\/wp\/v2\/product_tag?post=18549"}],"curies":[{"name":"wp","href":"https:\/\/api.w.org\/{rel}","templated":true}]}}