{"id":18554,"date":"2025-03-09T22:36:43","date_gmt":"2025-03-09T22:36:43","guid":{"rendered":"https:\/\/emekkablo.com\/?post_type=product&#038;p=18554"},"modified":"2025-05-06T01:18:55","modified_gmt":"2025-05-05T22:18:55","slug":"lihsth-fe180-ph120","status":"publish","type":"product","link":"https:\/\/emekkablo.com\/tr\/product\/lihsth-fe180-ph120\/","title":{"rendered":"LiH(St)H FE180 PH120"},"content":{"rendered":"","protected":false},"excerpt":{"rendered":"<div class=\"woocommerce-sg-product-excerpt\">\n<div class=\"woocommerce-product-details__short-description\">\n<p data-start=\"38\" data-end=\"623\">LiH(St)H FE180 PH120 kablosu, <strong data-start=\"68\" data-end=\"144\">yang\u0131na dayan\u0131kl\u0131, elektromanyetik giri\u015fime kar\u015f\u0131 korumal\u0131 ve halojensiz<\/strong> bir haberle\u015fme ve kontrol kablosudur. <strong data-start=\"183\" data-end=\"192\">FE180<\/strong> \u00f6zelli\u011fi sayesinde 180 dakika boyunca alev alt\u0131nda \u00e7al\u0131\u015fmaya devam ederken, <strong data-start=\"269\" data-end=\"278\">PH120<\/strong> \u00f6zelli\u011fi ile 120 dakika boyunca i\u015flevselli\u011fini korur. <strong data-start=\"333\" data-end=\"365\">Halojensiz (LSZH) d\u0131\u015f k\u0131l\u0131f\u0131<\/strong>, yang\u0131n s\u0131ras\u0131nda toksik gaz sal\u0131n\u0131m\u0131n\u0131 \u00f6nler ve d\u00fc\u015f\u00fck duman yo\u011funlu\u011fu sayesinde <strong data-start=\"447\" data-end=\"498\">g\u00fcvenli tahliye ve operasyon devaml\u0131l\u0131\u011f\u0131 sa\u011flar<\/strong>. <strong data-start=\"500\" data-end=\"531\">Elektromanyetik koruma (St)<\/strong> \u00f6zelli\u011fi, d\u0131\u015f ortamdan gelen parazitleri engelleyerek <strong data-start=\"586\" data-end=\"620\">g\u00fcvenilir sinyal iletimi sunar<\/strong>.<\/p>\n<\/div>\n<\/div>\n","protected":false},"featured_media":18552,"template":"","meta":{"_joinchat":[]},"product_brand":[],"product_cat":[84],"product_tag":[],"class_list":{"0":"post-18554","1":"product","2":"type-product","3":"status-publish","4":"has-post-thumbnail","6":"product_cat-yangina-dayanikli-kablolar","8":"first","9":"instock","10":"shipping-taxable","11":"product-type-grouped"},"_links":{"self":[{"href":"https:\/\/emekkablo.com\/tr\/wp-json\/wp\/v2\/product\/18554","targetHints":{"allow":["GET"]}}],"collection":[{"href":"https:\/\/emekkablo.com\/tr\/wp-json\/wp\/v2\/product"}],"about":[{"href":"https:\/\/emekkablo.com\/tr\/wp-json\/wp\/v2\/types\/product"}],"wp:featuredmedia":[{"embeddable":true,"href":"https:\/\/emekkablo.com\/tr\/wp-json\/wp\/v2\/media\/18552"}],"wp:attachment":[{"href":"https:\/\/emekkablo.com\/tr\/wp-json\/wp\/v2\/media?parent=18554"}],"wp:term":[{"taxonomy":"product_brand","embeddable":true,"href":"https:\/\/emekkablo.com\/tr\/wp-json\/wp\/v2\/product_brand?post=18554"},{"taxonomy":"product_cat","embeddable":true,"href":"https:\/\/emekkablo.com\/tr\/wp-json\/wp\/v2\/product_cat?post=18554"},{"taxonomy":"product_tag","embeddable":true,"href":"https:\/\/emekkablo.com\/tr\/wp-json\/wp\/v2\/product_tag?post=18554"}],"curies":[{"name":"wp","href":"https:\/\/api.w.org\/{rel}","templated":true}]}}