{"id":18641,"date":"2025-03-11T13:42:25","date_gmt":"2025-03-11T13:42:25","guid":{"rendered":"https:\/\/emekkablo.com\/?post_type=product&#038;p=18641"},"modified":"2025-07-17T16:12:26","modified_gmt":"2025-07-17T13:12:26","slug":"cat-6a-f-ftp","status":"publish","type":"product","link":"https:\/\/emekkablo.com\/tr\/product\/cat-6a-f-ftp\/","title":{"rendered":"CAT6A F\/FTP 500 Mhz"},"content":{"rendered":"","protected":false},"excerpt":{"rendered":"<div class=\"woocommerce-sg-product-excerpt\">\n<div class=\"woocommerce-product-details__short-description\">\n<p data-start=\"38\" data-end=\"471\"><strong data-start=\"38\" data-end=\"62\">CAT6A F\/FTP 500 MHz<\/strong> kablosu, y\u00fcksek h\u0131zl\u0131 veri iletimi gerektiren a\u011f altyap\u0131lar\u0131 i\u00e7in geli\u015ftirilmi\u015f, \u00e7ift ekranlamaya sahip (F\/FTP) ve elektromanyetik giri\u015fime kar\u015f\u0131 \u00fcst\u00fcn koruma sa\u011flayan bir ethernet kablosudur. <strong data-start=\"256\" data-end=\"282\">500 MHz bant geni\u015fli\u011fi<\/strong> deste\u011fi ile 10 Gigabit Ethernet (10GbE) ba\u011flant\u0131lar\u0131n\u0131 sorunsuz \u015fekilde destekler. D\u00fc\u015f\u00fck gecikme s\u00fcresi, stabil ba\u011flant\u0131 ve dayan\u0131kl\u0131 yap\u0131s\u0131yla profesyonel a\u011f \u00e7\u00f6z\u00fcmlerinde tercih edilir.<\/p>\n<\/div>\n<\/div>\n","protected":false},"featured_media":18669,"template":"","meta":{"_joinchat":[]},"product_brand":[],"product_cat":[82],"product_tag":[],"class_list":{"0":"post-18641","1":"product","2":"type-product","3":"status-publish","4":"has-post-thumbnail","6":"product_cat-data-ve-veri-iletisim-kablolari","8":"first","9":"instock","10":"shipping-taxable","11":"product-type-grouped"},"_links":{"self":[{"href":"https:\/\/emekkablo.com\/tr\/wp-json\/wp\/v2\/product\/18641","targetHints":{"allow":["GET"]}}],"collection":[{"href":"https:\/\/emekkablo.com\/tr\/wp-json\/wp\/v2\/product"}],"about":[{"href":"https:\/\/emekkablo.com\/tr\/wp-json\/wp\/v2\/types\/product"}],"wp:featuredmedia":[{"embeddable":true,"href":"https:\/\/emekkablo.com\/tr\/wp-json\/wp\/v2\/media\/18669"}],"wp:attachment":[{"href":"https:\/\/emekkablo.com\/tr\/wp-json\/wp\/v2\/media?parent=18641"}],"wp:term":[{"taxonomy":"product_brand","embeddable":true,"href":"https:\/\/emekkablo.com\/tr\/wp-json\/wp\/v2\/product_brand?post=18641"},{"taxonomy":"product_cat","embeddable":true,"href":"https:\/\/emekkablo.com\/tr\/wp-json\/wp\/v2\/product_cat?post=18641"},{"taxonomy":"product_tag","embeddable":true,"href":"https:\/\/emekkablo.com\/tr\/wp-json\/wp\/v2\/product_tag?post=18641"}],"curies":[{"name":"wp","href":"https:\/\/api.w.org\/{rel}","templated":true}]}}