{"id":18660,"date":"2025-03-11T14:25:30","date_gmt":"2025-03-11T14:25:30","guid":{"rendered":"https:\/\/emekkablo.com\/?post_type=product&#038;p=18660"},"modified":"2025-07-17T16:06:55","modified_gmt":"2025-07-17T13:06:55","slug":"cat6a-f-utp-500-mhz","status":"publish","type":"product","link":"https:\/\/emekkablo.com\/tr\/product\/cat6a-f-utp-500-mhz\/","title":{"rendered":"CAT6A F\/UTP 500 Mhz"},"content":{"rendered":"","protected":false},"excerpt":{"rendered":"<div class=\"woocommerce-sg-product-excerpt\">\n<div class=\"woocommerce-product-details__short-description\">\n<p data-start=\"38\" data-end=\"465\"><strong data-start=\"38\" data-end=\"62\">CAT6A F\/UTP 500 MHz<\/strong> kablosu, y\u00fcksek h\u0131zl\u0131 veri iletimi i\u00e7in geli\u015ftirilmi\u015f, <strong data-start=\"118\" data-end=\"165\">10 Gigabit Ethernet (10GbE) deste\u011fine sahip<\/strong>, folyo ekranl\u0131 bir ethernet kablosudur. <strong data-start=\"206\" data-end=\"232\">500 MHz bant geni\u015fli\u011fi<\/strong> sunarak stabil ba\u011flant\u0131 ve d\u00fc\u015f\u00fck gecikme s\u00fcresi sa\u011flar. <strong data-start=\"289\" data-end=\"324\">F\/UTP (Folyo + B\u00fck\u00fcml\u00fc \u00c7iftler)<\/strong> ekranlama yap\u0131s\u0131, d\u0131\u015f elektromanyetik giri\u015fimlere (EMI) kar\u015f\u0131 koruma sa\u011flarken, sinyal b\u00fct\u00fcnl\u00fc\u011f\u00fcn\u00fc koruyarak g\u00fcvenilir veri iletimi sunar.<\/p>\n<\/div>\n<\/div>\n","protected":false},"featured_media":19907,"template":"","meta":{"_joinchat":[]},"product_brand":[],"product_cat":[82],"product_tag":[],"class_list":{"0":"post-18660","1":"product","2":"type-product","3":"status-publish","4":"has-post-thumbnail","6":"product_cat-data-ve-veri-iletisim-kablolari","8":"first","9":"instock","10":"shipping-taxable","11":"product-type-grouped"},"_links":{"self":[{"href":"https:\/\/emekkablo.com\/tr\/wp-json\/wp\/v2\/product\/18660","targetHints":{"allow":["GET"]}}],"collection":[{"href":"https:\/\/emekkablo.com\/tr\/wp-json\/wp\/v2\/product"}],"about":[{"href":"https:\/\/emekkablo.com\/tr\/wp-json\/wp\/v2\/types\/product"}],"wp:featuredmedia":[{"embeddable":true,"href":"https:\/\/emekkablo.com\/tr\/wp-json\/wp\/v2\/media\/19907"}],"wp:attachment":[{"href":"https:\/\/emekkablo.com\/tr\/wp-json\/wp\/v2\/media?parent=18660"}],"wp:term":[{"taxonomy":"product_brand","embeddable":true,"href":"https:\/\/emekkablo.com\/tr\/wp-json\/wp\/v2\/product_brand?post=18660"},{"taxonomy":"product_cat","embeddable":true,"href":"https:\/\/emekkablo.com\/tr\/wp-json\/wp\/v2\/product_cat?post=18660"},{"taxonomy":"product_tag","embeddable":true,"href":"https:\/\/emekkablo.com\/tr\/wp-json\/wp\/v2\/product_tag?post=18660"}],"curies":[{"name":"wp","href":"https:\/\/api.w.org\/{rel}","templated":true}]}}