{"id":18664,"date":"2025-03-11T14:44:43","date_gmt":"2025-03-11T14:44:43","guid":{"rendered":"https:\/\/emekkablo.com\/?post_type=product&#038;p=18664"},"modified":"2025-07-17T15:41:41","modified_gmt":"2025-07-17T12:41:41","slug":"cat7-s-ftp","status":"publish","type":"product","link":"https:\/\/emekkablo.com\/tr\/product\/cat7-s-ftp\/","title":{"rendered":"CAT7 S\/FTP 600 Mhz"},"content":{"rendered":"","protected":false},"excerpt":{"rendered":"<div class=\"woocommerce-sg-product-excerpt\">\n<div class=\"woocommerce-product-details__short-description\">\n<p data-start=\"39\" data-end=\"488\"><span style=\"font-size: 10pt;\"><strong data-start=\"39\" data-end=\"64\">CAT7 S\/FTP 600 MHz<\/strong> kablosu, <strong data-start=\"74\" data-end=\"138\">y\u00fcksek h\u0131zl\u0131 veri iletimi ve maksimum elektromanyetik koruma<\/strong> sa\u011flayan <strong data-start=\"148\" data-end=\"185\">10 Gigabit ve 40 Gigabit Ethernet<\/strong> destekli bir a\u011f kablosudur. 6<strong data-start=\"214\" data-end=\"241\">00 MHz bant geni\u015fli\u011fi<\/strong> sunarak, ultra y\u00fcksek h\u0131zda ve d\u00fc\u015f\u00fck gecikmeli ba\u011flant\u0131lar i\u00e7in ideal bir \u00e7\u00f6z\u00fcmd\u00fcr. <strong data-start=\"326\" data-end=\"358\">S\/FTP (\u00c7ift Katmanl\u0131 Koruma)<\/strong> yap\u0131s\u0131 sayesinde her b\u00fck\u00fcml\u00fc \u00e7ift ayr\u0131 ayr\u0131 folyo ile, t\u00fcm kablo ise \u00f6rg\u00fcl\u00fc ekranla korunarak m\u00fckemmel sinyal b\u00fct\u00fcnl\u00fc\u011f\u00fc sa\u011flar.<\/span><\/p>\n<\/div>\n<\/div>\n","protected":false},"featured_media":18665,"template":"","meta":{"_joinchat":[]},"product_brand":[],"product_cat":[82],"product_tag":[],"class_list":{"0":"post-18664","1":"product","2":"type-product","3":"status-publish","4":"has-post-thumbnail","6":"product_cat-data-ve-veri-iletisim-kablolari","8":"first","9":"instock","10":"shipping-taxable","11":"product-type-grouped"},"_links":{"self":[{"href":"https:\/\/emekkablo.com\/tr\/wp-json\/wp\/v2\/product\/18664","targetHints":{"allow":["GET"]}}],"collection":[{"href":"https:\/\/emekkablo.com\/tr\/wp-json\/wp\/v2\/product"}],"about":[{"href":"https:\/\/emekkablo.com\/tr\/wp-json\/wp\/v2\/types\/product"}],"wp:featuredmedia":[{"embeddable":true,"href":"https:\/\/emekkablo.com\/tr\/wp-json\/wp\/v2\/media\/18665"}],"wp:attachment":[{"href":"https:\/\/emekkablo.com\/tr\/wp-json\/wp\/v2\/media?parent=18664"}],"wp:term":[{"taxonomy":"product_brand","embeddable":true,"href":"https:\/\/emekkablo.com\/tr\/wp-json\/wp\/v2\/product_brand?post=18664"},{"taxonomy":"product_cat","embeddable":true,"href":"https:\/\/emekkablo.com\/tr\/wp-json\/wp\/v2\/product_cat?post=18664"},{"taxonomy":"product_tag","embeddable":true,"href":"https:\/\/emekkablo.com\/tr\/wp-json\/wp\/v2\/product_tag?post=18664"}],"curies":[{"name":"wp","href":"https:\/\/api.w.org\/{rel}","templated":true}]}}