{"id":18674,"date":"2025-03-11T19:09:32","date_gmt":"2025-03-11T19:09:32","guid":{"rendered":"https:\/\/emekkablo.com\/?post_type=product&#038;p=18674"},"modified":"2025-07-22T12:21:11","modified_gmt":"2025-07-22T09:21:11","slug":"liysty","status":"publish","type":"product","link":"https:\/\/emekkablo.com\/tr\/product\/liysty\/","title":{"rendered":"LiY(St)Y"},"content":{"rendered":"","protected":false},"excerpt":{"rendered":"<div class=\"woocommerce-sg-product-excerpt\">\n<div class=\"woocommerce-product-details__short-description\">\n<p data-start=\"26\" data-end=\"384\"><strong data-start=\"26\" data-end=\"46\">L\u0130Y(St)Y kablosu<\/strong>, end\u00fcstriyel otomasyon, haberle\u015fme ve kontrol sistemlerinde kullan\u0131lan, <strong data-start=\"119\" data-end=\"173\">ekranl\u0131 ve d\u00fc\u015f\u00fck voltajl\u0131 sinyal iletim kablosudur<\/strong>. Elektromanyetik giri\u015fime kar\u015f\u0131 koruma sa\u011flayarak <strong data-start=\"224\" data-end=\"264\">parazitsiz ve g\u00fcvenilir veri iletimi<\/strong> sunar. Genellikle <strong data-start=\"283\" data-end=\"341\">kontrol panelleri, \u00f6l\u00e7\u00fcm sistemleri ve bina otomasyonu<\/strong> gibi hassas uygulamalarda tercih edilir.<\/p>\n<p data-start=\"1090\" data-end=\"1276\" data-is-last-node=\"\" data-is-only-node=\"\">\n<\/div>\n<\/div>\n","protected":false},"featured_media":18684,"template":"","meta":{"_joinchat":[]},"product_brand":[],"product_cat":[88],"product_tag":[],"class_list":{"0":"post-18674","1":"product","2":"type-product","3":"status-publish","4":"has-post-thumbnail","6":"product_cat-elektronik-kontrol-kablolari","8":"first","9":"instock","10":"shipping-taxable","11":"product-type-grouped"},"_links":{"self":[{"href":"https:\/\/emekkablo.com\/tr\/wp-json\/wp\/v2\/product\/18674","targetHints":{"allow":["GET"]}}],"collection":[{"href":"https:\/\/emekkablo.com\/tr\/wp-json\/wp\/v2\/product"}],"about":[{"href":"https:\/\/emekkablo.com\/tr\/wp-json\/wp\/v2\/types\/product"}],"wp:featuredmedia":[{"embeddable":true,"href":"https:\/\/emekkablo.com\/tr\/wp-json\/wp\/v2\/media\/18684"}],"wp:attachment":[{"href":"https:\/\/emekkablo.com\/tr\/wp-json\/wp\/v2\/media?parent=18674"}],"wp:term":[{"taxonomy":"product_brand","embeddable":true,"href":"https:\/\/emekkablo.com\/tr\/wp-json\/wp\/v2\/product_brand?post=18674"},{"taxonomy":"product_cat","embeddable":true,"href":"https:\/\/emekkablo.com\/tr\/wp-json\/wp\/v2\/product_cat?post=18674"},{"taxonomy":"product_tag","embeddable":true,"href":"https:\/\/emekkablo.com\/tr\/wp-json\/wp\/v2\/product_tag?post=18674"}],"curies":[{"name":"wp","href":"https:\/\/api.w.org\/{rel}","templated":true}]}}