{"id":18731,"date":"2025-03-11T23:47:57","date_gmt":"2025-03-11T23:47:57","guid":{"rendered":"https:\/\/emekkablo.com\/?post_type=product&#038;p=18731"},"modified":"2025-05-05T15:20:47","modified_gmt":"2025-05-05T12:20:47","slug":"cok-kanalli-analog-ses-kablolari-sarma-ekranli","status":"publish","type":"product","link":"https:\/\/emekkablo.com\/tr\/product\/cok-kanalli-analog-ses-kablolari-sarma-ekranli\/","title":{"rendered":"\u00c7ok Kanall\u0131 Analog Ses Kablolar\u0131 (Sarma Ekranl\u0131)"},"content":{"rendered":"","protected":false},"excerpt":{"rendered":"<p data-start=\"42\" data-end=\"412\">\u00c7ok Kanall\u0131 Analog Ses Kablolar\u0131 (Sarma Ekranl\u0131), profesyonel ses sistemleri, st\u00fcdyo ekipmanlar\u0131 ve sahne uygulamalar\u0131nda birden fazla ses sinyalini ayn\u0131 anda ta\u015f\u0131yabilen, y\u00fcksek kaliteli bir kablodur. Elektromanyetik giri\u015fimlere kar\u015f\u0131 korumal\u0131 yap\u0131s\u0131 sayesinde net ve temiz bir ses iletimi sa\u011flar. Esnek yap\u0131s\u0131, kolay kurulum ve dayan\u0131kl\u0131l\u0131k sunarak uzun \u00f6m\u00fcrl\u00fc kullan\u0131m imk\u00e2n\u0131 sa\u011flar.<\/p>\n<p data-start=\"1245\" data-end=\"1391\" data-is-last-node=\"\" data-is-only-node=\"\">\n","protected":false},"featured_media":18732,"template":"","meta":{"_joinchat":[]},"product_brand":[],"product_cat":[80],"product_tag":[],"class_list":{"0":"post-18731","1":"product","2":"type-product","3":"status-publish","4":"has-post-thumbnail","6":"product_cat-ses-ve-goruntu-kablolari","8":"first","9":"instock","10":"shipping-taxable","11":"product-type-grouped"},"_links":{"self":[{"href":"https:\/\/emekkablo.com\/tr\/wp-json\/wp\/v2\/product\/18731","targetHints":{"allow":["GET"]}}],"collection":[{"href":"https:\/\/emekkablo.com\/tr\/wp-json\/wp\/v2\/product"}],"about":[{"href":"https:\/\/emekkablo.com\/tr\/wp-json\/wp\/v2\/types\/product"}],"wp:featuredmedia":[{"embeddable":true,"href":"https:\/\/emekkablo.com\/tr\/wp-json\/wp\/v2\/media\/18732"}],"wp:attachment":[{"href":"https:\/\/emekkablo.com\/tr\/wp-json\/wp\/v2\/media?parent=18731"}],"wp:term":[{"taxonomy":"product_brand","embeddable":true,"href":"https:\/\/emekkablo.com\/tr\/wp-json\/wp\/v2\/product_brand?post=18731"},{"taxonomy":"product_cat","embeddable":true,"href":"https:\/\/emekkablo.com\/tr\/wp-json\/wp\/v2\/product_cat?post=18731"},{"taxonomy":"product_tag","embeddable":true,"href":"https:\/\/emekkablo.com\/tr\/wp-json\/wp\/v2\/product_tag?post=18731"}],"curies":[{"name":"wp","href":"https:\/\/api.w.org\/{rel}","templated":true}]}}