{"id":18740,"date":"2025-03-12T06:18:04","date_gmt":"2025-03-12T06:18:04","guid":{"rendered":"https:\/\/emekkablo.com\/?post_type=product&#038;p=18740"},"modified":"2025-10-08T12:35:15","modified_gmt":"2025-10-08T09:35:15","slug":"profesyonel-enstruman-kablolari","status":"publish","type":"product","link":"https:\/\/emekkablo.com\/tr\/product\/profesyonel-enstruman-kablolari\/","title":{"rendered":"Profesyonel Enstr\u00fcman Kablolar\u0131"},"content":{"rendered":"","protected":false},"excerpt":{"rendered":"<p data-start=\"24\" data-end=\"365\">EK 106 kablosu, end\u00fcstriyel otomasyon ve kontrol sistemlerinde kullan\u0131lan, y\u00fcksek esneklik ve dayan\u0131kl\u0131l\u0131k sunan \u00f6zel bir kablodur. Sinyal ve veri iletiminde g\u00fcvenilir performans sa\u011flayarak, zorlu \u00e7al\u0131\u015fma ko\u015fullar\u0131nda bile stabil ba\u011flant\u0131 imkan\u0131 sunar. A\u015f\u0131nmaya ve d\u0131\u015f etkenlere kar\u015f\u0131 dayan\u0131kl\u0131 yap\u0131s\u0131 sayesinde uzun \u00f6m\u00fcrl\u00fc kullan\u0131m sunar.<\/p>\n<p data-start=\"24\" data-end=\"365\"><a class=\"woocommerce-print-products-pdf-link woocommerce-print-products-pdf-button btn theme-btn theme-button\" href=\"https:\/\/emekkablo.com\/wp-content\/uploads\/2025\/10\/PROFESYONELENSTRUMAN-KABLOLARI-OK3D-2-0006.pdf\" target=\"_blank\" rel=\"noopener\">\u00a0PDF \u0130ndir<\/a><\/p>\n","protected":false},"featured_media":18735,"template":"","meta":{"_joinchat":[]},"product_brand":[],"product_cat":[80],"product_tag":[],"class_list":{"0":"post-18740","1":"product","2":"type-product","3":"status-publish","4":"has-post-thumbnail","6":"product_cat-ses-ve-goruntu-kablolari","8":"first","9":"instock","10":"shipping-taxable","11":"product-type-grouped"},"_links":{"self":[{"href":"https:\/\/emekkablo.com\/tr\/wp-json\/wp\/v2\/product\/18740","targetHints":{"allow":["GET"]}}],"collection":[{"href":"https:\/\/emekkablo.com\/tr\/wp-json\/wp\/v2\/product"}],"about":[{"href":"https:\/\/emekkablo.com\/tr\/wp-json\/wp\/v2\/types\/product"}],"wp:featuredmedia":[{"embeddable":true,"href":"https:\/\/emekkablo.com\/tr\/wp-json\/wp\/v2\/media\/18735"}],"wp:attachment":[{"href":"https:\/\/emekkablo.com\/tr\/wp-json\/wp\/v2\/media?parent=18740"}],"wp:term":[{"taxonomy":"product_brand","embeddable":true,"href":"https:\/\/emekkablo.com\/tr\/wp-json\/wp\/v2\/product_brand?post=18740"},{"taxonomy":"product_cat","embeddable":true,"href":"https:\/\/emekkablo.com\/tr\/wp-json\/wp\/v2\/product_cat?post=18740"},{"taxonomy":"product_tag","embeddable":true,"href":"https:\/\/emekkablo.com\/tr\/wp-json\/wp\/v2\/product_tag?post=18740"}],"curies":[{"name":"wp","href":"https:\/\/api.w.org\/{rel}","templated":true}]}}