{"id":19998,"date":"2025-03-20T08:06:05","date_gmt":"2025-03-20T08:06:05","guid":{"rendered":"https:\/\/emekkablo.com\/?post_type=product&#038;p=19998"},"modified":"2025-07-17T15:33:26","modified_gmt":"2025-07-17T12:33:26","slug":"li-2ystch-tp","status":"publish","type":"product","link":"https:\/\/emekkablo.com\/tr\/product\/li-2ystch-tp\/","title":{"rendered":"Li-2Y(St)CH TP"},"content":{"rendered":"","protected":false},"excerpt":{"rendered":"<div class=\"woocommerce-sg-product-excerpt\">\n<div class=\"woocommerce-product-details__short-description\">\n<p>Li\u2082Y(St)CH TP kablo, <strong>y\u00fcksek g\u00fcvenilirlik ve dayan\u0131kl\u0131l\u0131k sa\u011flayan bir a\u011f kablosudur.<\/strong> B\u00fck\u00fcml\u00fc tel \u00e7iftlerinin (TP) ekranlanmas\u0131 ve kablonun d\u0131\u015f koruyucu ekranla kaplanmas\u0131 (CH), elektromanyetik giri\u015fimlere (EMI) ve radyo frekans parazitlerine (RFI) kar\u015f\u0131 \u00fcst\u00fcn koruma sa\u011flar.<\/p>\n<\/div>\n<\/div>\n","protected":false},"featured_media":19999,"template":"","meta":{"_joinchat":[]},"product_brand":[],"product_cat":[82],"product_tag":[],"class_list":{"0":"post-19998","1":"product","2":"type-product","3":"status-publish","4":"has-post-thumbnail","6":"product_cat-data-ve-veri-iletisim-kablolari","8":"first","9":"instock","10":"shipping-taxable","11":"product-type-grouped"},"_links":{"self":[{"href":"https:\/\/emekkablo.com\/tr\/wp-json\/wp\/v2\/product\/19998","targetHints":{"allow":["GET"]}}],"collection":[{"href":"https:\/\/emekkablo.com\/tr\/wp-json\/wp\/v2\/product"}],"about":[{"href":"https:\/\/emekkablo.com\/tr\/wp-json\/wp\/v2\/types\/product"}],"wp:featuredmedia":[{"embeddable":true,"href":"https:\/\/emekkablo.com\/tr\/wp-json\/wp\/v2\/media\/19999"}],"wp:attachment":[{"href":"https:\/\/emekkablo.com\/tr\/wp-json\/wp\/v2\/media?parent=19998"}],"wp:term":[{"taxonomy":"product_brand","embeddable":true,"href":"https:\/\/emekkablo.com\/tr\/wp-json\/wp\/v2\/product_brand?post=19998"},{"taxonomy":"product_cat","embeddable":true,"href":"https:\/\/emekkablo.com\/tr\/wp-json\/wp\/v2\/product_cat?post=19998"},{"taxonomy":"product_tag","embeddable":true,"href":"https:\/\/emekkablo.com\/tr\/wp-json\/wp\/v2\/product_tag?post=19998"}],"curies":[{"name":"wp","href":"https:\/\/api.w.org\/{rel}","templated":true}]}}