{"id":20704,"date":"2025-05-08T09:58:05","date_gmt":"2025-05-08T06:58:05","guid":{"rendered":"https:\/\/emekkablo.com\/?post_type=product&#038;p=20704"},"modified":"2025-07-22T12:00:25","modified_gmt":"2025-07-22T09:00:25","slug":"liystcy","status":"publish","type":"product","link":"https:\/\/emekkablo.com\/tr\/product\/liystcy\/","title":{"rendered":"LiY(St)CY"},"content":{"rendered":"","protected":false},"excerpt":{"rendered":"<div class=\"woocommerce-sg-product-excerpt\">\n<div class=\"woocommerce-product-details__short-description\">\n<p data-start=\"27\" data-end=\"424\"><strong data-start=\"27\" data-end=\"40\">LiY(St)CY<\/strong>, sinyal iletimi i\u00e7in kullan\u0131lan, d\u00fc\u015f\u00fck gerilimli, <strong data-start=\"91\" data-end=\"109\">g\u00f6lgeleme (St)<\/strong> \u00f6zelli\u011fine sahip ve <strong data-start=\"130\" data-end=\"178\">esnek yap\u0131l\u0131 bir kontrol ve \u00f6l\u00e7\u00fcm kablosudur<\/strong>. <strong data-start=\"180\" data-end=\"206\">Al\u00fcminyum folyo ekran\u0131<\/strong>, d\u0131\u015f ortamdan gelebilecek <strong data-start=\"233\" data-end=\"270\">elektromanyetik parazitleri (EMI)<\/strong> engeller ve sinyal b\u00fct\u00fcnl\u00fc\u011f\u00fcn\u00fc korur. Ayn\u0131 zamanda PVC d\u0131\u015f k\u0131l\u0131f\u0131 sayesinde <strong data-start=\"347\" data-end=\"375\">dayan\u0131kl\u0131 ve uzun \u00f6m\u00fcrl\u00fc<\/strong> bir kullan\u0131m sunar.<\/p>\n<\/div>\n<\/div>\n","protected":false},"featured_media":20708,"template":"","meta":{"_joinchat":[]},"product_brand":[],"product_cat":[88],"product_tag":[],"class_list":{"0":"post-20704","1":"product","2":"type-product","3":"status-publish","4":"has-post-thumbnail","6":"product_cat-elektronik-kontrol-kablolari","8":"first","9":"instock","10":"shipping-taxable","11":"product-type-grouped"},"_links":{"self":[{"href":"https:\/\/emekkablo.com\/tr\/wp-json\/wp\/v2\/product\/20704","targetHints":{"allow":["GET"]}}],"collection":[{"href":"https:\/\/emekkablo.com\/tr\/wp-json\/wp\/v2\/product"}],"about":[{"href":"https:\/\/emekkablo.com\/tr\/wp-json\/wp\/v2\/types\/product"}],"wp:featuredmedia":[{"embeddable":true,"href":"https:\/\/emekkablo.com\/tr\/wp-json\/wp\/v2\/media\/20708"}],"wp:attachment":[{"href":"https:\/\/emekkablo.com\/tr\/wp-json\/wp\/v2\/media?parent=20704"}],"wp:term":[{"taxonomy":"product_brand","embeddable":true,"href":"https:\/\/emekkablo.com\/tr\/wp-json\/wp\/v2\/product_brand?post=20704"},{"taxonomy":"product_cat","embeddable":true,"href":"https:\/\/emekkablo.com\/tr\/wp-json\/wp\/v2\/product_cat?post=20704"},{"taxonomy":"product_tag","embeddable":true,"href":"https:\/\/emekkablo.com\/tr\/wp-json\/wp\/v2\/product_tag?post=20704"}],"curies":[{"name":"wp","href":"https:\/\/api.w.org\/{rel}","templated":true}]}}