{"id":20764,"date":"2025-06-02T16:16:30","date_gmt":"2025-06-02T13:16:30","guid":{"rendered":"https:\/\/emekkablo.com\/?post_type=product&#038;p=20764"},"modified":"2025-07-22T12:46:36","modified_gmt":"2025-07-22T09:46:36","slug":"lihch","status":"publish","type":"product","link":"https:\/\/emekkablo.com\/tr\/product\/lihch\/","title":{"rendered":"LiHCH"},"content":{"rendered":"","protected":false},"excerpt":{"rendered":"<div class=\"woocommerce-sg-product-excerpt\">\n<div class=\"woocommerce-product-details__short-description\">\n<p data-start=\"34\" data-end=\"356\"><strong>LiHCY kablosu<\/strong>, <strong>end\u00fcstriyel otomasyon, veri iletimi ve sinyal kontrol sistemlerinde<\/strong> yayg\u0131n olarak kullan\u0131lan, g\u00fcvenilir ve dayan\u0131kl\u0131 bir kablo t\u00fcr\u00fcd\u00fcr. Y\u00fcksek kaliteli <strong>bak\u0131r iletken<\/strong> ve <strong>sa\u011flam izolasyon<\/strong> malzemeleri sayesinde, g\u00fc\u00e7l\u00fc sinyal iletimi ve g\u00fcvenli ba\u011flant\u0131lar sa\u011flar. <strong>\u00c7ift ekranlama<\/strong> yap\u0131s\u0131, kablonun <strong>elektromanyetik giri\u015fimlere kar\u015f\u0131 y\u00fcksek koruma<\/strong> sa\u011flamas\u0131n\u0131 garanti eder.<\/p>\n<p data-start=\"747\" data-end=\"900\" data-is-last-node=\"\" data-is-only-node=\"\">\n<\/div>\n<\/div>\n","protected":false},"featured_media":20765,"template":"","meta":{"_joinchat":[]},"product_brand":[],"product_cat":[88],"product_tag":[],"class_list":{"0":"post-20764","1":"product","2":"type-product","3":"status-publish","4":"has-post-thumbnail","6":"product_cat-elektronik-kontrol-kablolari","8":"first","9":"instock","10":"shipping-taxable","11":"product-type-grouped"},"_links":{"self":[{"href":"https:\/\/emekkablo.com\/tr\/wp-json\/wp\/v2\/product\/20764","targetHints":{"allow":["GET"]}}],"collection":[{"href":"https:\/\/emekkablo.com\/tr\/wp-json\/wp\/v2\/product"}],"about":[{"href":"https:\/\/emekkablo.com\/tr\/wp-json\/wp\/v2\/types\/product"}],"wp:featuredmedia":[{"embeddable":true,"href":"https:\/\/emekkablo.com\/tr\/wp-json\/wp\/v2\/media\/20765"}],"wp:attachment":[{"href":"https:\/\/emekkablo.com\/tr\/wp-json\/wp\/v2\/media?parent=20764"}],"wp:term":[{"taxonomy":"product_brand","embeddable":true,"href":"https:\/\/emekkablo.com\/tr\/wp-json\/wp\/v2\/product_brand?post=20764"},{"taxonomy":"product_cat","embeddable":true,"href":"https:\/\/emekkablo.com\/tr\/wp-json\/wp\/v2\/product_cat?post=20764"},{"taxonomy":"product_tag","embeddable":true,"href":"https:\/\/emekkablo.com\/tr\/wp-json\/wp\/v2\/product_tag?post=20764"}],"curies":[{"name":"wp","href":"https:\/\/api.w.org\/{rel}","templated":true}]}}