{"id":20849,"date":"2025-08-01T16:33:42","date_gmt":"2025-08-01T13:33:42","guid":{"rendered":"https:\/\/emekkablo.com\/?post_type=product&#038;p=20849"},"modified":"2025-08-21T18:06:01","modified_gmt":"2025-08-21T15:06:01","slug":"fire-qing","status":"publish","type":"product","link":"https:\/\/emekkablo.com\/tr\/product\/fire-qing\/","title":{"rendered":"FIRE QING"},"content":{"rendered":"","protected":false},"excerpt":{"rendered":"<div class=\"woocommerce-sg-product-excerpt\">\n<div class=\"woocommerce-product-details__short-description\">\n<p data-start=\"27\" data-end=\"326\"><strong>Alev geciktirici \u00f6zellikte,<\/strong> <strong>d\u00fc\u015f\u00fck duman<\/strong> emisyonlu, <strong>halojensiz ve zehirli\/korozyonlu gaz yaymayan<\/strong> yap\u0131dad\u0131r. <strong>180 dakika boyunca devre b\u00fct\u00fcnl\u00fc\u011f\u00fc<\/strong> sa\u011flar. <strong>Darbeye (PH 120)<\/strong> ve <strong>suya (EK-E)<\/strong> kar\u015f\u0131 dayan\u0131kl\u0131d\u0131r. <strong>CWZ<\/strong> performans\u0131 <strong>BS<\/strong> standartlar\u0131na uygundur.<\/p>\n<\/div>\n<div style=\"padding-top: 16px;\"><a class=\"woocommerce-print-products-pdf-link woocommerce-print-products-pdf-button btn theme-btn theme-button\" href=\"https:\/\/emekkablo.com\/wp-content\/uploads\/2025\/08\/FIREQING_210825_V4.pdf\" target=\"_blank\" rel=\"noopener\"><i class=\"fa fa-file-pdf fa-lg\"><\/i>\u00a0PDF \u0130ndir<\/a><\/div>\n<\/div>\n","protected":false},"featured_media":20850,"template":"","meta":{"_joinchat":[]},"product_brand":[],"product_cat":[84],"product_tag":[],"class_list":{"0":"post-20849","1":"product","2":"type-product","3":"status-publish","4":"has-post-thumbnail","6":"product_cat-yangina-dayanikli-kablolar","8":"first","9":"instock","10":"shipping-taxable","11":"product-type-grouped"},"_links":{"self":[{"href":"https:\/\/emekkablo.com\/tr\/wp-json\/wp\/v2\/product\/20849","targetHints":{"allow":["GET"]}}],"collection":[{"href":"https:\/\/emekkablo.com\/tr\/wp-json\/wp\/v2\/product"}],"about":[{"href":"https:\/\/emekkablo.com\/tr\/wp-json\/wp\/v2\/types\/product"}],"wp:featuredmedia":[{"embeddable":true,"href":"https:\/\/emekkablo.com\/tr\/wp-json\/wp\/v2\/media\/20850"}],"wp:attachment":[{"href":"https:\/\/emekkablo.com\/tr\/wp-json\/wp\/v2\/media?parent=20849"}],"wp:term":[{"taxonomy":"product_brand","embeddable":true,"href":"https:\/\/emekkablo.com\/tr\/wp-json\/wp\/v2\/product_brand?post=20849"},{"taxonomy":"product_cat","embeddable":true,"href":"https:\/\/emekkablo.com\/tr\/wp-json\/wp\/v2\/product_cat?post=20849"},{"taxonomy":"product_tag","embeddable":true,"href":"https:\/\/emekkablo.com\/tr\/wp-json\/wp\/v2\/product_tag?post=20849"}],"curies":[{"name":"wp","href":"https:\/\/api.w.org\/{rel}","templated":true}]}}